{"id":1158,"date":"2024-03-14T10:27:02","date_gmt":"2024-03-14T09:27:02","guid":{"rendered":"https:\/\/rapasol.cz\/cac-dich-vu\/dich-vu-tu-van-cho-nhan-vien\/"},"modified":"2024-03-14T10:27:03","modified_gmt":"2024-03-14T09:27:03","slug":"dich-vu-tu-van-cho-nhan-vien","status":"publish","type":"page","link":"https:\/\/rapasol.cz\/vi\/cac-dich-vu\/dich-vu-tu-van-cho-nhan-vien\/","title":{"rendered":"Di\u0323ch vu\u0323 t\u01b0 v\u00e2\u0301n cho nh\u00e2n vi\u00ean"},"content":{"rendered":"<div class=\"fusion-fullwidth fullwidth-box fusion-builder-row-1 fusion-flex-container has-pattern-background has-mask-background nonhundred-percent-fullwidth non-hundred-percent-height-scrolling\" style=\"--awb-border-radius-top-left:0px;--awb-border-radius-top-right:0px;--awb-border-radius-bottom-right:0px;--awb-border-radius-bottom-left:0px;\" ><div class=\"fusion-builder-row fusion-row fusion-flex-align-items-flex-start fusion-flex-justify-content-space-between\" style=\"max-width:1414.4px;margin-left: calc(-4% \/ 2 );margin-right: calc(-4% \/ 2 );\"><div class=\"fusion-layout-column fusion_builder_column fusion-builder-column-0 fusion_builder_column_3_5 3_5 fusion-flex-column\" style=\"--awb-bg-size:cover;--awb-width-large:60%;--awb-spacing-right-large:3.2%;--awb-spacing-left-large:3.2%;--awb-width-medium:60%;--awb-order-medium:0;--awb-spacing-right-medium:3.2%;--awb-spacing-left-medium:3.2%;--awb-width-small:100%;--awb-order-small:0;--awb-spacing-right-small:1.92%;--awb-spacing-left-small:1.92%;\"><div class=\"fusion-column-wrapper fusion-column-has-shadow fusion-flex-justify-content-flex-start fusion-content-layout-column\"><div class=\"fusion-text fusion-text-1\"><p>Di\u0323ch vu\u0323 t\u01b0 v\u00e2\u0301n cho nh\u00e2n vi\u00ean, t\u01b0 v\u00e2\u0301n nh\u00e2n s\u01b0\u0323 a&nbsp;, cung c\u00e2\u0301p th\u00f4ng tin cho ca\u0301c \u01b0\u0301ng c\u1eed vi\u00ean ti\u0300m vi\u00ea\u0323c la\u0300m o&nbsp;a&nbsp;chuy\u00ean ti\u0300m ki\u00ea\u0301m ca\u0301c c\u01a1 h\u00f4\u0323i vi\u00ea\u0323c la\u0300m ph\u00f9 h\u01a1\u0323p cho ca\u0301c ca\u0301 nh\u00e2n. M\u1ed9t ph\u00e2\u0300n trong di\u0323ch vu\u0323 cu\u0309a chu\u0301ng t\u00f4i la\u0300 h\u1ed7 tr\u01a1\u0323 ti\u0300m vi\u00ea\u0323c la\u0300m ph\u00f9 h\u01a1\u0323p, \u0111a\u0309m ba\u0309o r\u0103\u0300ng \u01b0\u0301ng c\u1eed vi\u00ean \u0111\u00e3 s\u1eb5n sa\u0300ng cho c\u00f4ng vi\u00ea\u0323c m\u01a1\u0301i cu\u0303ng nh\u01b0 \u0111a\u0300o t\u1ea1o l\u1ea1i nh\u0103\u0300m n\u00e2ng cao tri\u0300nh \u0111\u00f4\u0323 chuy\u00ean m\u00f4n cu\u0309a \u01b0\u0301ng c\u1eed vi\u00ean. Chu\u0301ng t\u00f4i cung c\u00e2\u0301p cho nh\u00e2n vi\u00ean cu\u0309a mi\u0300nh nh\u01b0\u0303ng di\u0323ch vu\u0323 cao c\u00e2\u0301p va\u0300 h\u1ed7 tr\u01a1\u0323 giu\u0301p \u0111\u1ee1, bao g\u1ed3m ca\u0309 t\u01b0 v\u00e2\u0301n, nha\u0300 \u01a1\u0309 va\u0300 giao th\u00f4ng \u0111i l\u1ea1i t\u01a1\u0301i n\u01a1i la\u0300m vi\u00ea\u0323c.  <\/p>\n<\/div><\/div><\/div><div class=\"fusion-layout-column fusion_builder_column fusion-builder-column-1 fusion_builder_column_2_5 2_5 fusion-flex-column fusion-animated\" style=\"--awb-bg-size:cover;--awb-transition:filter 300ms linear, transform 300ms linear;--awb-width-large:40%;--awb-spacing-right-large:4.8%;--awb-spacing-left-large:4.8%;--awb-width-medium:40%;--awb-order-medium:0;--awb-spacing-right-medium:4.8%;--awb-spacing-left-medium:4.8%;--awb-width-small:100%;--awb-order-small:0;--awb-spacing-right-small:1.92%;--awb-spacing-left-small:1.92%;\" data-animationType=\"fadeInUp\" data-animationDuration=\"0.5\" data-animationOffset=\"top-into-view\"><div class=\"fusion-column-wrapper fusion-column-has-shadow fusion-flex-justify-content-flex-start fusion-content-layout-column\"><div class=\"fusion-image-element \"><span class=\" fusion-imageframe imageframe-none imageframe-1 hover-type-none\"><img decoding=\"async\" width=\"1000\" height=\"665\" alt=\"Poradensk\u00e1 \u010dinnost pro zam\u011bstnance (1)\" title=\"Poradensk\u00e1 \u010dinnost pro zam\u011bstnance (1)\" src=\"https:\/\/rapasol.cz\/wp-content\/uploads\/2023\/11\/Poradenska-cinnost-pro-zamestnance-1.jpg\" data-orig-src=\"https:\/\/rapasol.cz\/wp-content\/uploads\/2023\/11\/Poradenska-cinnost-pro-zamestnance-1.jpg\" class=\"lazyload img-responsive wp-image-586\" srcset=\"data:image\/svg+xml,%3Csvg%20xmlns%3D%27http%3A%2F%2Fwww.w3.org%2F2000%2Fsvg%27%20width%3D%271000%27%20height%3D%27665%27%20viewBox%3D%270%200%201000%20665%27%3E%3Crect%20width%3D%271000%27%20height%3D%27665%27%20fill-opacity%3D%220%22%2F%3E%3C%2Fsvg%3E\" data-srcset=\"https:\/\/rapasol.cz\/wp-content\/uploads\/2023\/11\/Poradenska-cinnost-pro-zamestnance-1-200x133.jpg 200w, https:\/\/rapasol.cz\/wp-content\/uploads\/2023\/11\/Poradenska-cinnost-pro-zamestnance-1-400x266.jpg 400w, https:\/\/rapasol.cz\/wp-content\/uploads\/2023\/11\/Poradenska-cinnost-pro-zamestnance-1-600x399.jpg 600w, https:\/\/rapasol.cz\/wp-content\/uploads\/2023\/11\/Poradenska-cinnost-pro-zamestnance-1-800x532.jpg 800w, https:\/\/rapasol.cz\/wp-content\/uploads\/2023\/11\/Poradenska-cinnost-pro-zamestnance-1.jpg 1000w\" data-sizes=\"auto\" data-orig-sizes=\"(max-width: 640px) 100vw, 600px\" \/><\/span><\/div><\/div><\/div><\/div><\/div>\n","protected":false},"excerpt":{"rendered":"","protected":false},"author":2,"featured_media":0,"parent":1152,"menu_order":0,"comment_status":"closed","ping_status":"closed","template":"100-width.php","meta":{"footnotes":""},"class_list":["post-1158","page","type-page","status-publish","hentry"],"acf":[],"yoast_head":"<!-- This site is optimized with the Yoast SEO plugin v27.3 - https:\/\/yoast.com\/product\/yoast-seo-wordpress\/ -->\n<title>Di\u0323ch vu\u0323 t\u01b0 v\u00e2\u0301n cho nh\u00e2n vi\u00ean - RAPASOL CZ, s. r. o.<\/title>\n<meta name=\"robots\" content=\"index, follow, max-snippet:-1, max-image-preview:large, max-video-preview:-1\" \/>\n<link rel=\"canonical\" href=\"https:\/\/rapasol.cz\/vi\/cac-dich-vu\/dich-vu-tu-van-cho-nhan-vien\/\" \/>\n<meta property=\"og:locale\" content=\"vi_VN\" \/>\n<meta property=\"og:type\" content=\"article\" \/>\n<meta property=\"og:title\" content=\"Di\u0323ch vu\u0323 t\u01b0 v\u00e2\u0301n cho nh\u00e2n vi\u00ean - RAPASOL CZ, s. r. o.\" \/>\n<meta property=\"og:url\" content=\"https:\/\/rapasol.cz\/vi\/cac-dich-vu\/dich-vu-tu-van-cho-nhan-vien\/\" \/>\n<meta property=\"og:site_name\" content=\"RAPASOL CZ, s. r. o.\" \/>\n<meta property=\"article:publisher\" content=\"https:\/\/www.facebook.com\/rapasol.cz\" \/>\n<meta property=\"article:modified_time\" content=\"2024-03-14T09:27:03+00:00\" \/>\n<meta name=\"twitter:card\" content=\"summary_large_image\" \/>\n<meta name=\"twitter:label1\" content=\"Est. reading time\" \/>\n\t<meta name=\"twitter:data1\" content=\"6 minutes\" \/>\n<script type=\"application\/ld+json\" class=\"yoast-schema-graph\">{\"@context\":\"https:\\\/\\\/schema.org\",\"@graph\":[{\"@type\":\"WebPage\",\"@id\":\"https:\\\/\\\/rapasol.cz\\\/vi\\\/cac-dich-vu\\\/dich-vu-tu-van-cho-nhan-vien\\\/\",\"url\":\"https:\\\/\\\/rapasol.cz\\\/vi\\\/cac-dich-vu\\\/dich-vu-tu-van-cho-nhan-vien\\\/\",\"name\":\"Di\u0323ch vu\u0323 t\u01b0 v\u00e2\u0301n cho nh\u00e2n vi\u00ean - RAPASOL CZ, s. r. o.\",\"isPartOf\":{\"@id\":\"https:\\\/\\\/rapasol.cz\\\/vi\\\/#website\"},\"datePublished\":\"2024-03-14T09:27:02+00:00\",\"dateModified\":\"2024-03-14T09:27:03+00:00\",\"breadcrumb\":{\"@id\":\"https:\\\/\\\/rapasol.cz\\\/vi\\\/cac-dich-vu\\\/dich-vu-tu-van-cho-nhan-vien\\\/#breadcrumb\"},\"inLanguage\":\"vi-VN\",\"potentialAction\":[{\"@type\":\"ReadAction\",\"target\":[\"https:\\\/\\\/rapasol.cz\\\/vi\\\/cac-dich-vu\\\/dich-vu-tu-van-cho-nhan-vien\\\/\"]}]},{\"@type\":\"BreadcrumbList\",\"@id\":\"https:\\\/\\\/rapasol.cz\\\/vi\\\/cac-dich-vu\\\/dich-vu-tu-van-cho-nhan-vien\\\/#breadcrumb\",\"itemListElement\":[{\"@type\":\"ListItem\",\"position\":1,\"name\":\"Trang ch\u1ee7\",\"item\":\"https:\\\/\\\/rapasol.cz\\\/vi\\\/\"},{\"@type\":\"ListItem\",\"position\":2,\"name\":\"Ca\u0301c di\u0323ch vu\u0323\",\"item\":\"https:\\\/\\\/rapasol.cz\\\/vi\\\/sluzby\\\/\"},{\"@type\":\"ListItem\",\"position\":3,\"name\":\"Di\u0323ch vu\u0323 t\u01b0 v\u00e2\u0301n cho nh\u00e2n vi\u00ean\"}]},{\"@type\":\"WebSite\",\"@id\":\"https:\\\/\\\/rapasol.cz\\\/vi\\\/#website\",\"url\":\"https:\\\/\\\/rapasol.cz\\\/vi\\\/\",\"name\":\"RAPASOL CZ, s. r. o.\",\"description\":\"Specializujeme se na zprost\u0159edkov\u00e1n\u00ed zam\u011bstn\u00e1n\u00ed do pr\u016fmyslov\u00fdch odv\u011btv\u00ed, zejm\u00e9na do v\u00fdrobn\u00edch a distribu\u010dn\u00edch spole\u010dnost\u00ed.\",\"potentialAction\":[{\"@type\":\"SearchAction\",\"target\":{\"@type\":\"EntryPoint\",\"urlTemplate\":\"https:\\\/\\\/rapasol.cz\\\/vi\\\/?s={search_term_string}\"},\"query-input\":{\"@type\":\"PropertyValueSpecification\",\"valueRequired\":true,\"valueName\":\"search_term_string\"}}],\"inLanguage\":\"vi-VN\"}]}<\/script>\n<!-- \/ Yoast SEO plugin. -->","yoast_head_json":{"title":"Di\u0323ch vu\u0323 t\u01b0 v\u00e2\u0301n cho nh\u00e2n vi\u00ean - RAPASOL CZ, s. r. o.","robots":{"index":"index","follow":"follow","max-snippet":"max-snippet:-1","max-image-preview":"max-image-preview:large","max-video-preview":"max-video-preview:-1"},"canonical":"https:\/\/rapasol.cz\/vi\/cac-dich-vu\/dich-vu-tu-van-cho-nhan-vien\/","og_locale":"vi_VN","og_type":"article","og_title":"Di\u0323ch vu\u0323 t\u01b0 v\u00e2\u0301n cho nh\u00e2n vi\u00ean - RAPASOL CZ, s. r. o.","og_url":"https:\/\/rapasol.cz\/vi\/cac-dich-vu\/dich-vu-tu-van-cho-nhan-vien\/","og_site_name":"RAPASOL CZ, s. r. o.","article_publisher":"https:\/\/www.facebook.com\/rapasol.cz","article_modified_time":"2024-03-14T09:27:03+00:00","twitter_card":"summary_large_image","twitter_misc":{"Est. reading time":"6 minutes"},"schema":{"@context":"https:\/\/schema.org","@graph":[{"@type":"WebPage","@id":"https:\/\/rapasol.cz\/vi\/cac-dich-vu\/dich-vu-tu-van-cho-nhan-vien\/","url":"https:\/\/rapasol.cz\/vi\/cac-dich-vu\/dich-vu-tu-van-cho-nhan-vien\/","name":"Di\u0323ch vu\u0323 t\u01b0 v\u00e2\u0301n cho nh\u00e2n vi\u00ean - RAPASOL CZ, s. r. o.","isPartOf":{"@id":"https:\/\/rapasol.cz\/vi\/#website"},"datePublished":"2024-03-14T09:27:02+00:00","dateModified":"2024-03-14T09:27:03+00:00","breadcrumb":{"@id":"https:\/\/rapasol.cz\/vi\/cac-dich-vu\/dich-vu-tu-van-cho-nhan-vien\/#breadcrumb"},"inLanguage":"vi-VN","potentialAction":[{"@type":"ReadAction","target":["https:\/\/rapasol.cz\/vi\/cac-dich-vu\/dich-vu-tu-van-cho-nhan-vien\/"]}]},{"@type":"BreadcrumbList","@id":"https:\/\/rapasol.cz\/vi\/cac-dich-vu\/dich-vu-tu-van-cho-nhan-vien\/#breadcrumb","itemListElement":[{"@type":"ListItem","position":1,"name":"Trang ch\u1ee7","item":"https:\/\/rapasol.cz\/vi\/"},{"@type":"ListItem","position":2,"name":"Ca\u0301c di\u0323ch vu\u0323","item":"https:\/\/rapasol.cz\/vi\/sluzby\/"},{"@type":"ListItem","position":3,"name":"Di\u0323ch vu\u0323 t\u01b0 v\u00e2\u0301n cho nh\u00e2n vi\u00ean"}]},{"@type":"WebSite","@id":"https:\/\/rapasol.cz\/vi\/#website","url":"https:\/\/rapasol.cz\/vi\/","name":"RAPASOL CZ, s. r. o.","description":"Specializujeme se na zprost\u0159edkov\u00e1n\u00ed zam\u011bstn\u00e1n\u00ed do pr\u016fmyslov\u00fdch odv\u011btv\u00ed, zejm\u00e9na do v\u00fdrobn\u00edch a distribu\u010dn\u00edch spole\u010dnost\u00ed.","potentialAction":[{"@type":"SearchAction","target":{"@type":"EntryPoint","urlTemplate":"https:\/\/rapasol.cz\/vi\/?s={search_term_string}"},"query-input":{"@type":"PropertyValueSpecification","valueRequired":true,"valueName":"search_term_string"}}],"inLanguage":"vi-VN"}]}},"_links":{"self":[{"href":"https:\/\/rapasol.cz\/vi\/wp-json\/wp\/v2\/pages\/1158","targetHints":{"allow":["GET"]}}],"collection":[{"href":"https:\/\/rapasol.cz\/vi\/wp-json\/wp\/v2\/pages"}],"about":[{"href":"https:\/\/rapasol.cz\/vi\/wp-json\/wp\/v2\/types\/page"}],"author":[{"embeddable":true,"href":"https:\/\/rapasol.cz\/vi\/wp-json\/wp\/v2\/users\/2"}],"replies":[{"embeddable":true,"href":"https:\/\/rapasol.cz\/vi\/wp-json\/wp\/v2\/comments?post=1158"}],"version-history":[{"count":2,"href":"https:\/\/rapasol.cz\/vi\/wp-json\/wp\/v2\/pages\/1158\/revisions"}],"predecessor-version":[{"id":1160,"href":"https:\/\/rapasol.cz\/vi\/wp-json\/wp\/v2\/pages\/1158\/revisions\/1160"}],"up":[{"embeddable":true,"href":"https:\/\/rapasol.cz\/vi\/wp-json\/wp\/v2\/pages\/1152"}],"wp:attachment":[{"href":"https:\/\/rapasol.cz\/vi\/wp-json\/wp\/v2\/media?parent=1158"}],"curies":[{"name":"wp","href":"https:\/\/api.w.org\/{rel}","templated":true}]}}