{"id":1152,"date":"2024-03-14T10:15:08","date_gmt":"2024-03-14T09:15:08","guid":{"rendered":"https:\/\/rapasol.cz\/cac-dich-vu\/"},"modified":"2024-03-14T12:15:40","modified_gmt":"2024-03-14T11:15:40","slug":"cac-dich-vu","status":"publish","type":"page","link":"https:\/\/rapasol.cz\/vi\/cac-dich-vu\/","title":{"rendered":"Ca\u0301c di\u0323ch vu\u0323"},"content":{"rendered":"<div class=\"fusion-fullwidth fullwidth-box fusion-builder-row-1 fusion-flex-container has-pattern-background has-mask-background nonhundred-percent-fullwidth non-hundred-percent-height-scrolling\" style=\"--awb-border-radius-top-left:0px;--awb-border-radius-top-right:0px;--awb-border-radius-bottom-right:0px;--awb-border-radius-bottom-left:0px;--awb-padding-bottom:6rem;\" ><div class=\"fusion-builder-row fusion-row fusion-flex-align-items-flex-start\" style=\"max-width:1414.4px;margin-left: calc(-4% \/ 2 );margin-right: calc(-4% \/ 2 );\"><div class=\"fusion-layout-column fusion_builder_column fusion-builder-column-0 fusion_builder_column_1_3 1_3 fusion-flex-column fusion-flex-align-self-stretch fusion-column-inner-bg-wrapper fusion-column-hover-type-liftup fusion-column-liftup-border fusion-animated\" style=\"--awb-padding-top:38px;--awb-padding-right:24px;--awb-padding-bottom:38px;--awb-padding-left:24px;--awb-inner-bg-color:var(--awb-color1);--awb-inner-bg-size:cover;--awb-border-color:rgba(67,69,73,0.14);--awb-inner-border-color:rgba(67,69,73,0.14);--awb-border-top:1px;--awb-inner-border-top:1px;--awb-border-right:1px;--awb-inner-border-right:1px;--awb-border-bottom:1px;--awb-inner-border-bottom:1px;--awb-border-left:1px;--awb-inner-border-left:1px;--awb-border-style:solid;--awb-inner-border-style:solid;--awb-width-large:33.333333333333%;--awb-spacing-right-large:14px;--awb-spacing-left-large:14px;--awb-width-medium:33.333333333333%;--awb-order-medium:0;--awb-spacing-right-medium:14px;--awb-spacing-left-medium:14px;--awb-width-small:100%;--awb-order-small:0;--awb-spacing-right-small:1.92%;--awb-spacing-left-small:1.92%;\" data-animationType=\"fadeInUp\" data-animationDuration=\"0.3\" data-animationOffset=\"top-into-view\"><span class=\"fusion-column-inner-bg hover-type-liftup\"><a class=\"fusion-column-anchor\" href=\"\/vi\/cac-dich-vu\/dich-vu-tu-van-cho-nhan-vien \"><span class=\"fusion-column-inner-bg-image\"><\/span><\/a><\/span><div class=\"fusion-column-wrapper fusion-flex-justify-content-space-between fusion-content-layout-column\"><div><i class=\"fb-icon-element-1 fb-icon-element fontawesome-icon fa-briefcase fas circle-no fusion-text-flow\" style=\"--awb-iconcolor:var(--awb-color5);--awb-iconcolor-hover:var(--awb-color5);--awb-font-size:40px;--awb-margin-bottom:34px;\"><\/i><div class=\"fusion-title title fusion-title-1 fusion-sep-none fusion-title-text fusion-title-size-three\" style=\"--awb-margin-bottom:0px;\"><h3 class=\"title-heading-left\" style=\"margin:0;\">Di\u0323ch vu\u0323 t\u01b0 v\u00e2\u0301n cho nh\u00e2n vi\u00ean<\/h3><\/div><div class=\"fusion-text fusion-text-1\" style=\"--awb-font-size:14px;--awb-margin-top:14px;\"><p>Di\u0323ch vu\u0323 t\u01b0 v\u00e2\u0301n cho nh\u00e2n vi\u00ean, t\u01b0 v\u00e2\u0301n nh\u00e2n s\u01b0\u0323 a&nbsp;, cung c\u00e2\u0301p th\u00f4ng tin cho ca\u0301c \u01b0\u0301ng c\u1eed vi\u00ean ti\u0300m vi\u00ea\u0323c la\u0300m o&nbsp;a&nbsp;chuy\u00ean ti\u0300m ki\u00ea\u0301m ca\u0301c c\u01a1 h\u00f4\u0323i vi\u00ea\u0323c la\u0300m ph\u00f9 h\u01a1\u0323p cho ca\u0301c ca\u0301 nh\u00e2n.<\/p>\n<\/div><\/div><i class=\"fb-icon-element-2 fb-icon-element fontawesome-icon fa-arrow-right fas circle-yes fusion-text-flow\" style=\"--awb-iconcolor:var(--awb-color5);--awb-iconcolor-hover:var(--awb-color5);--awb-circlecolor:var(--awb-color2);--awb-circlecolor-hover:var(--awb-color2);--awb-circlebordersize:0px;--awb-font-size:14.96px;--awb-width:29.92px;--awb-height:29.92px;--awb-line-height:29.92px;--awb-margin-right:8.5px;\"><\/i><\/div><\/div><div class=\"fusion-layout-column fusion_builder_column fusion-builder-column-1 fusion_builder_column_1_3 1_3 fusion-flex-column fusion-flex-align-self-stretch fusion-column-inner-bg-wrapper fusion-column-hover-type-liftup fusion-column-liftup-border fusion-animated\" style=\"--awb-padding-top:38px;--awb-padding-right:24px;--awb-padding-bottom:38px;--awb-padding-left:24px;--awb-inner-bg-color:var(--awb-color1);--awb-inner-bg-size:cover;--awb-border-color:rgba(67,69,73,0.14);--awb-inner-border-color:rgba(67,69,73,0.14);--awb-border-top:1px;--awb-inner-border-top:1px;--awb-border-right:1px;--awb-inner-border-right:1px;--awb-border-bottom:1px;--awb-inner-border-bottom:1px;--awb-border-left:1px;--awb-inner-border-left:1px;--awb-border-style:solid;--awb-inner-border-style:solid;--awb-width-large:33.333333333333%;--awb-spacing-right-large:14px;--awb-spacing-left-large:14px;--awb-width-medium:33.333333333333%;--awb-order-medium:0;--awb-spacing-right-medium:14px;--awb-spacing-left-medium:14px;--awb-width-small:100%;--awb-order-small:0;--awb-spacing-right-small:1.92%;--awb-spacing-left-small:1.92%;\" data-animationType=\"fadeInUp\" data-animationDuration=\"0.3\" data-animationDelay=\"0.2\" data-animationOffset=\"top-into-view\"><span class=\"fusion-column-inner-bg hover-type-liftup\"><a class=\"fusion-column-anchor\" href=\"\/vi\/cac-dich-vu\/dich-vu-tu-van-chu-lao-dong\"><span class=\"fusion-column-inner-bg-image\"><\/span><\/a><\/span><div class=\"fusion-column-wrapper fusion-flex-justify-content-space-between fusion-content-layout-column\"><div><i class=\"fb-icon-element-3 fb-icon-element fontawesome-icon fa-search-plus fas circle-no fusion-text-flow\" style=\"--awb-iconcolor:var(--awb-color5);--awb-iconcolor-hover:var(--awb-color5);--awb-font-size:40px;--awb-margin-bottom:34px;\"><\/i><div class=\"fusion-title title fusion-title-2 fusion-sep-none fusion-title-text fusion-title-size-three\" style=\"--awb-margin-bottom:0px;\"><h3 class=\"title-heading-left\" style=\"margin:0;\">Di\u0323ch vu\u0323 t\u01b0 v\u00e2\u0301n chu\u0309 lao \u0111\u00f4\u0323ng<\/h3><\/div><div class=\"fusion-text fusion-text-2\" style=\"--awb-font-size:14px;--awb-margin-top:14px;\"><p>Chu\u0301ng t\u00f4i cung c\u00e2\u0301p di\u0323ch vu\u0323 t\u01b0 v\u00e2\u0301n nh\u00e2n s\u01b0\u0323 cho chu\u0309 lao \u0111\u00f4\u0323ng b\u0103\u0300ng vi\u00ea\u0323c ti\u0300m ki\u00ea\u0301m ca\u0301c nh\u00e2n s\u01b0\u0323 co\u0301 tay ngh\u00ea\u0300 cu\u0303ng nh\u01b0 chuy\u00ean m\u00f4n cao cho ca\u0301c c\u00f4ng ty.<\/p>\n<\/div><\/div><i class=\"fb-icon-element-4 fb-icon-element fontawesome-icon fa-arrow-right fas circle-yes fusion-text-flow\" style=\"--awb-iconcolor:var(--awb-color5);--awb-iconcolor-hover:var(--awb-color5);--awb-circlecolor:var(--awb-color2);--awb-circlecolor-hover:var(--awb-color2);--awb-circlebordersize:0px;--awb-font-size:14.96px;--awb-width:29.92px;--awb-height:29.92px;--awb-line-height:29.92px;--awb-margin-right:8.5px;\"><\/i><\/div><\/div><div class=\"fusion-layout-column fusion_builder_column fusion-builder-column-2 fusion_builder_column_1_3 1_3 fusion-flex-column fusion-flex-align-self-stretch fusion-column-inner-bg-wrapper fusion-column-hover-type-liftup fusion-column-liftup-border fusion-animated\" style=\"--awb-padding-top:38px;--awb-padding-right:24px;--awb-padding-bottom:38px;--awb-padding-left:24px;--awb-inner-bg-color:var(--awb-color1);--awb-inner-bg-size:cover;--awb-border-color:rgba(67,69,73,0.14);--awb-inner-border-color:rgba(67,69,73,0.14);--awb-border-top:1px;--awb-inner-border-top:1px;--awb-border-right:1px;--awb-inner-border-right:1px;--awb-border-bottom:1px;--awb-inner-border-bottom:1px;--awb-border-left:1px;--awb-inner-border-left:1px;--awb-border-style:solid;--awb-inner-border-style:solid;--awb-width-large:33.333333333333%;--awb-spacing-right-large:14px;--awb-spacing-left-large:14px;--awb-width-medium:33.333333333333%;--awb-order-medium:0;--awb-spacing-right-medium:14px;--awb-spacing-left-medium:14px;--awb-width-small:100%;--awb-order-small:0;--awb-spacing-right-small:1.92%;--awb-spacing-left-small:1.92%;\" data-animationType=\"fadeInUp\" data-animationDuration=\"0.3\" data-animationDelay=\"0.4\" data-animationOffset=\"top-into-view\"><span class=\"fusion-column-inner-bg hover-type-liftup\"><a class=\"fusion-column-anchor\" href=\"\/vi\/cac-dich-vu\/moi-gloi-viec-lam \"><span class=\"fusion-column-inner-bg-image\"><\/span><\/a><\/span><div class=\"fusion-column-wrapper fusion-flex-justify-content-space-between fusion-content-layout-column\"><div><i class=\"fb-icon-element-5 fb-icon-element fontawesome-icon fa-info-circle fas circle-no fusion-text-flow\" style=\"--awb-iconcolor:var(--awb-color5);--awb-iconcolor-hover:var(--awb-color5);--awb-font-size:40px;--awb-margin-bottom:34px;\"><\/i><div class=\"fusion-title title fusion-title-3 fusion-sep-none fusion-title-text fusion-title-size-three\" style=\"--awb-margin-bottom:0px;\"><h3 class=\"title-heading-left\" style=\"margin:0;\">M\u00f4i gi\u01a1\u0301i vi\u00ea\u0323c la\u0300m<\/h3><\/div><div class=\"fusion-text fusion-text-3\" style=\"--awb-font-size:14px;--awb-margin-top:14px;\"><p>Di\u0323ch vu\u0323 chuy\u00ean m\u00f4i gi\u01a1\u0301i nh\u00e2n s\u01b0\u0323 cho ca\u0301c nga\u0300nh c\u00f4ng nghi\u00ea\u0323p \u0111ang co\u0301 nhu c\u00e2\u0300u tuy\u00ea\u0309n du\u0323ng, \u0111\u0103\u0323c bi\u00ea\u0323t trong nga\u0300nh sa\u0309n xu\u00e2\u0301t va\u0300 ch\u00ea\u0301 bi\u00ea\u0301n (c\u00f4ng nghi\u00ea\u0323p \u00f4t\u00f4, ma\u0301y mo\u0301c, sa\u0309n xu\u00e2\u0301t nh\u01b0\u0323a, th\u01b0\u0323c ph\u1ea9m, x\u00e2y d\u01b0\u0323ng, ki\u0303 thu\u00e2\u0323t \u0111i\u00ea\u0323n t\u1eed).<\/p>\n<\/div><\/div><i class=\"fb-icon-element-6 fb-icon-element fontawesome-icon fa-arrow-right fas circle-yes fusion-text-flow\" style=\"--awb-iconcolor:var(--awb-color5);--awb-iconcolor-hover:var(--awb-color5);--awb-circlecolor:var(--awb-color2);--awb-circlecolor-hover:var(--awb-color2);--awb-circlebordersize:0px;--awb-font-size:14.96px;--awb-width:29.92px;--awb-height:29.92px;--awb-line-height:29.92px;--awb-margin-right:8.5px;\"><\/i><\/div><\/div><\/div><\/div>\n","protected":false},"excerpt":{"rendered":"","protected":false},"author":2,"featured_media":0,"parent":0,"menu_order":0,"comment_status":"closed","ping_status":"closed","template":"100-width.php","meta":{"footnotes":""},"class_list":["post-1152","page","type-page","status-publish","hentry"],"acf":[],"yoast_head":"<!-- This site is optimized with the Yoast SEO plugin v27.3 - https:\/\/yoast.com\/product\/yoast-seo-wordpress\/ -->\n<title>Ca\u0301c di\u0323ch vu\u0323 - RAPASOL CZ, s. r. o.<\/title>\n<meta name=\"robots\" content=\"index, follow, max-snippet:-1, max-image-preview:large, max-video-preview:-1\" \/>\n<link rel=\"canonical\" href=\"https:\/\/rapasol.cz\/vi\/cac-dich-vu\/\" \/>\n<meta property=\"og:locale\" content=\"vi_VN\" \/>\n<meta property=\"og:type\" content=\"article\" \/>\n<meta property=\"og:title\" content=\"Ca\u0301c di\u0323ch vu\u0323 - RAPASOL CZ, s. r. o.\" \/>\n<meta property=\"og:url\" content=\"https:\/\/rapasol.cz\/vi\/cac-dich-vu\/\" \/>\n<meta property=\"og:site_name\" content=\"RAPASOL CZ, s. r. o.\" \/>\n<meta property=\"article:publisher\" content=\"https:\/\/www.facebook.com\/rapasol.cz\" \/>\n<meta property=\"article:modified_time\" content=\"2024-03-14T11:15:40+00:00\" \/>\n<meta name=\"twitter:card\" content=\"summary_large_image\" \/>\n<meta name=\"twitter:label1\" content=\"Est. reading time\" \/>\n\t<meta name=\"twitter:data1\" content=\"16 minutes\" \/>\n<script type=\"application\/ld+json\" class=\"yoast-schema-graph\">{\"@context\":\"https:\\\/\\\/schema.org\",\"@graph\":[{\"@type\":\"WebPage\",\"@id\":\"https:\\\/\\\/rapasol.cz\\\/vi\\\/cac-dich-vu\\\/\",\"url\":\"https:\\\/\\\/rapasol.cz\\\/vi\\\/cac-dich-vu\\\/\",\"name\":\"Ca\u0301c di\u0323ch vu\u0323 - RAPASOL CZ, s. r. o.\",\"isPartOf\":{\"@id\":\"https:\\\/\\\/rapasol.cz\\\/vi\\\/#website\"},\"datePublished\":\"2024-03-14T09:15:08+00:00\",\"dateModified\":\"2024-03-14T11:15:40+00:00\",\"breadcrumb\":{\"@id\":\"https:\\\/\\\/rapasol.cz\\\/vi\\\/cac-dich-vu\\\/#breadcrumb\"},\"inLanguage\":\"vi-VN\",\"potentialAction\":[{\"@type\":\"ReadAction\",\"target\":[\"https:\\\/\\\/rapasol.cz\\\/vi\\\/cac-dich-vu\\\/\"]}]},{\"@type\":\"BreadcrumbList\",\"@id\":\"https:\\\/\\\/rapasol.cz\\\/vi\\\/cac-dich-vu\\\/#breadcrumb\",\"itemListElement\":[{\"@type\":\"ListItem\",\"position\":1,\"name\":\"Trang ch\u1ee7\",\"item\":\"https:\\\/\\\/rapasol.cz\\\/vi\\\/\"},{\"@type\":\"ListItem\",\"position\":2,\"name\":\"Ca\u0301c di\u0323ch vu\u0323\"}]},{\"@type\":\"WebSite\",\"@id\":\"https:\\\/\\\/rapasol.cz\\\/vi\\\/#website\",\"url\":\"https:\\\/\\\/rapasol.cz\\\/vi\\\/\",\"name\":\"RAPASOL CZ, s. r. o.\",\"description\":\"Specializujeme se na zprost\u0159edkov\u00e1n\u00ed zam\u011bstn\u00e1n\u00ed do pr\u016fmyslov\u00fdch odv\u011btv\u00ed, zejm\u00e9na do v\u00fdrobn\u00edch a distribu\u010dn\u00edch spole\u010dnost\u00ed.\",\"potentialAction\":[{\"@type\":\"SearchAction\",\"target\":{\"@type\":\"EntryPoint\",\"urlTemplate\":\"https:\\\/\\\/rapasol.cz\\\/vi\\\/?s={search_term_string}\"},\"query-input\":{\"@type\":\"PropertyValueSpecification\",\"valueRequired\":true,\"valueName\":\"search_term_string\"}}],\"inLanguage\":\"vi-VN\"}]}<\/script>\n<!-- \/ Yoast SEO plugin. -->","yoast_head_json":{"title":"Ca\u0301c di\u0323ch vu\u0323 - RAPASOL CZ, s. r. o.","robots":{"index":"index","follow":"follow","max-snippet":"max-snippet:-1","max-image-preview":"max-image-preview:large","max-video-preview":"max-video-preview:-1"},"canonical":"https:\/\/rapasol.cz\/vi\/cac-dich-vu\/","og_locale":"vi_VN","og_type":"article","og_title":"Ca\u0301c di\u0323ch vu\u0323 - RAPASOL CZ, s. r. o.","og_url":"https:\/\/rapasol.cz\/vi\/cac-dich-vu\/","og_site_name":"RAPASOL CZ, s. r. o.","article_publisher":"https:\/\/www.facebook.com\/rapasol.cz","article_modified_time":"2024-03-14T11:15:40+00:00","twitter_card":"summary_large_image","twitter_misc":{"Est. reading time":"16 minutes"},"schema":{"@context":"https:\/\/schema.org","@graph":[{"@type":"WebPage","@id":"https:\/\/rapasol.cz\/vi\/cac-dich-vu\/","url":"https:\/\/rapasol.cz\/vi\/cac-dich-vu\/","name":"Ca\u0301c di\u0323ch vu\u0323 - RAPASOL CZ, s. r. o.","isPartOf":{"@id":"https:\/\/rapasol.cz\/vi\/#website"},"datePublished":"2024-03-14T09:15:08+00:00","dateModified":"2024-03-14T11:15:40+00:00","breadcrumb":{"@id":"https:\/\/rapasol.cz\/vi\/cac-dich-vu\/#breadcrumb"},"inLanguage":"vi-VN","potentialAction":[{"@type":"ReadAction","target":["https:\/\/rapasol.cz\/vi\/cac-dich-vu\/"]}]},{"@type":"BreadcrumbList","@id":"https:\/\/rapasol.cz\/vi\/cac-dich-vu\/#breadcrumb","itemListElement":[{"@type":"ListItem","position":1,"name":"Trang ch\u1ee7","item":"https:\/\/rapasol.cz\/vi\/"},{"@type":"ListItem","position":2,"name":"Ca\u0301c di\u0323ch vu\u0323"}]},{"@type":"WebSite","@id":"https:\/\/rapasol.cz\/vi\/#website","url":"https:\/\/rapasol.cz\/vi\/","name":"RAPASOL CZ, s. r. o.","description":"Specializujeme se na zprost\u0159edkov\u00e1n\u00ed zam\u011bstn\u00e1n\u00ed do pr\u016fmyslov\u00fdch odv\u011btv\u00ed, zejm\u00e9na do v\u00fdrobn\u00edch a distribu\u010dn\u00edch spole\u010dnost\u00ed.","potentialAction":[{"@type":"SearchAction","target":{"@type":"EntryPoint","urlTemplate":"https:\/\/rapasol.cz\/vi\/?s={search_term_string}"},"query-input":{"@type":"PropertyValueSpecification","valueRequired":true,"valueName":"search_term_string"}}],"inLanguage":"vi-VN"}]}},"_links":{"self":[{"href":"https:\/\/rapasol.cz\/vi\/wp-json\/wp\/v2\/pages\/1152","targetHints":{"allow":["GET"]}}],"collection":[{"href":"https:\/\/rapasol.cz\/vi\/wp-json\/wp\/v2\/pages"}],"about":[{"href":"https:\/\/rapasol.cz\/vi\/wp-json\/wp\/v2\/types\/page"}],"author":[{"embeddable":true,"href":"https:\/\/rapasol.cz\/vi\/wp-json\/wp\/v2\/users\/2"}],"replies":[{"embeddable":true,"href":"https:\/\/rapasol.cz\/vi\/wp-json\/wp\/v2\/comments?post=1152"}],"version-history":[{"count":10,"href":"https:\/\/rapasol.cz\/vi\/wp-json\/wp\/v2\/pages\/1152\/revisions"}],"predecessor-version":[{"id":1200,"href":"https:\/\/rapasol.cz\/vi\/wp-json\/wp\/v2\/pages\/1152\/revisions\/1200"}],"wp:attachment":[{"href":"https:\/\/rapasol.cz\/vi\/wp-json\/wp\/v2\/media?parent=1152"}],"curies":[{"name":"wp","href":"https:\/\/api.w.org\/{rel}","templated":true}]}}