{"id":918,"date":"2024-02-20T13:44:56","date_gmt":"2024-02-20T12:44:56","guid":{"rendered":"https:\/\/rapasol.cz\/uilchilgee\/agyentlagyn-khodolmor-olgolt\/"},"modified":"2024-02-20T13:44:56","modified_gmt":"2024-02-20T12:44:56","slug":"agyentlagyn-khodolmor-olgolt","status":"publish","type":"page","link":"https:\/\/rapasol.cz\/mn\/uilchilgee\/agyentlagyn-khodolmor-olgolt\/","title":{"rendered":"\u0410\u0433\u0435\u043d\u0442\u043b\u0430\u0433\u0430\u0430\u0440 \u0430\u0436\u0438\u043b \u044d\u0440\u0445\u043b\u044d\u043b\u0442"},"content":{"rendered":"<div class=\"fusion-fullwidth fullwidth-box fusion-builder-row-1 fusion-flex-container has-pattern-background has-mask-background nonhundred-percent-fullwidth non-hundred-percent-height-scrolling\" style=\"--awb-border-radius-top-left:0px;--awb-border-radius-top-right:0px;--awb-border-radius-bottom-right:0px;--awb-border-radius-bottom-left:0px;\" ><div class=\"fusion-builder-row fusion-row fusion-flex-align-items-flex-start fusion-flex-justify-content-space-between\" style=\"max-width:1414.4px;margin-left: calc(-4% \/ 2 );margin-right: calc(-4% \/ 2 );\"><div class=\"fusion-layout-column fusion_builder_column fusion-builder-column-0 fusion_builder_column_1_2 1_2 fusion-flex-column\" style=\"--awb-bg-size:cover;--awb-width-large:50%;--awb-spacing-right-large:3.84%;--awb-spacing-left-large:3.84%;--awb-width-medium:50%;--awb-order-medium:0;--awb-spacing-right-medium:3.84%;--awb-spacing-left-medium:3.84%;--awb-width-small:100%;--awb-order-small:0;--awb-spacing-right-small:1.92%;--awb-spacing-left-small:1.92%;\"><div class=\"fusion-column-wrapper fusion-column-has-shadow fusion-flex-justify-content-flex-start fusion-content-layout-column\"><div class=\"fusion-text fusion-text-1\"><p>\u0425\u04e9\u0434\u04e9\u043b\u043c\u04e9\u0440 \u044d\u0440\u0445\u043b\u044d\u043b\u0442\u0438\u0439\u043d \u0430\u0433\u0435\u043d\u0442\u043b\u0430\u0433 \u043d\u044c <strong>\u0430\u0436\u0438\u043b\u0447\u0434\u044b\u0433 \u0448\u0430\u0430\u0440\u0434\u043b\u0430\u0433\u0430\u0442\u0430\u0439 \u04af\u0439\u043b\u0434\u0432\u044d\u0440\u043b\u044d\u043b\u0438\u0439\u043d \u0447\u0438\u0433\u043b\u044d\u043b\u044d\u044d\u0440<\/strong>, \u044f\u043b\u0430\u043d\u0433\u0443\u044f\u0430 <strong>\u04af\u0439\u043b\u0434\u0432\u044d\u0440\u043b\u044d\u043b\u0438\u0439\u043d<\/strong> \u0431\u043e\u043b\u043e\u043d <strong>\u0431\u043e\u043b\u043e\u0432\u0441\u0440\u0443\u0443\u043b\u0430\u0445 \u04af\u0439\u043b\u0434\u0432\u044d\u0440\u043b\u044d\u043b\u0438\u0439\u043d \u0441\u0430\u043b\u0431\u0430\u0440\u0442<\/strong> (\u0436\u043d\u044c: \u0430\u0432\u0442\u043e\u043c\u0430\u0448\u0438\u043d\u044b, \u0442\u043e\u043d\u043e\u0433 \u0442\u04e9\u0445\u04e9\u04e9\u0440\u04e9\u043c\u0436 \u04af\u0439\u043b\u0434\u0432\u044d\u0440\u043b\u044d\u043b, \u0445\u0443\u0432\u0430\u043d\u0446\u0430\u0440 \u04af\u0439\u043b\u0434\u0432\u044d\u0440\u043b\u044d\u043b, \u0445\u04af\u043d\u0441\u043d\u0438\u0439 \u04af\u0439\u043b\u0434\u0432\u044d\u0440, \u0431\u0430\u0440\u0438\u043b\u0433\u0430, \u0446\u0430\u0445\u0438\u043b\u0433\u0430\u0430\u043d \u0442\u0435\u0445\u043d\u0438\u043a\u0438\u0439\u043d \u04af\u0439\u043b\u0434\u0432\u044d\u0440\u043b\u044d\u043b \u0433\u044d\u0445 \u043c\u044d\u0442) \u0430\u0436\u0438\u043b\u0434 \u0442\u04e9\u0440\u04e9\u043b\u0436\u0438\u043d \u043c\u044d\u0440\u0433\u044d\u0448\u0441\u044d\u043d.  \u042d\u043d\u044d \u04af\u0439\u043b\u0447\u0438\u043b\u0433\u044d\u044d \u043d\u044c \u043c\u044d\u0440\u0433\u044d\u0448\u0441\u044d\u043d \u0430\u0436\u0438\u043b\u043b\u0430\u0445 \u0445\u04af\u0447\u043d\u0438\u0439 \u0445\u0430\u043d\u0433\u0430\u043b\u0442\u0442\u0430\u0439 \u043d\u04e9\u04e9\u0446\u0438\u0439\u0433 \u0431\u04af\u0440\u0434\u04af\u04af\u043b\u0436 \u0442\u0443\u0445\u0430\u0439\u043d \u0430\u0436 \u0430\u0445\u0443\u0439\u043d \u043d\u044d\u0433\u0436\u0438\u0434 \u0430\u0436\u0438\u043b\u043b\u0430\u0445 \u0445\u04af\u0447\u043d\u0438\u0439 \u0433\u044d\u043d\u044d\u0442\u0438\u0439\u043d \u0445\u043e\u043c\u0441\u0434\u043e\u043b, \u0442\u04af\u0440 \u0437\u0443\u0443\u0440\u044b\u043d \u0445\u044d\u043b\u0431\u044d\u043b\u0437\u044d\u043b\u044d\u044d\u0441 \u0437\u0430\u0439\u043b\u0441\u0445\u0438\u0439\u0445\u044d\u0434 \u0442\u0443\u0441\u0430\u043b\u0434\u0430\u0433. \u0422\u0443\u0445\u0430\u0439\u043d \u0442\u043e\u043c\u0438\u043b\u043e\u0433\u0434\u0441\u043e\u043d \u0430\u0436\u0438\u043b\u0447\u0438\u0434 \u043d\u044c \u04e9\u04e9\u0440\u0438\u0439\u043d \u0430\u0436\u043b\u044b\u043d \u04af\u04af\u0440\u0433\u044d\u044d \u0433\u04af\u0439\u0446\u044d\u0442\u0433\u044d\u0445\u044d\u044d\u0441 \u0433\u0430\u0434\u043d\u0430 \u0434\u0443\u0442\u0430\u0433\u0434\u0430\u0436 \u0431\u0443\u0439 \u0430\u0436\u0438\u043b\u043b\u0430\u0445 \u0445\u04af\u0447\u0438\u0439\u0433 \u0442\u04af\u0440 \u043e\u0440\u043b\u043e\u043d \u0430\u0436\u0438\u043b\u043b\u0430\u0445 \u0447\u0430\u0434\u0432\u0430\u0440\u0442\u0430\u0439 \u0431\u0430\u0439\u0445\u0430\u0430\u0440 \u0431\u044d\u043b\u0442\u0433\u044d\u043d \u0431\u0438\u0434 \u04af\u0439\u043b\u0447\u043b\u04af\u04af\u043b\u044d\u0433\u0447\u0438\u0434\u0434\u044d\u044d \u0431\u04af\u0440\u044d\u043d \u0434\u044d\u043c\u0436\u043b\u044d\u0433 \u04af\u0437\u04af\u04af\u043b\u0434\u044d\u0433. \u0411\u0438\u0434 \u04e9\u04e9\u0440\u0441\u0434\u0438\u0439\u043d \u0430\u0436\u0438\u043b\u0447\u0434\u0430\u0430 \u043c\u0430\u0448 \u0441\u0430\u0439\u043d \u0430\u043d\u0445\u0430\u0430\u0440\u0430\u043b\u0442\u0430\u0439 \u0441\u043e\u043d\u0433\u043e\u0434\u043e\u0433, \u044d\u043d\u044d\u0445\u04af\u04af \u0431\u0430\u0439\u0434\u0430\u043b \u043d\u044c \u0445\u0443\u0432\u0438\u0439\u043d \u0445\u0430\u043d\u0434\u043b\u0430\u0433\u0430\u0442\u0430\u0439 \u0445\u0430\u043c\u0442\u0430\u0430\u0440 \u0431\u0438\u0434\u043d\u0438\u0439\u0433 \u0441\u0430\u043b\u0431\u0430\u0440\u044b\u043d \u04e9\u0440\u0441\u04e9\u043b\u0434\u04e9\u0433\u0447\u0434\u04e9\u04e9\u0441 \u044f\u043b\u0433\u0430\u0436 \u0431\u0443\u0439 \u0445\u04af\u0447\u0438\u043d \u0437\u04af\u0439\u043b \u044e\u043c. \u041c\u0430\u043d\u0430\u0439 \u0430\u0436\u0438\u043b\u0447\u0438\u0434 \u043d\u044c \u0415\u0432\u0440\u043e\u043f, \u0410\u0437\u0438 \u0431\u043e\u043b\u043e\u043d \u0431\u0443\u0441\u0430\u0434 \u0433\u0443\u0440\u0430\u0432\u0434\u0430\u0433\u0447 \u043e\u0440\u043d\u044b \u0445\u04af\u043c\u04af\u04af\u0441 \u0431\u0430\u0439\u0434\u0430\u0433. \u0411\u0438\u0434\u043d\u0438\u0439 \u043d\u044d\u043d \u0442\u044d\u0440\u0433\u04af\u04af\u043d\u0438\u0439 \u0437\u043e\u0440\u0438\u043b\u0433\u043e \u0431\u043e\u043b \u04af\u0439\u043b\u0447\u043b\u04af\u04af\u043b\u044d\u0433\u0447\u0434\u0438\u0439\u043d\u0445\u044d\u044d \u04af\u0439\u043b \u0430\u0436\u0438\u043b\u043b\u0430\u0433\u0430\u0430, \u04af\u0439\u043b\u0434\u0432\u044d\u0440\u043b\u044d\u043b\u0438\u0439\u0433 \u0436\u0438\u0433\u0434 \u0442\u0430\u0441\u0440\u0430\u043b\u0442\u0433\u04af\u0439 \u044f\u0432\u0443\u0443\u043b\u0430\u0445 \u043d\u04e9\u0445\u0446\u04e9\u043b\u0438\u0439\u0433 \u0445\u0430\u043d\u0433\u0430\u0445 \u044f\u0432\u0434\u0430\u043b \u044e\u043c.<\/p>\n<\/div><\/div><\/div><div class=\"fusion-layout-column fusion_builder_column fusion-builder-column-1 fusion_builder_column_1_2 1_2 fusion-flex-column fusion-animated\" style=\"--awb-bg-size:cover;--awb-transition:filter 300ms linear, transform 300ms linear;--awb-width-large:50%;--awb-spacing-right-large:3.84%;--awb-spacing-left-large:3.84%;--awb-width-medium:50%;--awb-order-medium:0;--awb-spacing-right-medium:3.84%;--awb-spacing-left-medium:3.84%;--awb-width-small:100%;--awb-order-small:0;--awb-spacing-right-small:1.92%;--awb-spacing-left-small:1.92%;\" data-animationType=\"fadeInUp\" data-animationDuration=\"0.5\" data-animationOffset=\"top-into-view\"><div class=\"fusion-column-wrapper fusion-column-has-shadow fusion-flex-justify-content-flex-start fusion-content-layout-column\"><div class=\"fusion-image-element \"><span class=\" fusion-imageframe imageframe-none imageframe-1 hover-type-none\"><img decoding=\"async\" width=\"1000\" height=\"424\" title=\"Agenturn\u00ed zam\u011bstn\u00e1v\u00e1n\u00ed (1)\" src=\"https:\/\/rapasol.cz\/wp-content\/uploads\/2023\/11\/Agenturni-zamestnavani-1.jpg\" data-orig-src=\"https:\/\/rapasol.cz\/wp-content\/uploads\/2023\/11\/Agenturni-zamestnavani-1.jpg\" alt class=\"lazyload img-responsive wp-image-585\" srcset=\"data:image\/svg+xml,%3Csvg%20xmlns%3D%27http%3A%2F%2Fwww.w3.org%2F2000%2Fsvg%27%20width%3D%271000%27%20height%3D%27424%27%20viewBox%3D%270%200%201000%20424%27%3E%3Crect%20width%3D%271000%27%20height%3D%27424%27%20fill-opacity%3D%220%22%2F%3E%3C%2Fsvg%3E\" data-srcset=\"https:\/\/rapasol.cz\/wp-content\/uploads\/2023\/11\/Agenturni-zamestnavani-1-200x85.jpg 200w, https:\/\/rapasol.cz\/wp-content\/uploads\/2023\/11\/Agenturni-zamestnavani-1-400x170.jpg 400w, https:\/\/rapasol.cz\/wp-content\/uploads\/2023\/11\/Agenturni-zamestnavani-1-600x254.jpg 600w, https:\/\/rapasol.cz\/wp-content\/uploads\/2023\/11\/Agenturni-zamestnavani-1-800x339.jpg 800w, https:\/\/rapasol.cz\/wp-content\/uploads\/2023\/11\/Agenturni-zamestnavani-1.jpg 1000w\" data-sizes=\"auto\" data-orig-sizes=\"(max-width: 640px) 100vw, 800px\" \/><\/span><\/div><\/div><\/div><\/div><\/div>\n","protected":false},"excerpt":{"rendered":"","protected":false},"author":2,"featured_media":0,"parent":899,"menu_order":0,"comment_status":"closed","ping_status":"closed","template":"100-width.php","meta":{"footnotes":""},"class_list":["post-918","page","type-page","status-publish","hentry"],"acf":[],"yoast_head":"<!-- This site is optimized with the Yoast SEO plugin v27.3 - https:\/\/yoast.com\/product\/yoast-seo-wordpress\/ -->\n<title>\u0410\u0433\u0435\u043d\u0442\u043b\u0430\u0433\u0430\u0430\u0440 \u0430\u0436\u0438\u043b \u044d\u0440\u0445\u043b\u044d\u043b\u0442 - RAPASOL CZ, s. r. o.<\/title>\n<meta name=\"robots\" content=\"index, follow, max-snippet:-1, max-image-preview:large, max-video-preview:-1\" \/>\n<link rel=\"canonical\" href=\"https:\/\/rapasol.cz\/mn\/uilchilgee\/agyentlagyn-khodolmor-olgolt\/\" \/>\n<meta property=\"og:locale\" content=\"mn_MN\" \/>\n<meta property=\"og:type\" content=\"article\" \/>\n<meta property=\"og:title\" content=\"\u0410\u0433\u0435\u043d\u0442\u043b\u0430\u0433\u0430\u0430\u0440 \u0430\u0436\u0438\u043b \u044d\u0440\u0445\u043b\u044d\u043b\u0442 - RAPASOL CZ, s. r. o.\" \/>\n<meta property=\"og:url\" content=\"https:\/\/rapasol.cz\/mn\/uilchilgee\/agyentlagyn-khodolmor-olgolt\/\" \/>\n<meta property=\"og:site_name\" content=\"RAPASOL CZ, s. r. o.\" \/>\n<meta property=\"article:publisher\" content=\"https:\/\/www.facebook.com\/rapasol.cz\" \/>\n<meta name=\"twitter:card\" content=\"summary_large_image\" \/>\n<meta name=\"twitter:label1\" content=\"Est. reading time\" \/>\n\t<meta name=\"twitter:data1\" content=\"6 minutes\" \/>\n<script type=\"application\/ld+json\" class=\"yoast-schema-graph\">{\"@context\":\"https:\\\/\\\/schema.org\",\"@graph\":[{\"@type\":\"WebPage\",\"@id\":\"https:\\\/\\\/rapasol.cz\\\/mn\\\/uilchilgee\\\/agyentlagyn-khodolmor-olgolt\\\/\",\"url\":\"https:\\\/\\\/rapasol.cz\\\/mn\\\/uilchilgee\\\/agyentlagyn-khodolmor-olgolt\\\/\",\"name\":\"\u0410\u0433\u0435\u043d\u0442\u043b\u0430\u0433\u0430\u0430\u0440 \u0430\u0436\u0438\u043b \u044d\u0440\u0445\u043b\u044d\u043b\u0442 - RAPASOL CZ, s. r. o.\",\"isPartOf\":{\"@id\":\"https:\\\/\\\/rapasol.cz\\\/mn\\\/#website\"},\"datePublished\":\"2024-02-20T12:44:56+00:00\",\"breadcrumb\":{\"@id\":\"https:\\\/\\\/rapasol.cz\\\/mn\\\/uilchilgee\\\/agyentlagyn-khodolmor-olgolt\\\/#breadcrumb\"},\"inLanguage\":\"mn-MN\",\"potentialAction\":[{\"@type\":\"ReadAction\",\"target\":[\"https:\\\/\\\/rapasol.cz\\\/mn\\\/uilchilgee\\\/agyentlagyn-khodolmor-olgolt\\\/\"]}]},{\"@type\":\"BreadcrumbList\",\"@id\":\"https:\\\/\\\/rapasol.cz\\\/mn\\\/uilchilgee\\\/agyentlagyn-khodolmor-olgolt\\\/#breadcrumb\",\"itemListElement\":[{\"@type\":\"ListItem\",\"position\":1,\"name\":\"\u0413\u044d\u0440\",\"item\":\"https:\\\/\\\/rapasol.cz\\\/mn\\\/turshiltyn-khuudas\\\/\"},{\"@type\":\"ListItem\",\"position\":2,\"name\":\"\u04ae\u0439\u043b\u0447\u0438\u043b\u0433\u044d\u044d\",\"item\":\"https:\\\/\\\/rapasol.cz\\\/mn\\\/sluzby\\\/\"},{\"@type\":\"ListItem\",\"position\":3,\"name\":\"\u0410\u0433\u0435\u043d\u0442\u043b\u0430\u0433\u0430\u0430\u0440 \u0430\u0436\u0438\u043b \u044d\u0440\u0445\u043b\u044d\u043b\u0442\"}]},{\"@type\":\"WebSite\",\"@id\":\"https:\\\/\\\/rapasol.cz\\\/mn\\\/#website\",\"url\":\"https:\\\/\\\/rapasol.cz\\\/mn\\\/\",\"name\":\"RAPASOL CZ, s. r. o.\",\"description\":\"Specializujeme se na zprost\u0159edkov\u00e1n\u00ed zam\u011bstn\u00e1n\u00ed do pr\u016fmyslov\u00fdch odv\u011btv\u00ed, zejm\u00e9na do v\u00fdrobn\u00edch a distribu\u010dn\u00edch spole\u010dnost\u00ed.\",\"potentialAction\":[{\"@type\":\"SearchAction\",\"target\":{\"@type\":\"EntryPoint\",\"urlTemplate\":\"https:\\\/\\\/rapasol.cz\\\/mn\\\/?s={search_term_string}\"},\"query-input\":{\"@type\":\"PropertyValueSpecification\",\"valueRequired\":true,\"valueName\":\"search_term_string\"}}],\"inLanguage\":\"mn-MN\"}]}<\/script>\n<!-- \/ Yoast SEO plugin. -->","yoast_head_json":{"title":"\u0410\u0433\u0435\u043d\u0442\u043b\u0430\u0433\u0430\u0430\u0440 \u0430\u0436\u0438\u043b \u044d\u0440\u0445\u043b\u044d\u043b\u0442 - RAPASOL CZ, s. r. o.","robots":{"index":"index","follow":"follow","max-snippet":"max-snippet:-1","max-image-preview":"max-image-preview:large","max-video-preview":"max-video-preview:-1"},"canonical":"https:\/\/rapasol.cz\/mn\/uilchilgee\/agyentlagyn-khodolmor-olgolt\/","og_locale":"mn_MN","og_type":"article","og_title":"\u0410\u0433\u0435\u043d\u0442\u043b\u0430\u0433\u0430\u0430\u0440 \u0430\u0436\u0438\u043b \u044d\u0440\u0445\u043b\u044d\u043b\u0442 - RAPASOL CZ, s. r. o.","og_url":"https:\/\/rapasol.cz\/mn\/uilchilgee\/agyentlagyn-khodolmor-olgolt\/","og_site_name":"RAPASOL CZ, s. r. o.","article_publisher":"https:\/\/www.facebook.com\/rapasol.cz","twitter_card":"summary_large_image","twitter_misc":{"Est. reading time":"6 minutes"},"schema":{"@context":"https:\/\/schema.org","@graph":[{"@type":"WebPage","@id":"https:\/\/rapasol.cz\/mn\/uilchilgee\/agyentlagyn-khodolmor-olgolt\/","url":"https:\/\/rapasol.cz\/mn\/uilchilgee\/agyentlagyn-khodolmor-olgolt\/","name":"\u0410\u0433\u0435\u043d\u0442\u043b\u0430\u0433\u0430\u0430\u0440 \u0430\u0436\u0438\u043b \u044d\u0440\u0445\u043b\u044d\u043b\u0442 - RAPASOL CZ, s. r. o.","isPartOf":{"@id":"https:\/\/rapasol.cz\/mn\/#website"},"datePublished":"2024-02-20T12:44:56+00:00","breadcrumb":{"@id":"https:\/\/rapasol.cz\/mn\/uilchilgee\/agyentlagyn-khodolmor-olgolt\/#breadcrumb"},"inLanguage":"mn-MN","potentialAction":[{"@type":"ReadAction","target":["https:\/\/rapasol.cz\/mn\/uilchilgee\/agyentlagyn-khodolmor-olgolt\/"]}]},{"@type":"BreadcrumbList","@id":"https:\/\/rapasol.cz\/mn\/uilchilgee\/agyentlagyn-khodolmor-olgolt\/#breadcrumb","itemListElement":[{"@type":"ListItem","position":1,"name":"\u0413\u044d\u0440","item":"https:\/\/rapasol.cz\/mn\/turshiltyn-khuudas\/"},{"@type":"ListItem","position":2,"name":"\u04ae\u0439\u043b\u0447\u0438\u043b\u0433\u044d\u044d","item":"https:\/\/rapasol.cz\/mn\/sluzby\/"},{"@type":"ListItem","position":3,"name":"\u0410\u0433\u0435\u043d\u0442\u043b\u0430\u0433\u0430\u0430\u0440 \u0430\u0436\u0438\u043b \u044d\u0440\u0445\u043b\u044d\u043b\u0442"}]},{"@type":"WebSite","@id":"https:\/\/rapasol.cz\/mn\/#website","url":"https:\/\/rapasol.cz\/mn\/","name":"RAPASOL CZ, s. r. o.","description":"Specializujeme se na zprost\u0159edkov\u00e1n\u00ed zam\u011bstn\u00e1n\u00ed do pr\u016fmyslov\u00fdch odv\u011btv\u00ed, zejm\u00e9na do v\u00fdrobn\u00edch a distribu\u010dn\u00edch spole\u010dnost\u00ed.","potentialAction":[{"@type":"SearchAction","target":{"@type":"EntryPoint","urlTemplate":"https:\/\/rapasol.cz\/mn\/?s={search_term_string}"},"query-input":{"@type":"PropertyValueSpecification","valueRequired":true,"valueName":"search_term_string"}}],"inLanguage":"mn-MN"}]}},"_links":{"self":[{"href":"https:\/\/rapasol.cz\/mn\/wp-json\/wp\/v2\/pages\/918","targetHints":{"allow":["GET"]}}],"collection":[{"href":"https:\/\/rapasol.cz\/mn\/wp-json\/wp\/v2\/pages"}],"about":[{"href":"https:\/\/rapasol.cz\/mn\/wp-json\/wp\/v2\/types\/page"}],"author":[{"embeddable":true,"href":"https:\/\/rapasol.cz\/mn\/wp-json\/wp\/v2\/users\/2"}],"replies":[{"embeddable":true,"href":"https:\/\/rapasol.cz\/mn\/wp-json\/wp\/v2\/comments?post=918"}],"version-history":[{"count":2,"href":"https:\/\/rapasol.cz\/mn\/wp-json\/wp\/v2\/pages\/918\/revisions"}],"predecessor-version":[{"id":920,"href":"https:\/\/rapasol.cz\/mn\/wp-json\/wp\/v2\/pages\/918\/revisions\/920"}],"up":[{"embeddable":true,"href":"https:\/\/rapasol.cz\/mn\/wp-json\/wp\/v2\/pages\/899"}],"wp:attachment":[{"href":"https:\/\/rapasol.cz\/mn\/wp-json\/wp\/v2\/media?parent=918"}],"curies":[{"name":"wp","href":"https:\/\/api.w.org\/{rel}","templated":true}]}}