{"id":915,"date":"2024-02-20T13:29:37","date_gmt":"2024-02-20T12:29:37","guid":{"rendered":"https:\/\/rapasol.cz\/kholboo-barikh\/"},"modified":"2024-02-20T15:07:25","modified_gmt":"2024-02-20T14:07:25","slug":"kholboo-barikh","status":"publish","type":"page","link":"https:\/\/rapasol.cz\/mn\/kholboo-barikh\/","title":{"rendered":"\u0425\u043e\u043b\u0431\u043e\u043e \u0431\u0430\u0440\u0438\u0445"},"content":{"rendered":"<p><div class=\"fusion-fullwidth fullwidth-box fusion-builder-row-1 fusion-flex-container has-pattern-background has-mask-background nonhundred-percent-fullwidth non-hundred-percent-height-scrolling\" style=\"--awb-border-radius-top-left:0px;--awb-border-radius-top-right:0px;--awb-border-radius-bottom-right:0px;--awb-border-radius-bottom-left:0px;--awb-padding-bottom:120px;\" ><div class=\"fusion-builder-row fusion-row fusion-flex-align-items-flex-start\" style=\"max-width:1414.4px;margin-left: calc(-4% \/ 2 );margin-right: calc(-4% \/ 2 );\"><div class=\"fusion-layout-column fusion_builder_column fusion-builder-column-0 fusion_builder_column_1_2 1_2 fusion-flex-column fusion-flex-align-self-stretch fusion-animated\" style=\"--awb-bg-size:cover;--awb-width-large:50%;--awb-spacing-right-large:3.84%;--awb-spacing-left-large:3.84%;--awb-width-medium:50%;--awb-order-medium:0;--awb-spacing-right-medium:3.84%;--awb-spacing-left-medium:3.84%;--awb-width-small:100%;--awb-order-small:0;--awb-spacing-right-small:1.92%;--awb-spacing-left-small:1.92%;\" data-animationType=\"fadeInLeft\" data-animationDuration=\"0.3\" data-animationOffset=\"top-into-view\"><div class=\"fusion-column-wrapper fusion-column-has-shadow fusion-flex-justify-content-center fusion-content-layout-column\"><div class=\"fusion-title title fusion-title-1 fusion-sep-none fusion-title-text fusion-title-size-two\" style=\"--awb-margin-bottom:0px;--awb-font-size:24px;\"><h2 class=\"title-heading-left\" style=\"margin:0;font-size:1em;\">RAPASOL CZ, s. r. o.<\/h2><\/div><div class=\"fusion-text fusion-text-1\"><p><strong>ID:<\/strong> 07297980<br \/>\n<strong>\u041d\u04e8\u0410\u0422-\u044b\u043d \u0434\u0443\u0433\u0430\u0430\u0440:<\/strong> CZ07297980<\/p>\n<\/div><ul style=\"--awb-margin-bottom:2rem;--awb-iconcolor:var(--awb-color5);--awb-line-height:27.2px;--awb-icon-width:27.2px;--awb-icon-height:27.2px;--awb-icon-margin:11.2px;--awb-content-margin:38.4px;\" class=\"fusion-checklist fusion-checklist-1 fusion-checklist-default type-icons\"><li class=\"fusion-li-item\" style=\"\"><span class=\"icon-wrapper circle-no\"><i class=\"fusion-li-icon fa-map-marker-alt fas\" aria-hidden=\"true\"><\/i><\/span><div class=\"fusion-li-item-content\">\n<p><a href=\"https:\/\/maps.app.goo.gl\/86YwuAQQHU4bYRq5A\">Anton\u00edna Dvo\u0159\u00e1ka 1330, 434&nbsp;01, Most, \u010cesk\u00e1 Republika<\/a><\/p>\n<\/div><\/li><li class=\"fusion-li-item\" style=\"\"><span class=\"icon-wrapper circle-no\"><i class=\"fusion-li-icon fa-envelope fas\" aria-hidden=\"true\"><\/i><\/span><div class=\"fusion-li-item-content\">\n<p><a href=\"mailto:info@rapasol.cz\">info@rapasol.cz<\/a><\/p>\n<\/div><\/li><li class=\"fusion-li-item\" style=\"\"><span class=\"icon-wrapper circle-no\"><i class=\"fusion-li-icon fa-phone-alt fas\" aria-hidden=\"true\"><\/i><\/span><div class=\"fusion-li-item-content\"><a href=\"tel:+420721976762\">+420721976762<\/a><\/div><\/li><\/ul><div class=\"fusion-title title fusion-title-2 fusion-sep-none fusion-title-text fusion-title-size-three\" style=\"--awb-font-size:20px;\"><h3 class=\"title-heading-left\" style=\"margin:0;font-size:1em;\">\u041d\u0438\u0439\u0433\u043c\u0438\u0439\u043d \u0441\u04af\u043b\u0436\u044d\u044d\u0433\u044d\u044d\u0440 \u0431\u0438\u0434\u043d\u0438\u0439\u0433 \u0434\u0430\u0433\u0430\u0430\u0440\u0430\u0439!<\/h3><\/div><div class=\"fusion-builder-row fusion-builder-row-inner fusion-row fusion-flex-align-items-flex-start\" style=\"width:104% !important;max-width:104% !important;margin-left: calc(-4% \/ 2 );margin-right: calc(-4% \/ 2 );\"><div class=\"fusion-layout-column fusion_builder_column_inner fusion-builder-nested-column-0 fusion_builder_column_inner_1_1 1_1 fusion-flex-column\" style=\"--awb-bg-size:cover;--awb-width-large:100%;--awb-spacing-right-large:1.92%;--awb-spacing-left-large:1.92%;--awb-width-medium:100%;--awb-order-medium:0;--awb-spacing-right-medium:1.92%;--awb-spacing-left-medium:1.92%;--awb-width-small:100%;--awb-order-small:0;--awb-spacing-right-small:1.92%;--awb-spacing-left-small:1.92%;\"><div class=\"fusion-column-wrapper fusion-column-has-shadow fusion-flex-justify-content-flex-start fusion-content-layout-row fusion-flex-align-items-center\"><a class=\"fb-icon-element-1 fb-icon-element fontawesome-icon fa-facebook fab circle-no fusion-text-flow fusion-link\" style=\"--awb-iconcolor:var(--awb-color5);--awb-iconcolor-hover:var(--awb-custom_color_1);--awb-font-size:32px;--awb-margin-right:1rem;\" href=\"https:\/\/www.facebook.com\/rapasol.cz\/\" aria-label=\"Link to https:\/\/www.facebook.com\/rapasol.cz\/\" target=\"_self\"><\/a><a class=\"fb-icon-element-2 fb-icon-element fontawesome-icon fa-linkedin fab circle-no fusion-text-flow fusion-link\" style=\"--awb-iconcolor:var(--awb-color5);--awb-iconcolor-hover:var(--awb-custom_color_1);--awb-font-size:32px;--awb-margin-right:16px;\" href=\"https:\/\/www.linkedin.com\/company\/rapasol-cz-s-r-o\/\" aria-label=\"Link to https:\/\/www.linkedin.com\/company\/rapasol-cz-s-r-o\/\" target=\"_self\"><\/a><\/div><\/div><\/div><\/div><\/div><div class=\"fusion-layout-column fusion_builder_column fusion-builder-column-1 fusion_builder_column_1_2 1_2 fusion-flex-column fusion-animated\" style=\"--awb-bg-size:cover;--awb-width-large:50%;--awb-spacing-right-large:3.84%;--awb-spacing-left-large:3.84%;--awb-width-medium:50%;--awb-order-medium:0;--awb-spacing-right-medium:3.84%;--awb-spacing-left-medium:3.84%;--awb-width-small:100%;--awb-order-small:0;--awb-spacing-right-small:1.92%;--awb-spacing-left-small:1.92%;\" data-animationType=\"fadeInLeft\" data-animationDuration=\"0.3\" data-animationDelay=\"0.1\" data-animationOffset=\"top-into-view\"><div class=\"fusion-column-wrapper fusion-column-has-shadow fusion-flex-justify-content-flex-start fusion-content-layout-column\"><iframe src=\"https:\/\/www.google.com\/maps\/embed?pb=!1m18!1m12!1m3!1d317.17325731084736!2d13.635246268292168!3d50.50838321887402!2m3!1f0!2f0!3f0!3m2!1i1024!2i768!4f13.1!3m3!1m2!1s0x470a2032289ba7d7:0x62ffa9331b534bcb!2sA.%20Dvo%C5%99%C3%A1ka%201330,%20434%2001%20Most%201!5e0!3m2!1scs!2scz!4v1696404996505!5m2!1scs!2scz\" width=\"600\" height=\"450\" style=\"border:0;\" allowfullscreen=\"\" loading=\"lazy\" referrerpolicy=\"no-referrer-when-downgrade\"><\/iframe><\/div><\/div><\/div><\/div><div id=\"khelber\" class=\"fusion-container-anchor\"><div class=\"fusion-fullwidth fullwidth-box fusion-builder-row-2 fusion-flex-container has-pattern-background has-mask-background nonhundred-percent-fullwidth non-hundred-percent-height-scrolling\" style=\"--awb-border-radius-top-left:0px;--awb-border-radius-top-right:0px;--awb-border-radius-bottom-right:0px;--awb-border-radius-bottom-left:0px;--awb-padding-top:100px;--awb-padding-bottom:100px;--awb-background-color:var(--awb-color3);\" ><div class=\"fusion-builder-row fusion-row fusion-flex-align-items-flex-start fusion-flex-justify-content-center\" style=\"max-width:1414.4px;margin-left: calc(-4% \/ 2 );margin-right: calc(-4% \/ 2 );\"><div class=\"fusion-layout-column fusion_builder_column fusion-builder-column-2 fusion_builder_column_1_2 1_2 fusion-flex-column fusion-animated\" style=\"--awb-bg-size:cover;--awb-width-large:50%;--awb-spacing-right-large:3.84%;--awb-margin-bottom-large:0px;--awb-spacing-left-large:3.84%;--awb-width-medium:100%;--awb-order-medium:0;--awb-spacing-right-medium:1.92%;--awb-spacing-left-medium:1.92%;--awb-width-small:100%;--awb-order-small:0;--awb-spacing-right-small:1.92%;--awb-spacing-left-small:1.92%;\" data-animationType=\"fadeInDown\" data-animationDuration=\"0.3\" data-animationOffset=\"top-into-view\"><div class=\"fusion-column-wrapper fusion-column-has-shadow fusion-flex-justify-content-flex-start fusion-content-layout-column\"><div class=\"fusion-title title fusion-title-3 fusion-sep-none fusion-title-center fusion-title-text fusion-title-size-two\" style=\"--awb-text-color:var(--awb-color8);--awb-margin-bottom:2rem;\"><h2 class=\"title-heading-center\" style=\"margin:0;\">\u0411\u0438\u0434\u044d\u043d\u0442\u044d\u0439 \u0445\u043e\u043b\u0431\u043e\u043e \u0431\u0430\u0440\u0438\u043d\u0430 \u0443\u0443<\/h2><\/div><div class=\"fusion-form fusion-form-builder fusion-form-form-wrapper fusion-form-932\" style=\"--awb-tooltip-text-color:#ffffff;--awb-tooltip-background-color:#333333;--awb-form-bg-color:var(--awb-color2);--awb-form-placeholder-color:rgba(67,69,73,0.5);--awb-form-text-color:var(--awb-color8);--awb-form-label-color:var(--awb-color7);--awb-form-border-color:var(--awb-color6);--awb-form-focus-border-color:var(--awb-color5);--awb-form-focus-border-hover-color:hsla(var(--awb-color5-h),var(--awb-color5-s),var(--awb-color5-l),calc(var(--awb-color5-a) - 50%));--awb-form-border-radius:1px;\" data-form-id=\"932\" data-config=\"{&quot;form_id&quot;:932,&quot;form_post_id&quot;:932,&quot;post_id&quot;:915,&quot;form_type&quot;:&quot;ajax&quot;,&quot;confirmation_type&quot;:&quot;message&quot;,&quot;redirect_url&quot;:&quot;&quot;,&quot;field_labels&quot;:{&quot;jmeno_a_prijmeni&quot;:&quot;\\u041e\\u0432\\u043e\\u0433 \\u043d\\u044d\\u0440&quot;,&quot;email&quot;:&quot;\\u0418-\\u043c\\u044d\\u0439\\u043b&quot;,&quot;telefon&quot;:&quot;\\u0423\\u0442\\u0430\\u0441&quot;,&quot;zprava&quot;:&quot;\\u0417\\u0430\\u0445\\u0438\\u0430&quot;},&quot;field_logics&quot;:{&quot;jmeno_a_prijmeni&quot;:&quot;&quot;,&quot;email&quot;:&quot;&quot;,&quot;telefon&quot;:&quot;&quot;,&quot;zprava&quot;:&quot;&quot;},&quot;field_types&quot;:{&quot;jmeno_a_prijmeni&quot;:&quot;text&quot;,&quot;email&quot;:&quot;email&quot;,&quot;telefon&quot;:&quot;phone_number&quot;,&quot;zprava&quot;:&quot;textarea&quot;,&quot;recaptcha_1&quot;:&quot;recaptcha&quot;,&quot;submit_1&quot;:&quot;submit&quot;},&quot;nonce_method&quot;:&quot;ajax&quot;}\"><form action=\"https:\/\/rapasol.cz\/mn\/kholboo-barikh\/\" method=\"post\" class=\"fusion-form fusion-form-932\"><div class=\"fusion-fullwidth fullwidth-box fusion-builder-row-2-1 fusion-flex-container has-pattern-background has-mask-background nonhundred-percent-fullwidth non-hundred-percent-height-scrolling\" style=\"--link_hover_color: var(--awb-custom_color_1);--link_color: var(--awb-color5);--awb-border-radius-top-left:0px;--awb-border-radius-top-right:0px;--awb-border-radius-bottom-right:0px;--awb-border-radius-bottom-left:0px;--awb-padding-top:0px;--awb-padding-right:0px;--awb-padding-bottom:0px;--awb-padding-left:0px;\" ><div class=\"fusion-builder-row fusion-row fusion-flex-align-items-flex-start\" style=\"width:104% !important;max-width:104% !important;margin-left: calc(-4% \/ 2 );margin-right: calc(-4% \/ 2 );\"><div class=\"fusion-layout-column fusion_builder_column fusion-builder-column-3 fusion_builder_column_1_1 1_1 fusion-flex-column\" style=\"--awb-bg-size:cover;--awb-width-large:100%;--awb-spacing-right-large:1.92%;--awb-spacing-left-large:1.92%;--awb-width-medium:100%;--awb-order-medium:0;--awb-spacing-right-medium:1.92%;--awb-spacing-left-medium:1.92%;--awb-width-small:100%;--awb-order-small:0;--awb-spacing-right-small:1.92%;--awb-spacing-left-small:1.92%;\"><div class=\"fusion-column-wrapper fusion-column-has-shadow fusion-flex-justify-content-flex-start fusion-content-layout-column\"><div class=\"fusion-form-field fusion-form-text-field fusion-form-label-above\" style=\"\" data-form-id=\"932\"><div class=\"fusion-form-label-wrapper\"><label for=\"jmeno_a_prijmeni\">\u041e\u0432\u043e\u0433 \u043d\u044d\u0440 <abbr class=\"fusion-form-element-required\" title=\"required\">*<\/abbr><\/label><\/div><input type=\"text\" name=\"jmeno_a_prijmeni\" id=\"jmeno_a_prijmeni\" value=\"\"  class=\"fusion-form-input\" required=\"true\" aria-required=\"true\" placeholder=\"\u0416\u0438\u0448\u044d\u044d \u043d\u044c: \u042f\u043d \u041d\u043e\u0432\u0430\u043a *\" data-holds-private-data=\"false\" minlength=\"0\"\/><\/div><\/div><\/div><div class=\"fusion-layout-column fusion_builder_column fusion-builder-column-4 fusion_builder_column_1_2 1_2 fusion-flex-column\" style=\"--awb-bg-size:cover;--awb-width-large:50%;--awb-spacing-right-large:3.84%;--awb-spacing-left-large:3.84%;--awb-width-medium:50%;--awb-order-medium:0;--awb-spacing-right-medium:3.84%;--awb-spacing-left-medium:3.84%;--awb-width-small:100%;--awb-order-small:0;--awb-spacing-right-small:1.92%;--awb-spacing-left-small:1.92%;\"><div class=\"fusion-column-wrapper fusion-column-has-shadow fusion-flex-justify-content-flex-start fusion-content-layout-column\"><div class=\"fusion-form-field fusion-form-email-field fusion-form-label-above\" style=\"\" data-form-id=\"932\"><div class=\"fusion-form-label-wrapper\"><label for=\"email\">\u0418-\u043c\u044d\u0439\u043b <abbr class=\"fusion-form-element-required\" title=\"required\">*<\/abbr><\/label><\/div><input type=\"email\" name=\"email\" id=\"email\" value=\"\"  class=\"fusion-form-input\" required=\"true\" aria-required=\"true\" placeholder=\"\u0416\u0438\u0448\u044d\u044d \u043d\u044c: novak@seznam.cz *\" data-holds-private-data=\"false\"\/><\/div><\/div><\/div><div class=\"fusion-layout-column fusion_builder_column fusion-builder-column-5 fusion_builder_column_1_2 1_2 fusion-flex-column\" style=\"--awb-bg-size:cover;--awb-width-large:50%;--awb-spacing-right-large:3.84%;--awb-spacing-left-large:3.84%;--awb-width-medium:50%;--awb-order-medium:0;--awb-spacing-right-medium:3.84%;--awb-spacing-left-medium:3.84%;--awb-width-small:100%;--awb-order-small:0;--awb-spacing-right-small:1.92%;--awb-spacing-left-small:1.92%;\"><div class=\"fusion-column-wrapper fusion-column-has-shadow fusion-flex-justify-content-flex-start fusion-content-layout-column\"><div class=\"fusion-form-field fusion-form-phone-number-field fusion-form-label-above\" style=\"\" data-form-id=\"932\"><div class=\"fusion-form-label-wrapper\"><label for=\"telefon\">\u0423\u0442\u0430\u0441<\/label><\/div><input type=\"tel\" name=\"telefon\" id=\"telefon\" value=\"\"  class=\"fusion-form-input\" placeholder=\"\u0416\u0438\u0448\u044d\u044d \u043d\u044c: +420123456789\" data-holds-private-data=\"false\"\/><\/div><\/div><\/div><div class=\"fusion-layout-column fusion_builder_column fusion-builder-column-6 fusion_builder_column_1_1 1_1 fusion-flex-column\" style=\"--awb-bg-size:cover;--awb-width-large:100%;--awb-spacing-right-large:1.92%;--awb-spacing-left-large:1.92%;--awb-width-medium:100%;--awb-order-medium:0;--awb-spacing-right-medium:1.92%;--awb-spacing-left-medium:1.92%;--awb-width-small:100%;--awb-order-small:0;--awb-spacing-right-small:1.92%;--awb-spacing-left-small:1.92%;\"><div class=\"fusion-column-wrapper fusion-column-has-shadow fusion-flex-justify-content-flex-start fusion-content-layout-column\"><div class=\"fusion-form-field fusion-form-textarea-field fusion-form-label-above\" style=\"\" data-form-id=\"932\"><label for=\"zprava\">\u0417\u0430\u0445\u0438\u0430<\/label><textarea cols=\"40\"  minlength=\"0\"  rows=\"4\" tabindex=\"\" id=\"zprava\" name=\"zprava\" class=\"fusion-form-input\" data-holds-private-data=\"false\"><\/textarea><\/div><div class=\"fusion-text fusion-text-2\" style=\"--awb-text-color:var(--awb-color8);\"><p style=\"text-align: center;\">\u0425\u0443\u0432\u0438\u0439\u043d \u043c\u044d\u0434\u044d\u044d\u043b\u043b\u0438\u0439\u0433 \u043e\u0440\u0443\u0443\u043b\u0441\u043d\u0430\u0430\u0440 \u0442\u0430 \u0445\u0443\u0432\u0438\u0439\u043d <a href=\"https:\/\/rapasol.cz\/mn\/khuviin-medeelliig-khamgaalakh-nokhtsol\/\">\u043c\u044d\u0434\u044d\u044d\u043b\u043b\u0438\u0439\u0433 \u0445\u0430\u043c\u0433\u0430\u0430\u043b\u0430\u0445 \u043d\u04e9\u0445\u0446\u043b\u0438\u0439\u0433 \u0437\u04e9\u0432\u0448\u04e9\u04e9\u0440\u0447 \u0431\u0430\u0439\u043d\u0430.<\/a><\/p>\n<\/div><div class=\"fusion-form-field fusion-form-recaptcha-field fusion-form-label-above\" style=\"\" data-form-id=\"932\">\t\t\t\t\t\t\t\t\t<div class=\"form-creator-recaptcha\" >\n\t\t\t\t\t\t\t\t\t\t\t\t\t\t\t\t\t\t\t\t<div\n\t\t\t\t\t\t\t\tid=\"g-recaptcha-1\"\n\t\t\t\t\t\t\t\tclass=\"fusion-form-recaptcha-v3 recaptcha-container \"\n\t\t\t\t\t\t\t\tdata-sitekey=\"6LfnB1UpAAAAAMs-uGgM_Cu4Uyxrkj4GOsyjslm8\"\n\t\t\t\t\t\t\t\tdata-badge=\"bottomright\">\n\t\t\t\t\t\t\t<\/div>\n\t\t\t\t\t\t\t<input\n\t\t\t\t\t\t\t\ttype=\"hidden\"\n\t\t\t\t\t\t\t\tname=\"fusion-form-recaptcha-response\"\n\t\t\t\t\t\t\t\tclass=\"g-recaptcha-response\"\n\t\t\t\t\t\t\t\tid=\"fusion-form-recaptcha-response-1\"\n\t\t\t\t\t\t\t\tvalue=\"\">\n\t\t\t\t\t\t\t\t\t\t\t<\/div>\n\t\t\t\t\t\t\t\t<\/div><div class=\"fusion-form-field fusion-form-submit-field fusion-form-label-above\" style=\"\" data-form-id=\"932\"><div style=\"text-align:center;\"><button type=\"submit\" class=\"fusion-button button-flat fusion-button-default-size button-default fusion-button-default button-1 fusion-button-default-span  form-form-submit button-default\" data-form-number=\"932\" tabindex=\"\"><span class=\"fusion-button-text\">\u041c\u0435\u0441\u0441\u0435\u0436 \u0438\u043b\u0433\u044d\u044d\u043d\u044d \u04af\u04af<\/span><\/button><\/div><\/div><div class=\"form-submission-notices\" id=\"fusion-notices-1\"><div class=\"fusion-alert alert success alert-success fusion-alert-center fusion-form-response fusion-form-response-success alert-dismissable\" role=\"alert\"><div class=\"fusion-alert-content-wrapper\"><span class=\"alert-icon\"><i class=\"awb-icon-check-circle\" aria-hidden=\"true\"><\/i><\/span><span class=\"fusion-alert-content\">\u0411\u0430\u044f\u0440\u043b\u0430\u043b\u0430\u0430! \u0422\u0430\u043d\u044b \u043c\u0435\u0441\u0441\u0435\u0436\u0438\u0439\u0433 \u0430\u043c\u0436\u0438\u043b\u0442\u0442\u0430\u0439 \u0438\u043b\u0433\u044d\u044d\u043b\u044d\u044d. \u0411\u0438\u0434 \u0442\u0430\u043d\u0442\u0430\u0439 \u0430\u043b\u044c \u0431\u043e\u043b\u043e\u0445 \u0445\u0443\u0440\u0434\u0430\u043d \u0445\u043e\u043b\u0431\u043e\u0433\u0434\u043e\u0445 \u0431\u043e\u043b\u043d\u043e.<\/span><\/div><button type=\"button\" class=\"close toggle-alert\" data-dismiss=\"alert\" aria-label=\"Close\">&times;<\/button><\/div><div class=\"fusion-alert alert error alert-danger fusion-alert-center fusion-form-response fusion-form-response-error alert-dismissable\" role=\"alert\"><div class=\"fusion-alert-content-wrapper\"><span class=\"alert-icon\"><i class=\"awb-icon-exclamation-triangle\" aria-hidden=\"true\"><\/i><\/span><span class=\"fusion-alert-content\">\u0422\u0430\u043d\u044b \u043c\u0435\u0441\u0441\u0435\u0436\u0438\u0439\u0433 \u0438\u043b\u0433\u044d\u044d\u0445\u044d\u0434 \u0430\u043b\u0434\u0430\u0430 \u0433\u0430\u0440\u043b\u0430\u0430. \u0414\u0430\u0440\u0430\u0430 \u0434\u0430\u0445\u0438\u043d \u043e\u0440\u043e\u043b\u0434\u043e\u0436 \u04af\u0437\u043d\u044d \u04af\u04af.<\/span><\/div><button type=\"button\" class=\"close toggle-alert\" data-dismiss=\"alert\" aria-label=\"Close\">&times;<\/button><\/div><\/div><\/div><\/div><\/div><\/div><input type=\"hidden\" name=\"fusion_privacy_store_ip_ua\" value=\"false\"><input type=\"hidden\" name=\"fusion_privacy_expiration_interval\" value=\"48\"><input type=\"hidden\" name=\"privacy_expiration_action\" value=\"anonymize\"><\/form><\/div><\/div><\/div><\/div><\/div><\/div><\/p>\n","protected":false},"excerpt":{"rendered":"","protected":false},"author":2,"featured_media":0,"parent":0,"menu_order":0,"comment_status":"closed","ping_status":"closed","template":"100-width.php","meta":{"footnotes":""},"class_list":["post-915","page","type-page","status-publish","hentry"],"acf":[],"yoast_head":"<!-- This site is optimized with the Yoast SEO plugin v27.3 - https:\/\/yoast.com\/product\/yoast-seo-wordpress\/ -->\n<title>\u0425\u043e\u043b\u0431\u043e\u043e \u0431\u0430\u0440\u0438\u0445 - RAPASOL CZ, s. r. o.<\/title>\n<meta name=\"robots\" content=\"index, follow, max-snippet:-1, max-image-preview:large, max-video-preview:-1\" \/>\n<link rel=\"canonical\" href=\"https:\/\/rapasol.cz\/mn\/kholboo-barikh\/\" \/>\n<meta property=\"og:locale\" content=\"mn_MN\" \/>\n<meta property=\"og:type\" content=\"article\" \/>\n<meta property=\"og:title\" content=\"\u0425\u043e\u043b\u0431\u043e\u043e \u0431\u0430\u0440\u0438\u0445 - RAPASOL CZ, s. r. o.\" \/>\n<meta property=\"og:url\" content=\"https:\/\/rapasol.cz\/mn\/kholboo-barikh\/\" \/>\n<meta property=\"og:site_name\" content=\"RAPASOL CZ, s. r. o.\" \/>\n<meta property=\"article:publisher\" content=\"https:\/\/www.facebook.com\/rapasol.cz\" \/>\n<meta property=\"article:modified_time\" content=\"2024-02-20T14:07:25+00:00\" \/>\n<meta name=\"twitter:card\" content=\"summary_large_image\" \/>\n<meta name=\"twitter:label1\" content=\"Est. reading time\" \/>\n\t<meta name=\"twitter:data1\" content=\"17 minutes\" \/>\n<script type=\"application\/ld+json\" class=\"yoast-schema-graph\">{\"@context\":\"https:\\\/\\\/schema.org\",\"@graph\":[{\"@type\":\"WebPage\",\"@id\":\"https:\\\/\\\/rapasol.cz\\\/mn\\\/kholboo-barikh\\\/\",\"url\":\"https:\\\/\\\/rapasol.cz\\\/mn\\\/kholboo-barikh\\\/\",\"name\":\"\u0425\u043e\u043b\u0431\u043e\u043e \u0431\u0430\u0440\u0438\u0445 - RAPASOL CZ, s. r. o.\",\"isPartOf\":{\"@id\":\"https:\\\/\\\/rapasol.cz\\\/mn\\\/#website\"},\"datePublished\":\"2024-02-20T12:29:37+00:00\",\"dateModified\":\"2024-02-20T14:07:25+00:00\",\"breadcrumb\":{\"@id\":\"https:\\\/\\\/rapasol.cz\\\/mn\\\/kholboo-barikh\\\/#breadcrumb\"},\"inLanguage\":\"mn-MN\",\"potentialAction\":[{\"@type\":\"ReadAction\",\"target\":[\"https:\\\/\\\/rapasol.cz\\\/mn\\\/kholboo-barikh\\\/\"]}]},{\"@type\":\"BreadcrumbList\",\"@id\":\"https:\\\/\\\/rapasol.cz\\\/mn\\\/kholboo-barikh\\\/#breadcrumb\",\"itemListElement\":[{\"@type\":\"ListItem\",\"position\":1,\"name\":\"\u0413\u044d\u0440\",\"item\":\"https:\\\/\\\/rapasol.cz\\\/mn\\\/turshiltyn-khuudas\\\/\"},{\"@type\":\"ListItem\",\"position\":2,\"name\":\"\u0425\u043e\u043b\u0431\u043e\u043e \u0431\u0430\u0440\u0438\u0445\"}]},{\"@type\":\"WebSite\",\"@id\":\"https:\\\/\\\/rapasol.cz\\\/mn\\\/#website\",\"url\":\"https:\\\/\\\/rapasol.cz\\\/mn\\\/\",\"name\":\"RAPASOL CZ, s. r. o.\",\"description\":\"Specializujeme se na zprost\u0159edkov\u00e1n\u00ed zam\u011bstn\u00e1n\u00ed do pr\u016fmyslov\u00fdch odv\u011btv\u00ed, zejm\u00e9na do v\u00fdrobn\u00edch a distribu\u010dn\u00edch spole\u010dnost\u00ed.\",\"potentialAction\":[{\"@type\":\"SearchAction\",\"target\":{\"@type\":\"EntryPoint\",\"urlTemplate\":\"https:\\\/\\\/rapasol.cz\\\/mn\\\/?s={search_term_string}\"},\"query-input\":{\"@type\":\"PropertyValueSpecification\",\"valueRequired\":true,\"valueName\":\"search_term_string\"}}],\"inLanguage\":\"mn-MN\"}]}<\/script>\n<!-- \/ Yoast SEO plugin. -->","yoast_head_json":{"title":"\u0425\u043e\u043b\u0431\u043e\u043e \u0431\u0430\u0440\u0438\u0445 - RAPASOL CZ, s. r. o.","robots":{"index":"index","follow":"follow","max-snippet":"max-snippet:-1","max-image-preview":"max-image-preview:large","max-video-preview":"max-video-preview:-1"},"canonical":"https:\/\/rapasol.cz\/mn\/kholboo-barikh\/","og_locale":"mn_MN","og_type":"article","og_title":"\u0425\u043e\u043b\u0431\u043e\u043e \u0431\u0430\u0440\u0438\u0445 - RAPASOL CZ, s. r. o.","og_url":"https:\/\/rapasol.cz\/mn\/kholboo-barikh\/","og_site_name":"RAPASOL CZ, s. r. o.","article_publisher":"https:\/\/www.facebook.com\/rapasol.cz","article_modified_time":"2024-02-20T14:07:25+00:00","twitter_card":"summary_large_image","twitter_misc":{"Est. reading time":"17 minutes"},"schema":{"@context":"https:\/\/schema.org","@graph":[{"@type":"WebPage","@id":"https:\/\/rapasol.cz\/mn\/kholboo-barikh\/","url":"https:\/\/rapasol.cz\/mn\/kholboo-barikh\/","name":"\u0425\u043e\u043b\u0431\u043e\u043e \u0431\u0430\u0440\u0438\u0445 - RAPASOL CZ, s. r. o.","isPartOf":{"@id":"https:\/\/rapasol.cz\/mn\/#website"},"datePublished":"2024-02-20T12:29:37+00:00","dateModified":"2024-02-20T14:07:25+00:00","breadcrumb":{"@id":"https:\/\/rapasol.cz\/mn\/kholboo-barikh\/#breadcrumb"},"inLanguage":"mn-MN","potentialAction":[{"@type":"ReadAction","target":["https:\/\/rapasol.cz\/mn\/kholboo-barikh\/"]}]},{"@type":"BreadcrumbList","@id":"https:\/\/rapasol.cz\/mn\/kholboo-barikh\/#breadcrumb","itemListElement":[{"@type":"ListItem","position":1,"name":"\u0413\u044d\u0440","item":"https:\/\/rapasol.cz\/mn\/turshiltyn-khuudas\/"},{"@type":"ListItem","position":2,"name":"\u0425\u043e\u043b\u0431\u043e\u043e \u0431\u0430\u0440\u0438\u0445"}]},{"@type":"WebSite","@id":"https:\/\/rapasol.cz\/mn\/#website","url":"https:\/\/rapasol.cz\/mn\/","name":"RAPASOL CZ, s. r. o.","description":"Specializujeme se na zprost\u0159edkov\u00e1n\u00ed zam\u011bstn\u00e1n\u00ed do pr\u016fmyslov\u00fdch odv\u011btv\u00ed, zejm\u00e9na do v\u00fdrobn\u00edch a distribu\u010dn\u00edch spole\u010dnost\u00ed.","potentialAction":[{"@type":"SearchAction","target":{"@type":"EntryPoint","urlTemplate":"https:\/\/rapasol.cz\/mn\/?s={search_term_string}"},"query-input":{"@type":"PropertyValueSpecification","valueRequired":true,"valueName":"search_term_string"}}],"inLanguage":"mn-MN"}]}},"_links":{"self":[{"href":"https:\/\/rapasol.cz\/mn\/wp-json\/wp\/v2\/pages\/915","targetHints":{"allow":["GET"]}}],"collection":[{"href":"https:\/\/rapasol.cz\/mn\/wp-json\/wp\/v2\/pages"}],"about":[{"href":"https:\/\/rapasol.cz\/mn\/wp-json\/wp\/v2\/types\/page"}],"author":[{"embeddable":true,"href":"https:\/\/rapasol.cz\/mn\/wp-json\/wp\/v2\/users\/2"}],"replies":[{"embeddable":true,"href":"https:\/\/rapasol.cz\/mn\/wp-json\/wp\/v2\/comments?post=915"}],"version-history":[{"count":5,"href":"https:\/\/rapasol.cz\/mn\/wp-json\/wp\/v2\/pages\/915\/revisions"}],"predecessor-version":[{"id":945,"href":"https:\/\/rapasol.cz\/mn\/wp-json\/wp\/v2\/pages\/915\/revisions\/945"}],"wp:attachment":[{"href":"https:\/\/rapasol.cz\/mn\/wp-json\/wp\/v2\/media?parent=915"}],"curies":[{"name":"wp","href":"https:\/\/api.w.org\/{rel}","templated":true}]}}