{"id":899,"date":"2024-02-20T11:12:46","date_gmt":"2024-02-20T10:12:46","guid":{"rendered":"https:\/\/rapasol.cz\/uilchilgee\/"},"modified":"2024-02-20T15:31:44","modified_gmt":"2024-02-20T14:31:44","slug":"uilchilgee","status":"publish","type":"page","link":"https:\/\/rapasol.cz\/mn\/uilchilgee\/","title":{"rendered":"\u04ae\u0439\u043b\u0447\u0438\u043b\u0433\u044d\u044d"},"content":{"rendered":"<div class=\"fusion-fullwidth fullwidth-box fusion-builder-row-1 fusion-flex-container has-pattern-background has-mask-background nonhundred-percent-fullwidth non-hundred-percent-height-scrolling\" style=\"--awb-border-radius-top-left:0px;--awb-border-radius-top-right:0px;--awb-border-radius-bottom-right:0px;--awb-border-radius-bottom-left:0px;--awb-padding-bottom:6rem;\" ><div class=\"fusion-builder-row fusion-row fusion-flex-align-items-flex-start\" style=\"max-width:1414.4px;margin-left: calc(-4% \/ 2 );margin-right: calc(-4% \/ 2 );\"><div class=\"fusion-layout-column fusion_builder_column fusion-builder-column-0 fusion_builder_column_1_3 1_3 fusion-flex-column fusion-flex-align-self-stretch fusion-column-inner-bg-wrapper fusion-column-hover-type-liftup fusion-column-liftup-border fusion-animated\" style=\"--awb-padding-top:38px;--awb-padding-right:24px;--awb-padding-bottom:38px;--awb-padding-left:24px;--awb-inner-bg-color:var(--awb-color1);--awb-inner-bg-size:cover;--awb-border-color:rgba(67,69,73,0.14);--awb-inner-border-color:rgba(67,69,73,0.14);--awb-border-top:1px;--awb-inner-border-top:1px;--awb-border-right:1px;--awb-inner-border-right:1px;--awb-border-bottom:1px;--awb-inner-border-bottom:1px;--awb-border-left:1px;--awb-inner-border-left:1px;--awb-border-style:solid;--awb-inner-border-style:solid;--awb-width-large:33.333333333333%;--awb-spacing-right-large:14px;--awb-spacing-left-large:14px;--awb-width-medium:33.333333333333%;--awb-order-medium:0;--awb-spacing-right-medium:14px;--awb-spacing-left-medium:14px;--awb-width-small:100%;--awb-order-small:0;--awb-spacing-right-small:1.92%;--awb-spacing-left-small:1.92%;\" data-animationType=\"fadeInUp\" data-animationDuration=\"0.3\" data-animationOffset=\"top-into-view\"><span class=\"fusion-column-inner-bg hover-type-liftup\"><a class=\"fusion-column-anchor\" href=\"\/mn\/uilchilgee\/ajil-olgogchdod-zoriulsan-zovlokh-uilchilgee\/\"><span class=\"fusion-column-inner-bg-image\"><\/span><\/a><\/span><div class=\"fusion-column-wrapper fusion-flex-justify-content-space-between fusion-content-layout-column\"><div><i class=\"fb-icon-element-1 fb-icon-element fontawesome-icon fa-briefcase fas circle-no fusion-text-flow\" style=\"--awb-iconcolor:var(--awb-color5);--awb-iconcolor-hover:var(--awb-color5);--awb-font-size:40px;--awb-margin-bottom:34px;\"><\/i><div class=\"fusion-title title fusion-title-1 fusion-sep-none fusion-title-text fusion-title-size-three\" style=\"--awb-margin-bottom:0px;\"><h3 class=\"title-heading-left\" style=\"margin:0;\">\u0410\u0436\u0438\u043b\u0447\u0434\u0430\u0434 \u0437\u043e\u0440\u0438\u0443\u043b\u0441\u0430\u043d \u0437\u04e9\u0432\u043b\u04e9\u0445 \u04af\u0439\u043b\u0447\u0438\u043b\u0433\u044d\u044d<\/h3><\/div><div class=\"fusion-text fusion-text-1\" style=\"--awb-font-size:14px;--awb-margin-top:14px;\"><p>\u0411\u043e\u043b\u043e\u0432\u0441\u043e\u043d \u0445\u04af\u0447\u043d\u0438\u0439 \u0437\u04e9\u0432\u043b\u04e9\u0433\u04e9\u04e9, \u043c\u044d\u0434\u044d\u044d\u043b\u043b\u0438\u0439\u043d \u04af\u0439\u043b \u0430\u0436\u0438\u043b\u043b\u0430\u0433\u0430\u0430 \u043d\u044c \u0430\u0436\u0438\u043b \u0445\u0430\u0439\u0433\u0447\u0434\u0430\u0434 \u0437\u043e\u0440\u0438\u0443\u043b\u0430\u0433\u0434\u0441\u0430\u043d \u0431\u04e9\u0433\u04e9\u04e9\u0434 \u0445\u04e9\u0434\u04e9\u043b\u043c\u04e9\u0440\u0438\u0439\u043d \u0437\u0430\u0445 \u0437\u044d\u044d\u043b \u0434\u044d\u044d\u0440 \u0430\u0436\u0438\u043b \u0438\u0434\u044d\u0432\u0445\u0442\u044d\u0439 \u0445\u0430\u0439\u0436 \u0431\u0430\u0439\u0433\u0430\u0430 \u0445\u0443\u0432\u044c \u0445\u04af\u043c\u04af\u04af\u0441\u0442 \u044f\u0433 \u0442\u043e\u0445\u0438\u0440\u043e\u0445 \u0430\u0436\u043b\u044b\u043d \u0431\u0430\u0439\u0440\u044b\u0433 \u0438\u0434\u044d\u0432\u0445\u0442\u044d\u0439 \u0445\u0430\u0439\u0445\u0430\u0434 \u0447\u0438\u0433\u043b\u044d\u0433\u0434\u0434\u044d\u0433.<\/p>\n<\/div><\/div><i class=\"fb-icon-element-2 fb-icon-element fontawesome-icon fa-arrow-right fas circle-yes fusion-text-flow\" style=\"--awb-iconcolor:var(--awb-color5);--awb-iconcolor-hover:var(--awb-color5);--awb-circlecolor:var(--awb-color2);--awb-circlecolor-hover:var(--awb-color2);--awb-circlebordersize:0px;--awb-font-size:14.96px;--awb-width:29.92px;--awb-height:29.92px;--awb-line-height:29.92px;--awb-margin-right:8.5px;\"><\/i><\/div><\/div><div class=\"fusion-layout-column fusion_builder_column fusion-builder-column-1 fusion_builder_column_1_3 1_3 fusion-flex-column fusion-flex-align-self-stretch fusion-column-inner-bg-wrapper fusion-column-hover-type-liftup fusion-column-liftup-border fusion-animated\" style=\"--awb-padding-top:38px;--awb-padding-right:24px;--awb-padding-bottom:38px;--awb-padding-left:24px;--awb-inner-bg-color:var(--awb-color1);--awb-inner-bg-size:cover;--awb-border-color:rgba(67,69,73,0.14);--awb-inner-border-color:rgba(67,69,73,0.14);--awb-border-top:1px;--awb-inner-border-top:1px;--awb-border-right:1px;--awb-inner-border-right:1px;--awb-border-bottom:1px;--awb-inner-border-bottom:1px;--awb-border-left:1px;--awb-inner-border-left:1px;--awb-border-style:solid;--awb-inner-border-style:solid;--awb-width-large:33.333333333333%;--awb-spacing-right-large:14px;--awb-spacing-left-large:14px;--awb-width-medium:33.333333333333%;--awb-order-medium:0;--awb-spacing-right-medium:14px;--awb-spacing-left-medium:14px;--awb-width-small:100%;--awb-order-small:0;--awb-spacing-right-small:1.92%;--awb-spacing-left-small:1.92%;\" data-animationType=\"fadeInUp\" data-animationDuration=\"0.3\" data-animationDelay=\"0.2\" data-animationOffset=\"top-into-view\"><span class=\"fusion-column-inner-bg hover-type-liftup\"><a class=\"fusion-column-anchor\" href=\"\/mn\/uilchilgee\/ajil-olgogchdod-zoriulsan-zovlokh-uilchilgee-2\/\"><span class=\"fusion-column-inner-bg-image\"><\/span><\/a><\/span><div class=\"fusion-column-wrapper fusion-flex-justify-content-space-between fusion-content-layout-column\"><div><i class=\"fb-icon-element-3 fb-icon-element fontawesome-icon fa-search-plus fas circle-no fusion-text-flow\" style=\"--awb-iconcolor:var(--awb-color5);--awb-iconcolor-hover:var(--awb-color5);--awb-font-size:40px;--awb-margin-bottom:34px;\"><\/i><div class=\"fusion-title title fusion-title-2 fusion-sep-none fusion-title-text fusion-title-size-three\" style=\"--awb-margin-bottom:0px;\"><h3 class=\"title-heading-left\" style=\"margin:0;\">\u0410\u0436\u0438\u043b \u043e\u043b\u0433\u043e\u0433\u0447\u0434\u043e\u0434 \u0437\u043e\u0440\u0438\u0443\u043b\u0441\u0430\u043d \u0437\u04e9\u0432\u043b\u04e9\u0445 \u04af\u0439\u043b\u0447\u0438\u043b\u0433\u044d\u044d<\/h3><\/div><div class=\"fusion-text fusion-text-2\" style=\"--awb-font-size:14px;--awb-margin-top:14px;\"><p>\u0410\u0436\u0438\u043b \u043e\u043b\u0433\u043e\u0433\u0447\u0434\u043e\u0434 \u0437\u043e\u0440\u0438\u0443\u043b\u0441\u0430\u043d \u0431\u043e\u043b\u043e\u0432\u0441\u043e\u043d \u0445\u04af\u0447\u043d\u0438\u0439 \u0437\u04e9\u0432\u043b\u04e9\u0445 \u04af\u0439\u043b\u0447\u0438\u043b\u0433\u044d\u044d\u043d\u0438\u0439 \u0447\u0438\u0433\u043b\u044d\u043b\u044d\u044d\u0440 \u0431\u0438\u0434 \u043a\u043e\u0440\u043f\u043e\u0440\u0430\u0446\u0438\u0439\u043d \u04af\u0439\u043b\u0447\u043b\u04af\u04af\u043b\u044d\u0433\u0447\u0434\u044d\u0434 \u0437\u043e\u0440\u0438\u0443\u043b\u0441\u0430\u043d \u04e9\u043d\u0434\u04e9\u0440 \u043c\u044d\u0440\u0433\u044d\u0448\u0441\u044d\u043d \u0430\u0436\u0438\u043b\u0447\u0434\u044b\u0433 \u0445\u0430\u0439\u0436 \u043e\u043b\u043e\u0445 \u0430\u0436\u043b\u044b\u0433 \u0433\u04af\u0439\u0446\u044d\u0442\u0433\u044d\u0434\u044d\u0433.<\/p>\n<\/div><\/div><i class=\"fb-icon-element-4 fb-icon-element fontawesome-icon fa-arrow-right fas circle-yes fusion-text-flow\" style=\"--awb-iconcolor:var(--awb-color5);--awb-iconcolor-hover:var(--awb-color5);--awb-circlecolor:var(--awb-color2);--awb-circlecolor-hover:var(--awb-color2);--awb-circlebordersize:0px;--awb-font-size:14.96px;--awb-width:29.92px;--awb-height:29.92px;--awb-line-height:29.92px;--awb-margin-right:8.5px;\"><\/i><\/div><\/div><div class=\"fusion-layout-column fusion_builder_column fusion-builder-column-2 fusion_builder_column_1_3 1_3 fusion-flex-column fusion-flex-align-self-stretch fusion-column-inner-bg-wrapper fusion-column-hover-type-liftup fusion-column-liftup-border fusion-animated\" style=\"--awb-padding-top:38px;--awb-padding-right:24px;--awb-padding-bottom:38px;--awb-padding-left:24px;--awb-inner-bg-color:var(--awb-color1);--awb-inner-bg-size:cover;--awb-border-color:rgba(67,69,73,0.14);--awb-inner-border-color:rgba(67,69,73,0.14);--awb-border-top:1px;--awb-inner-border-top:1px;--awb-border-right:1px;--awb-inner-border-right:1px;--awb-border-bottom:1px;--awb-inner-border-bottom:1px;--awb-border-left:1px;--awb-inner-border-left:1px;--awb-border-style:solid;--awb-inner-border-style:solid;--awb-width-large:33.333333333333%;--awb-spacing-right-large:14px;--awb-spacing-left-large:14px;--awb-width-medium:33.333333333333%;--awb-order-medium:0;--awb-spacing-right-medium:14px;--awb-spacing-left-medium:14px;--awb-width-small:100%;--awb-order-small:0;--awb-spacing-right-small:1.92%;--awb-spacing-left-small:1.92%;\" data-animationType=\"fadeInUp\" data-animationDuration=\"0.3\" data-animationDelay=\"0.4\" data-animationOffset=\"top-into-view\"><span class=\"fusion-column-inner-bg hover-type-liftup\"><a class=\"fusion-column-anchor\" href=\"\/mn\/uilchilgee\/agyentlagyn-khodolmor-olgolt\/\"><span class=\"fusion-column-inner-bg-image\"><\/span><\/a><\/span><div class=\"fusion-column-wrapper fusion-flex-justify-content-space-between fusion-content-layout-column\"><div><i class=\"fb-icon-element-5 fb-icon-element fontawesome-icon fa-info-circle fas circle-no fusion-text-flow\" style=\"--awb-iconcolor:var(--awb-color5);--awb-iconcolor-hover:var(--awb-color5);--awb-font-size:40px;--awb-margin-bottom:34px;\"><\/i><div class=\"fusion-title title fusion-title-3 fusion-sep-none fusion-title-text fusion-title-size-three\" style=\"--awb-margin-bottom:0px;\"><h3 class=\"title-heading-left\" style=\"margin:0;\">\u0410\u0433\u0435\u043d\u0442\u043b\u0430\u0433\u0430\u0430\u0440 \u0430\u0436\u0438\u043b \u044d\u0440\u0445\u043b\u044d\u043b\u0442<\/h3><\/div><div class=\"fusion-text fusion-text-3\" style=\"--awb-font-size:14px;--awb-margin-top:14px;\"><p>\u0425\u04e9\u0434\u04e9\u043b\u043c\u04e9\u0440 \u044d\u0440\u0445\u043b\u044d\u043b\u0442\u0438\u0439\u043d \u0430\u0433\u0435\u043d\u0442\u043b\u0430\u0433\u0438\u0439\u043d \u04af\u0439\u043b\u0447\u0438\u043b\u0433\u044d\u044d \u043d\u044c \u04af\u0439\u043b\u0434\u0432\u044d\u0440\u043b\u044d\u043b\u0438\u0439\u043d \u0448\u0430\u0430\u0440\u0434\u043b\u0430\u0433\u0430\u0442\u0430\u0439 \u0447\u0438\u0433\u043b\u044d\u043b\u044d\u044d\u0440, \u044f\u043b\u0430\u043d\u0433\u0443\u044f\u0430 \u04af\u0439\u043b\u0434\u0432\u044d\u0440\u043b\u044d\u0445, \u0431\u043e\u043b\u043e\u0432\u0441\u0440\u0443\u0443\u043b\u0430\u0445 \u04af\u0439\u043b\u0434\u0432\u044d\u0440\u0442 (\u0436\u043d\u044c: \u0430\u0432\u0442\u043e\u043c\u0430\u0448\u0438\u043d, \u0438\u043d\u0436\u0435\u043d\u0435\u0440\u0447\u043b\u044d\u043b, \u0445\u0443\u0432\u0430\u043d\u0446\u0430\u0440 \u04af\u0439\u043b\u0434\u0432\u044d\u0440\u043b\u044d\u043b, \u0445\u04af\u043d\u0441\u043d\u0438\u0439 \u04af\u0439\u043b\u0434\u0432\u044d\u0440, \u0431\u0430\u0440\u0438\u043b\u0433\u0430, \u0446\u0430\u0445\u0438\u043b\u0433\u0430\u0430\u043d \u0442\u0435\u0445\u043d\u0438\u043a\u0438\u0439\u043d \u04af\u0439\u043b\u0434\u0432\u044d\u0440) \u0430\u0436\u0438\u043b\u0447\u0434\u044b\u0433 \u0437\u0443\u0443\u0447\u043b\u0430\u0445 \u0447\u0438\u0433\u043b\u044d\u043b\u044d\u044d\u0440 \u043c\u044d\u0440\u0433\u044d\u0448\u0441\u044d\u043d.<\/p>\n<\/div><\/div><i class=\"fb-icon-element-6 fb-icon-element fontawesome-icon fa-arrow-right fas circle-yes fusion-text-flow\" style=\"--awb-iconcolor:var(--awb-color5);--awb-iconcolor-hover:var(--awb-color5);--awb-circlecolor:var(--awb-color2);--awb-circlecolor-hover:var(--awb-color2);--awb-circlebordersize:0px;--awb-font-size:14.96px;--awb-width:29.92px;--awb-height:29.92px;--awb-line-height:29.92px;--awb-margin-right:8.5px;\"><\/i><\/div><\/div><\/div><\/div>\n","protected":false},"excerpt":{"rendered":"","protected":false},"author":2,"featured_media":0,"parent":0,"menu_order":0,"comment_status":"closed","ping_status":"closed","template":"100-width.php","meta":{"footnotes":""},"class_list":["post-899","page","type-page","status-publish","hentry"],"acf":[],"yoast_head":"<!-- This site is optimized with the Yoast SEO plugin v27.3 - https:\/\/yoast.com\/product\/yoast-seo-wordpress\/ -->\n<title>\u04ae\u0439\u043b\u0447\u0438\u043b\u0433\u044d\u044d - RAPASOL CZ, s. r. o.<\/title>\n<meta name=\"robots\" content=\"index, follow, max-snippet:-1, max-image-preview:large, max-video-preview:-1\" \/>\n<link rel=\"canonical\" href=\"https:\/\/rapasol.cz\/mn\/uilchilgee\/\" \/>\n<meta property=\"og:locale\" content=\"mn_MN\" \/>\n<meta property=\"og:type\" content=\"article\" \/>\n<meta property=\"og:title\" content=\"\u04ae\u0439\u043b\u0447\u0438\u043b\u0433\u044d\u044d - RAPASOL CZ, s. r. o.\" \/>\n<meta property=\"og:url\" content=\"https:\/\/rapasol.cz\/mn\/uilchilgee\/\" \/>\n<meta property=\"og:site_name\" content=\"RAPASOL CZ, s. r. o.\" \/>\n<meta property=\"article:publisher\" content=\"https:\/\/www.facebook.com\/rapasol.cz\" \/>\n<meta property=\"article:modified_time\" content=\"2024-02-20T14:31:44+00:00\" \/>\n<meta name=\"twitter:card\" content=\"summary_large_image\" \/>\n<meta name=\"twitter:label1\" content=\"Est. reading time\" \/>\n\t<meta name=\"twitter:data1\" content=\"15 minutes\" \/>\n<script type=\"application\/ld+json\" class=\"yoast-schema-graph\">{\"@context\":\"https:\\\/\\\/schema.org\",\"@graph\":[{\"@type\":\"WebPage\",\"@id\":\"https:\\\/\\\/rapasol.cz\\\/mn\\\/uilchilgee\\\/\",\"url\":\"https:\\\/\\\/rapasol.cz\\\/mn\\\/uilchilgee\\\/\",\"name\":\"\u04ae\u0439\u043b\u0447\u0438\u043b\u0433\u044d\u044d - RAPASOL CZ, s. r. o.\",\"isPartOf\":{\"@id\":\"https:\\\/\\\/rapasol.cz\\\/mn\\\/#website\"},\"datePublished\":\"2024-02-20T10:12:46+00:00\",\"dateModified\":\"2024-02-20T14:31:44+00:00\",\"breadcrumb\":{\"@id\":\"https:\\\/\\\/rapasol.cz\\\/mn\\\/uilchilgee\\\/#breadcrumb\"},\"inLanguage\":\"mn-MN\",\"potentialAction\":[{\"@type\":\"ReadAction\",\"target\":[\"https:\\\/\\\/rapasol.cz\\\/mn\\\/uilchilgee\\\/\"]}]},{\"@type\":\"BreadcrumbList\",\"@id\":\"https:\\\/\\\/rapasol.cz\\\/mn\\\/uilchilgee\\\/#breadcrumb\",\"itemListElement\":[{\"@type\":\"ListItem\",\"position\":1,\"name\":\"\u0413\u044d\u0440\",\"item\":\"https:\\\/\\\/rapasol.cz\\\/mn\\\/turshiltyn-khuudas\\\/\"},{\"@type\":\"ListItem\",\"position\":2,\"name\":\"\u04ae\u0439\u043b\u0447\u0438\u043b\u0433\u044d\u044d\"}]},{\"@type\":\"WebSite\",\"@id\":\"https:\\\/\\\/rapasol.cz\\\/mn\\\/#website\",\"url\":\"https:\\\/\\\/rapasol.cz\\\/mn\\\/\",\"name\":\"RAPASOL CZ, s. r. o.\",\"description\":\"Specializujeme se na zprost\u0159edkov\u00e1n\u00ed zam\u011bstn\u00e1n\u00ed do pr\u016fmyslov\u00fdch odv\u011btv\u00ed, zejm\u00e9na do v\u00fdrobn\u00edch a distribu\u010dn\u00edch spole\u010dnost\u00ed.\",\"potentialAction\":[{\"@type\":\"SearchAction\",\"target\":{\"@type\":\"EntryPoint\",\"urlTemplate\":\"https:\\\/\\\/rapasol.cz\\\/mn\\\/?s={search_term_string}\"},\"query-input\":{\"@type\":\"PropertyValueSpecification\",\"valueRequired\":true,\"valueName\":\"search_term_string\"}}],\"inLanguage\":\"mn-MN\"}]}<\/script>\n<!-- \/ Yoast SEO plugin. -->","yoast_head_json":{"title":"\u04ae\u0439\u043b\u0447\u0438\u043b\u0433\u044d\u044d - RAPASOL CZ, s. r. o.","robots":{"index":"index","follow":"follow","max-snippet":"max-snippet:-1","max-image-preview":"max-image-preview:large","max-video-preview":"max-video-preview:-1"},"canonical":"https:\/\/rapasol.cz\/mn\/uilchilgee\/","og_locale":"mn_MN","og_type":"article","og_title":"\u04ae\u0439\u043b\u0447\u0438\u043b\u0433\u044d\u044d - RAPASOL CZ, s. r. o.","og_url":"https:\/\/rapasol.cz\/mn\/uilchilgee\/","og_site_name":"RAPASOL CZ, s. r. o.","article_publisher":"https:\/\/www.facebook.com\/rapasol.cz","article_modified_time":"2024-02-20T14:31:44+00:00","twitter_card":"summary_large_image","twitter_misc":{"Est. reading time":"15 minutes"},"schema":{"@context":"https:\/\/schema.org","@graph":[{"@type":"WebPage","@id":"https:\/\/rapasol.cz\/mn\/uilchilgee\/","url":"https:\/\/rapasol.cz\/mn\/uilchilgee\/","name":"\u04ae\u0439\u043b\u0447\u0438\u043b\u0433\u044d\u044d - RAPASOL CZ, s. r. o.","isPartOf":{"@id":"https:\/\/rapasol.cz\/mn\/#website"},"datePublished":"2024-02-20T10:12:46+00:00","dateModified":"2024-02-20T14:31:44+00:00","breadcrumb":{"@id":"https:\/\/rapasol.cz\/mn\/uilchilgee\/#breadcrumb"},"inLanguage":"mn-MN","potentialAction":[{"@type":"ReadAction","target":["https:\/\/rapasol.cz\/mn\/uilchilgee\/"]}]},{"@type":"BreadcrumbList","@id":"https:\/\/rapasol.cz\/mn\/uilchilgee\/#breadcrumb","itemListElement":[{"@type":"ListItem","position":1,"name":"\u0413\u044d\u0440","item":"https:\/\/rapasol.cz\/mn\/turshiltyn-khuudas\/"},{"@type":"ListItem","position":2,"name":"\u04ae\u0439\u043b\u0447\u0438\u043b\u0433\u044d\u044d"}]},{"@type":"WebSite","@id":"https:\/\/rapasol.cz\/mn\/#website","url":"https:\/\/rapasol.cz\/mn\/","name":"RAPASOL CZ, s. r. o.","description":"Specializujeme se na zprost\u0159edkov\u00e1n\u00ed zam\u011bstn\u00e1n\u00ed do pr\u016fmyslov\u00fdch odv\u011btv\u00ed, zejm\u00e9na do v\u00fdrobn\u00edch a distribu\u010dn\u00edch spole\u010dnost\u00ed.","potentialAction":[{"@type":"SearchAction","target":{"@type":"EntryPoint","urlTemplate":"https:\/\/rapasol.cz\/mn\/?s={search_term_string}"},"query-input":{"@type":"PropertyValueSpecification","valueRequired":true,"valueName":"search_term_string"}}],"inLanguage":"mn-MN"}]}},"_links":{"self":[{"href":"https:\/\/rapasol.cz\/mn\/wp-json\/wp\/v2\/pages\/899","targetHints":{"allow":["GET"]}}],"collection":[{"href":"https:\/\/rapasol.cz\/mn\/wp-json\/wp\/v2\/pages"}],"about":[{"href":"https:\/\/rapasol.cz\/mn\/wp-json\/wp\/v2\/types\/page"}],"author":[{"embeddable":true,"href":"https:\/\/rapasol.cz\/mn\/wp-json\/wp\/v2\/users\/2"}],"replies":[{"embeddable":true,"href":"https:\/\/rapasol.cz\/mn\/wp-json\/wp\/v2\/comments?post=899"}],"version-history":[{"count":8,"href":"https:\/\/rapasol.cz\/mn\/wp-json\/wp\/v2\/pages\/899\/revisions"}],"predecessor-version":[{"id":958,"href":"https:\/\/rapasol.cz\/mn\/wp-json\/wp\/v2\/pages\/899\/revisions\/958"}],"wp:attachment":[{"href":"https:\/\/rapasol.cz\/mn\/wp-json\/wp\/v2\/media?parent=899"}],"curies":[{"name":"wp","href":"https:\/\/api.w.org\/{rel}","templated":true}]}}