{"id":1292,"date":"2024-03-18T10:59:19","date_gmt":"2024-03-18T09:59:19","guid":{"rendered":"https:\/\/rapasol.cz\/politica-de-privacidad\/"},"modified":"2024-03-18T10:59:20","modified_gmt":"2024-03-18T09:59:20","slug":"politica-de-privacidad","status":"publish","type":"page","link":"https:\/\/rapasol.cz\/es\/politica-de-privacidad\/","title":{"rendered":"Pol\u00edtica de privacidad"},"content":{"rendered":"<div class=\"fusion-fullwidth fullwidth-box fusion-builder-row-1 fusion-flex-container has-pattern-background has-mask-background nonhundred-percent-fullwidth non-hundred-percent-height-scrolling\" style=\"--awb-border-radius-top-left:0px;--awb-border-radius-top-right:0px;--awb-border-radius-bottom-right:0px;--awb-border-radius-bottom-left:0px;--awb-padding-top:0px;--awb-padding-bottom:0px;\" ><div class=\"fusion-builder-row fusion-row fusion-flex-align-items-flex-start\" style=\"max-width:1414.4px;margin-left: calc(-4% \/ 2 );margin-right: calc(-4% \/ 2 );\"><div class=\"fusion-layout-column fusion_builder_column fusion-builder-column-0 fusion_builder_column_1_1 1_1 fusion-flex-column fusion-animated\" style=\"--awb-bg-size:cover;--awb-width-large:100%;--awb-margin-top-large:0px;--awb-spacing-right-large:1.92%;--awb-margin-bottom-large:0px;--awb-spacing-left-large:1.92%;--awb-width-medium:100%;--awb-order-medium:0;--awb-spacing-right-medium:1.92%;--awb-spacing-left-medium:1.92%;--awb-width-small:100%;--awb-order-small:0;--awb-spacing-right-small:1.92%;--awb-spacing-left-small:1.92%;\" data-animationType=\"fadeInDown\" data-animationDuration=\"0.3\" data-animationOffset=\"top-into-view\"><div class=\"fusion-column-wrapper fusion-column-has-shadow fusion-flex-justify-content-flex-start fusion-content-layout-column\"><div class=\"fusion-text fusion-text-1\"><div class=\"fusion-title title fusion-title-1 fusion-sep-none fusion-title-text fusion-title-size-two fusion-border-below-title\">\n<h2 class=\"title-heading-left fusion-responsive-typography-calculated\" style=\"font-size: 24px; margin-top: 2rem; margin-bottom: 1rem;\" data-fontsize=\"24\" data-lineheight=\"33.6px\">I.Privacidad de los datos personales<\/h2>\n<\/div>\n<div class=\"fusion-text\">\n<p>1.1. Al introducir datos personales, el usuario reconoce que comprende los t\u00e9rminos de protecci\u00f3n de datos, est\u00e1 de acuerdo con su redacci\u00f3n y los acepta en su totalidad.<\/p>\n<p>1.2 El Proveedor es el usuario del Administrador de datos personales en virtud del art\u00edculo 4 (7) del Reglamento (UE) 2016\/679 del Parlamento Europeo y del Consejo relativo a&nbsp;la protecci\u00f3n de las personas f\u00edsicas en lo que respecta al tratamiento de datos personales y a&nbsp;la libre circulaci\u00f3n. de dichos datos y por la que se deroga la Directiva 95\/46\/CE y el Reglamento de Protecci\u00f3n de Datos) (en adelante, \u00abGDPR\u00bb). El Prestador se compromete a&nbsp;tratar los datos personales de conformidad con la normativa legal, especialmente el RGPD.   <\/p>\n<p>1.3. La informaci\u00f3n personal es cualquier informaci\u00f3n sobre una persona f\u00edsica identificada o&nbsp;identificable; una persona f\u00edsica identificable es una persona f\u00edsica que puede identificarse directa o&nbsp;indirectamente, en particular por referencia a&nbsp;un identificador particular como nombre, n\u00famero de identificaci\u00f3n, datos de ubicaci\u00f3n, identificador de red o&nbsp;uno o&nbsp;m\u00e1s f\u00edsicos, fisiol\u00f3gicos, gen\u00e9ticos, psicol\u00f3gicos, econ\u00f3micos espec\u00edficos. , la identidad social de este individuo.<\/p>\n<p>1.4 Al realizar el pedido, se requieren los datos personales necesarios para la ejecuci\u00f3n exitosa del pedido (nombre y direcci\u00f3n, contacto). La finalidad del tratamiento de los datos personales es la ejecuci\u00f3n del pedido del usuario y el ejercicio de los derechos y obligaciones derivados de la relaci\u00f3n contractual entre el Prestador y el Usuario. El prop\u00f3sito del procesamiento de informaci\u00f3n personal es enviar mensajes comerciales y realizar otras actividades de marketing. La raz\u00f3n legal para el procesamiento de datos personales es el cumplimiento del contrato de conformidad con el art\u00edculo 6 (1) b) del RGPD, el cumplimiento de la obligaci\u00f3n legal del administrador de conformidad con el art\u00edculo 6 (1) c) del RGPD y el inter\u00e9s leg\u00edtimo de el Proveedor de conformidad con el art\u00edculo 6 (1) f) del RGPD. El inter\u00e9s leg\u00edtimo del Proveedor es el tratamiento de datos personales con fines de marketing directo.             <\/p>\n<p>1.5 El Proveedor utiliza los servicios de subcontratistas, especialmente proveedores de servicios de correo (los datos personales se almacenan en terceros pa\u00edses) y proveedores de alojamiento web, para ejecutar el acuerdo de licencia. Los subcontratistas son examinados para garantizar el procesamiento seguro de datos personales. El proveedor y el subcontratista del proveedor de alojamiento web han celebrado un acuerdo de procesamiento de datos personales seg\u00fan el cual el subcontratista es responsable de la provisi\u00f3n adecuada del per\u00edmetro f\u00edsico, de hardware y de software y, por lo tanto, asume la responsabilidad directa ante el usuario por cualquier filtraci\u00f3n o&nbsp;violaci\u00f3n de datos personales.  <\/p>\n<p>1.6 El Proveedor almacenar\u00e1 los datos personales del Usuario durante el per\u00edodo necesario para ejercer los derechos y obligaciones derivados de la relaci\u00f3n contractual entre el Proveedor y el Usuario y la ejecuci\u00f3n de las reclamaciones derivadas de estas relaciones contractuales (durante 15 a\u00f1os desde la terminaci\u00f3n del contrato). relaci\u00f3n). Una vez que caduque, los datos se borrar\u00e1n. <\/p>\n<p>1.7 El Usuario tiene derecho a&nbsp;solicitar al Proveedor el acceso a&nbsp;sus datos personales de conformidad con el art\u00edculo 15 del RGPD, la reparaci\u00f3n de datos personales de conformidad con el art\u00edculo 16 del RGPD o, cuando corresponda, la restricci\u00f3n del procesamiento seg\u00fan el art\u00edculo 18 del RGPD. . El usuario tiene derecho a&nbsp;eliminar datos personales de conformidad con el art\u00edculo 17 (1) (a) y (c) a&nbsp;(f) del RGPD. Adem\u00e1s, el usuario tiene derecho a&nbsp;oponerse al procesamiento en virtud del art\u00edculo 21 del RGPD y derecho a&nbsp;la portabilidad de los datos en virtud del art\u00edculo 20 del RGPD.          <\/p>\n<p>1.8 El Usuario tiene derecho a&nbsp;presentar una queja ante la Oficina de Protecci\u00f3n de Datos Personales si considera que se ha vulnerado su derecho a&nbsp;la protecci\u00f3n de datos personales.<\/p>\n<p>1.9 El usuario no tiene obligaci\u00f3n de proporcionar informaci\u00f3n personal. Sin embargo, el suministro de datos personales es un requisito necesario para la celebraci\u00f3n y ejecuci\u00f3n del contrato y sin el suministro de datos personales no es posible celebrar el contrato ni cumplirlo por parte del proveedor. <\/p>\n<p>1.10 El Proveedor no toma autom\u00e1ticamente una decisi\u00f3n individual en el sentido del RGPD n.\u00ba 22. <\/p>\n<p>1.11 Solicitantes del uso de los servicios del Proveedor completando el formulario de contacto:<\/p>\n<ul>\n<li>1.&nbsp;acepta el uso de sus datos personales con el fin de enviar comunicaciones comerciales, materiales publicitarios, ventas directas, estudios de mercado y ofertas directas por parte del Proveedor y de terceros, pero no m\u00e1s de una vez por semana, y al mismo tiempo. tiempo<\/li>\n<li>2. Declara que el env\u00edo de informaci\u00f3n conforme al numeral 1.11.1 no considera publicidad no solicitada en el sentido de la Ley. N\u00b0 40\/1995 Recop. seg\u00fan enmendado, ya que el usuario env\u00eda la informaci\u00f3n de acuerdo con el punto 1.11.1 en conjunto con el art\u00edculo 7 de la Ley. N\u00b0 480\/2004 Recop. de acuerdo expl\u00edcitamente.      <\/li>\n<li>3. El consentimiento puede revocarse en cualquier momento por escrito en <strong><a href=\"mailto:info@rapasol.cz\">info@rapasol.cz<\/a><\/strong><\/li>\n<\/ul>\n<p>1.12 El Proveedor utiliza las denominadas cookies en su presentaci\u00f3n para mejorar la calidad del servicio, personalizar las ofertas, recopilar datos an\u00f3nimos y con fines anal\u00edticos. Al utilizar el sitio, el usuario acepta utilizar la tecnolog\u00eda.  <\/p>\n<\/div>\n<div class=\"fusion-title title fusion-title-2 fusion-sep-none fusion-title-text fusion-title-size-two fusion-border-below-title\">\n<h2 class=\"title-heading-left fusion-responsive-typography-calculated\" style=\"font-size: 24px; margin-top: 2rem; margin-bottom: 1rem;\" data-fontsize=\"24\" data-lineheight=\"33.6px\">II. Derechos y Obligaciones entre Administrador y Procesador (Acuerdo de Procesamiento) <\/h2>\n<\/div>\n<div class=\"fusion-text\">\n<p>2.1 El Proveedor act\u00faa en relaci\u00f3n con los Datos personales del Cliente por parte del Cliente de conformidad con el art\u00edculo 28 del RGPD. El usuario es el administrador de estos datos.  <\/p>\n<p>2.2 Estos T\u00e9rminos y Condiciones rigen los derechos y obligaciones mutuos en el procesamiento de datos personales a&nbsp;los que el Proveedor ha tenido acceso en relaci\u00f3n con el cumplimiento del acuerdo de licencia celebrado en forma de acuerdo de los T\u00e9rminos y Condiciones Generales en <a href=\"https:\/\/rapasol.cz\/es\/\"><strong>www.renobal. cz<\/strong><\/a> (el \u00abAcuerdo de licencia\u00bb) celebrado con el Usuario en la fecha de establecimiento de la cuenta de usuario.<\/p>\n<p>2.3. El Proveedor se compromete con el Usuario a&nbsp;procesar datos personales en la medida y para los fines establecidos en los Art\u00edculos 2.4 \u2013 2.7 de estos T\u00e9rminos y Condiciones. Los recursos de procesamiento ser\u00e1n automatizados. El Prestador recoger\u00e1, almacenar\u00e1, almacenar\u00e1, bloquear\u00e1 y desmontar\u00e1 datos personales en el tratamiento. El Proveedor no est\u00e1 autorizado a&nbsp;procesar datos personales en violaci\u00f3n o&nbsp;m\u00e1s all\u00e1 de los l\u00edmites establecidos por estos t\u00e9rminos.    <\/p>\n<p>2.4 El Proveedor se compromete ante el usuario a&nbsp;procesar datos personales en la siguiente medida:<\/p>\n<p>1.&nbsp;datos personales comunes,<br \/>\n2.&nbsp;categor\u00edas especiales de datos seg\u00fan el art\u00edculo 9 del RGPD, que el usuario obtuvo en relaci\u00f3n con su propio negocio. <\/p>\n<p>2.5. El Prestador se compromete al tratamiento de los datos personales del usuario con la finalidad de atender las consultas y solicitudes de los clientes obtenidas a&nbsp;trav\u00e9s del formulario de contacto.<\/p>\n<p>2.6. Los datos personales s\u00f3lo podr\u00e1n ser tratados en el lugar de trabajo del Proveedor o&nbsp;de sus subcontratistas en virtud del art\u00edculo 2.8 de estas Condiciones, dentro del territorio de la Uni\u00f3n Europea. <\/p>\n<p>2.7. El Prestador se obliga al Usuario a&nbsp;tratar los datos personales de sus clientes, todo durante el tiempo necesario para ejercer los derechos y obligaciones derivados de la relaci\u00f3n contractual entre el Prestador y el Usuario y para reclamar dichas relaciones contractuales (durante 15 a\u00f1os a&nbsp;partir de la terminaci\u00f3n de la relaci\u00f3n contractual).<\/p>\n<p>2.8 El usuario concede permiso para contratar a&nbsp;un subcontratista como procesador adicional seg\u00fan el art\u00edculo 28 (2) del RGPD, que es el proveedor de la aplicaci\u00f3n de alojamiento. Adem\u00e1s, el Usuario otorga al Proveedor una autorizaci\u00f3n general para participar en el procesamiento de otro procesador de datos personales, pero el Proveedor debe informar al usuario por escrito de cualquier cambio previsto para la aceptaci\u00f3n o&nbsp;reemplazo de los otros procesadores y darle al usuario la oportunidad. oponerse a&nbsp;estos cambios. El Prestador deber\u00e1 imponer a&nbsp;sus subcontratistas como encargados del tratamiento de datos personales las mismas obligaciones de protecci\u00f3n de datos personales establecidas en los presentes t\u00e9rminos.    <\/p>\n<p>2.9. El Proveedor se compromete a&nbsp;que el tratamiento de los datos personales se garantice, en particular, de la siguiente manera:<\/p>\n<ul>\n<li>1. Los datos personales se procesan de acuerdo con las normas legales y sobre la base de las instrucciones del Usuario, es decir, para la realizaci\u00f3n de todas las actividades necesarias para el suministro de plataformas web. <\/li>\n<li>2. El Proveedor se compromete a&nbsp;proporcionar t\u00e9cnica y organizativamente la protecci\u00f3n de los datos personales procesados para que el acceso no autorizado o&nbsp;accidental a&nbsp;los datos, su modificaci\u00f3n, destrucci\u00f3n o&nbsp;p\u00e9rdida, transmisiones no autorizadas, cualquier otro procesamiento no autorizado as\u00ed como otros usos indebidos y para garantizar que todas las obligaciones del procesador de datos personales derivadas de la ley se salvaguardan continuamente durante la continuidad personal y organizacional del procesamiento de datos.<\/li>\n<li>3. Las medidas t\u00e9cnicas y organizativas adoptadas se corresponder\u00e1n con el nivel de riesgo. El proveedor garantiza la confidencialidad, integridad, accesibilidad y resiliencia continuas de los sistemas y servicios de procesamiento, y restablece oportunamente la disponibilidad y el acceso a&nbsp;los datos personales en caso de incidentes f\u00edsicos o&nbsp;t\u00e9cnicos. <\/li>\n<li>4. El Prestador declara que la protecci\u00f3n de datos personales est\u00e1 sujeta a&nbsp;la normativa interna de seguridad del Prestador.<\/li>\n<li>5. Los datos personales ser\u00e1n accesibles \u00fanicamente al Proveedor autorizado y a&nbsp;los subcontratistas de conformidad con el Art\u00edculo 2.8 de estas Condiciones, que estipular\u00e1 al Proveedor las condiciones y el alcance del procesamiento de datos y dicha persona acceder\u00e1 a&nbsp;los datos personales bajo su identificador \u00fanico. <\/li>\n<li>6. Personas facultadas Los proveedores que procesen datos personales en estas condiciones est\u00e1n obligados a&nbsp;mantener la confidencialidad sobre los datos personales y las medidas de seguridad cuya divulgaci\u00f3n comprometer\u00eda su seguridad. El Proveedor deber\u00e1 garantizar su compromiso demostrable con esta obligaci\u00f3n. El Proveedor se asegurar\u00e1 de que esta obligaci\u00f3n tanto para el Proveedor como para el Beneficiario contin\u00fae despu\u00e9s de la terminaci\u00f3n de una relaci\u00f3n legal o&nbsp;de otro tipo con el Proveedor.  <\/li>\n<li>7. El proveedor ayudar\u00e1 al usuario, a&nbsp;trav\u00e9s de medidas t\u00e9cnicas y organizativas apropiadas, si es posible, para cumplir con la obligaci\u00f3n del usuario de responder a&nbsp;las solicitudes del interesado sobre datos sujetos al RGPD; as\u00ed como garantizar el cumplimiento de las obligaciones previstas en los art\u00edculos 32 a&nbsp;36 del RGPD, teniendo en cuenta la naturaleza del tratamiento y la informaci\u00f3n de que dispone el Proveedor. <\/li>\n<li>8. Al finalizar la prestaci\u00f3n de la prestaci\u00f3n asociada con el procesamiento en virtud del art\u00edculo 2.7 de estas Condiciones, el Proveedor est\u00e1 obligado a&nbsp;eliminar todos los datos personales o&nbsp;a&nbsp;devolverlos al Usuario si no est\u00e1 obligado a&nbsp;almacenar datos personales en virtud de una ley especial. <\/li>\n<li>9. El Proveedor proporcionar\u00e1 al Usuario toda la informaci\u00f3n necesaria para demostrar que se han cumplido las obligaciones bajo este Acuerdo y el GDPR, permitir\u00e1 auditor\u00edas, incluidas inspecciones, realizadas por el Usuario u&nbsp;otro auditor asignado por el Usuario.<\/li>\n<\/ul>\n<p>2.10 El Usuario se compromete a&nbsp;informar con prontitud sobre cualquier hecho de su conocimiento que pueda afectar negativamente al correcto y oportuno cumplimiento de las obligaciones derivadas de estas Condiciones y a&nbsp;prestar al Proveedor la cooperaci\u00f3n necesaria para cumplir con estas condiciones.<\/p>\n<\/div>\n<div class=\"fusion-title title fusion-title-3 fusion-sep-none fusion-title-text fusion-title-size-two fusion-border-below-title\">\n<h2 class=\"title-heading-left fusion-responsive-typography-calculated\" style=\"font-size: 24px; margin-top: 2rem; margin-bottom: 1rem;\" data-fontsize=\"24\" data-lineheight=\"33.6px\">III. Provisiones finales <\/h2>\n<\/div>\n<div class=\"fusion-text\">\n<p>3.1 Estos T\u00e9rminos expirar\u00e1n al vencimiento del tiempo especificado en el Art\u00edculo 1.6 y el Art\u00edculo 2.7 de estas Condiciones.  <\/p>\n<p>3.2 El usuario acepta estos t\u00e9rminos marcando el consentimiento a&nbsp;trav\u00e9s del formulario en l\u00ednea. Al firmar el consentimiento, el usuario expresa que ha le\u00eddo los presentes t\u00e9rminos, est\u00e1 de acuerdo con ellos y los acepta en su totalidad. <\/p>\n<p>3.3 El Proveedor tiene derecho a&nbsp;cambiar estos t\u00e9rminos. El Proveedor est\u00e1 obligado a&nbsp;publicar una nueva versi\u00f3n de los t\u00e9rminos en su sitio web sin demora indebida. enviar\u00e1 la nueva versi\u00f3n al Usuario a&nbsp;su direcci\u00f3n de correo electr\u00f3nico.  <\/p>\n<p>3.4. Datos de contacto del proveedor en asuntos relacionados con las siguientes condiciones: <strong><a href=\"tel:+420721976762\">+420&nbsp;721&nbsp;976&nbsp;762<\/a><\/strong>, <a href=\"mailto:info@rapasol.cz\"><strong>info@rapasol.cz<\/strong><\/a>.<\/p>\n<p>3.5 Las relaciones que no se rijan expresamente por estos t\u00e9rminos y condiciones se regir\u00e1n por el RGPD y el ordenamiento jur\u00eddico de la Rep\u00fablica Checa, en particular por la Ley n.\u00ba 89\/2012 Coll., C\u00f3digo Civil, en su versi\u00f3n modificada.<\/p>\n<p>Estos T\u00e9rminos entrar\u00e1n en vigor el <strong>18 de marzo de 2024<\/strong>.<\/p>\n<\/div>\n<\/div><\/div><\/div><\/div><\/div>\n","protected":false},"excerpt":{"rendered":"","protected":false},"author":2,"featured_media":0,"parent":0,"menu_order":0,"comment_status":"closed","ping_status":"closed","template":"100-width.php","meta":{"footnotes":""},"class_list":["post-1292","page","type-page","status-publish","hentry"],"acf":[],"yoast_head":"<!-- This site is optimized with the Yoast SEO plugin v27.3 - https:\/\/yoast.com\/product\/yoast-seo-wordpress\/ -->\n<title>Pol\u00edtica de privacidad - RAPASOL CZ, s. r. o.<\/title>\n<meta name=\"robots\" content=\"index, follow, max-snippet:-1, max-image-preview:large, max-video-preview:-1\" \/>\n<link rel=\"canonical\" href=\"https:\/\/rapasol.cz\/es\/politica-de-privacidad\/\" \/>\n<meta property=\"og:locale\" content=\"es_ES\" \/>\n<meta property=\"og:type\" content=\"article\" \/>\n<meta property=\"og:title\" content=\"Pol\u00edtica de privacidad - RAPASOL CZ, s. r. o.\" \/>\n<meta property=\"og:url\" content=\"https:\/\/rapasol.cz\/es\/politica-de-privacidad\/\" \/>\n<meta property=\"og:site_name\" content=\"RAPASOL CZ, s. r. o.\" \/>\n<meta property=\"article:publisher\" content=\"https:\/\/www.facebook.com\/rapasol.cz\" \/>\n<meta property=\"article:modified_time\" content=\"2024-03-18T09:59:20+00:00\" \/>\n<meta name=\"twitter:card\" content=\"summary_large_image\" \/>\n<meta name=\"twitter:label1\" content=\"Tiempo de lectura\" \/>\n\t<meta name=\"twitter:data1\" content=\"15 minutos\" \/>\n<script type=\"application\/ld+json\" class=\"yoast-schema-graph\">{\"@context\":\"https:\\\/\\\/schema.org\",\"@graph\":[{\"@type\":\"WebPage\",\"@id\":\"https:\\\/\\\/rapasol.cz\\\/es\\\/politica-de-privacidad\\\/\",\"url\":\"https:\\\/\\\/rapasol.cz\\\/es\\\/politica-de-privacidad\\\/\",\"name\":\"Pol\u00edtica de privacidad - RAPASOL CZ, s. r. o.\",\"isPartOf\":{\"@id\":\"https:\\\/\\\/rapasol.cz\\\/es\\\/#website\"},\"datePublished\":\"2024-03-18T09:59:19+00:00\",\"dateModified\":\"2024-03-18T09:59:20+00:00\",\"breadcrumb\":{\"@id\":\"https:\\\/\\\/rapasol.cz\\\/es\\\/politica-de-privacidad\\\/#breadcrumb\"},\"inLanguage\":\"es\",\"potentialAction\":[{\"@type\":\"ReadAction\",\"target\":[\"https:\\\/\\\/rapasol.cz\\\/es\\\/politica-de-privacidad\\\/\"]}]},{\"@type\":\"BreadcrumbList\",\"@id\":\"https:\\\/\\\/rapasol.cz\\\/es\\\/politica-de-privacidad\\\/#breadcrumb\",\"itemListElement\":[{\"@type\":\"ListItem\",\"position\":1,\"name\":\"Hogar\",\"item\":\"https:\\\/\\\/rapasol.cz\\\/es\\\/\"},{\"@type\":\"ListItem\",\"position\":2,\"name\":\"Pol\u00edtica de privacidad\"}]},{\"@type\":\"WebSite\",\"@id\":\"https:\\\/\\\/rapasol.cz\\\/es\\\/#website\",\"url\":\"https:\\\/\\\/rapasol.cz\\\/es\\\/\",\"name\":\"RAPASOL CZ, s. r. o.\",\"description\":\"Specializujeme se na zprost\u0159edkov\u00e1n\u00ed zam\u011bstn\u00e1n\u00ed do pr\u016fmyslov\u00fdch odv\u011btv\u00ed, zejm\u00e9na do v\u00fdrobn\u00edch a distribu\u010dn\u00edch spole\u010dnost\u00ed.\",\"potentialAction\":[{\"@type\":\"SearchAction\",\"target\":{\"@type\":\"EntryPoint\",\"urlTemplate\":\"https:\\\/\\\/rapasol.cz\\\/es\\\/?s={search_term_string}\"},\"query-input\":{\"@type\":\"PropertyValueSpecification\",\"valueRequired\":true,\"valueName\":\"search_term_string\"}}],\"inLanguage\":\"es\"}]}<\/script>\n<!-- \/ Yoast SEO plugin. -->","yoast_head_json":{"title":"Pol\u00edtica de privacidad - RAPASOL CZ, s. r. o.","robots":{"index":"index","follow":"follow","max-snippet":"max-snippet:-1","max-image-preview":"max-image-preview:large","max-video-preview":"max-video-preview:-1"},"canonical":"https:\/\/rapasol.cz\/es\/politica-de-privacidad\/","og_locale":"es_ES","og_type":"article","og_title":"Pol\u00edtica de privacidad - RAPASOL CZ, s. r. o.","og_url":"https:\/\/rapasol.cz\/es\/politica-de-privacidad\/","og_site_name":"RAPASOL CZ, s. r. o.","article_publisher":"https:\/\/www.facebook.com\/rapasol.cz","article_modified_time":"2024-03-18T09:59:20+00:00","twitter_card":"summary_large_image","twitter_misc":{"Tiempo de lectura":"15 minutos"},"schema":{"@context":"https:\/\/schema.org","@graph":[{"@type":"WebPage","@id":"https:\/\/rapasol.cz\/es\/politica-de-privacidad\/","url":"https:\/\/rapasol.cz\/es\/politica-de-privacidad\/","name":"Pol\u00edtica de privacidad - RAPASOL CZ, s. r. o.","isPartOf":{"@id":"https:\/\/rapasol.cz\/es\/#website"},"datePublished":"2024-03-18T09:59:19+00:00","dateModified":"2024-03-18T09:59:20+00:00","breadcrumb":{"@id":"https:\/\/rapasol.cz\/es\/politica-de-privacidad\/#breadcrumb"},"inLanguage":"es","potentialAction":[{"@type":"ReadAction","target":["https:\/\/rapasol.cz\/es\/politica-de-privacidad\/"]}]},{"@type":"BreadcrumbList","@id":"https:\/\/rapasol.cz\/es\/politica-de-privacidad\/#breadcrumb","itemListElement":[{"@type":"ListItem","position":1,"name":"Hogar","item":"https:\/\/rapasol.cz\/es\/"},{"@type":"ListItem","position":2,"name":"Pol\u00edtica de privacidad"}]},{"@type":"WebSite","@id":"https:\/\/rapasol.cz\/es\/#website","url":"https:\/\/rapasol.cz\/es\/","name":"RAPASOL CZ, s. r. o.","description":"Specializujeme se na zprost\u0159edkov\u00e1n\u00ed zam\u011bstn\u00e1n\u00ed do pr\u016fmyslov\u00fdch odv\u011btv\u00ed, zejm\u00e9na do v\u00fdrobn\u00edch a distribu\u010dn\u00edch spole\u010dnost\u00ed.","potentialAction":[{"@type":"SearchAction","target":{"@type":"EntryPoint","urlTemplate":"https:\/\/rapasol.cz\/es\/?s={search_term_string}"},"query-input":{"@type":"PropertyValueSpecification","valueRequired":true,"valueName":"search_term_string"}}],"inLanguage":"es"}]}},"_links":{"self":[{"href":"https:\/\/rapasol.cz\/es\/wp-json\/wp\/v2\/pages\/1292","targetHints":{"allow":["GET"]}}],"collection":[{"href":"https:\/\/rapasol.cz\/es\/wp-json\/wp\/v2\/pages"}],"about":[{"href":"https:\/\/rapasol.cz\/es\/wp-json\/wp\/v2\/types\/page"}],"author":[{"embeddable":true,"href":"https:\/\/rapasol.cz\/es\/wp-json\/wp\/v2\/users\/2"}],"replies":[{"embeddable":true,"href":"https:\/\/rapasol.cz\/es\/wp-json\/wp\/v2\/comments?post=1292"}],"version-history":[{"count":2,"href":"https:\/\/rapasol.cz\/es\/wp-json\/wp\/v2\/pages\/1292\/revisions"}],"predecessor-version":[{"id":1294,"href":"https:\/\/rapasol.cz\/es\/wp-json\/wp\/v2\/pages\/1292\/revisions\/1294"}],"wp:attachment":[{"href":"https:\/\/rapasol.cz\/es\/wp-json\/wp\/v2\/media?parent=1292"}],"curies":[{"name":"wp","href":"https:\/\/api.w.org\/{rel}","templated":true}]}}