{"id":1279,"date":"2024-03-18T10:23:32","date_gmt":"2024-03-18T09:23:32","guid":{"rendered":"https:\/\/rapasol.cz\/servicios\/actividad-de-asesoramiento-para-empresas\/"},"modified":"2024-03-18T10:23:32","modified_gmt":"2024-03-18T09:23:32","slug":"actividad-de-asesoramiento-para-empresas","status":"publish","type":"page","link":"https:\/\/rapasol.cz\/es\/servicios\/actividad-de-asesoramiento-para-empresas\/","title":{"rendered":"Actividad de asesoramiento para empresas"},"content":{"rendered":"<div class=\"fusion-fullwidth fullwidth-box fusion-builder-row-1 fusion-flex-container has-pattern-background has-mask-background nonhundred-percent-fullwidth non-hundred-percent-height-scrolling\" style=\"--awb-border-radius-top-left:0px;--awb-border-radius-top-right:0px;--awb-border-radius-bottom-right:0px;--awb-border-radius-bottom-left:0px;\" ><div class=\"fusion-builder-row fusion-row fusion-flex-align-items-flex-start fusion-flex-justify-content-space-between\" style=\"max-width:1414.4px;margin-left: calc(-4% \/ 2 );margin-right: calc(-4% \/ 2 );\"><div class=\"fusion-layout-column fusion_builder_column fusion-builder-column-0 fusion_builder_column_3_5 3_5 fusion-flex-column\" style=\"--awb-bg-size:cover;--awb-width-large:60%;--awb-spacing-right-large:3.2%;--awb-spacing-left-large:3.2%;--awb-width-medium:60%;--awb-order-medium:0;--awb-spacing-right-medium:3.2%;--awb-spacing-left-medium:3.2%;--awb-width-small:100%;--awb-order-small:0;--awb-spacing-right-small:1.92%;--awb-spacing-left-small:1.92%;\"><div class=\"fusion-column-wrapper fusion-column-has-shadow fusion-flex-justify-content-flex-start fusion-content-layout-column\"><div class=\"fusion-text fusion-text-1\"><p>En el \u00e1mbito de los servicios de asesoramiento de recursos humanos para empresas, nos dedicamos a&nbsp;la b\u00fasqueda de empleados altamente cualificados para nuestros clientes corporativos. Nos especializamos en la localizaci\u00f3n y contrataci\u00f3n de trabajadores para empresas de producci\u00f3n y distribuci\u00f3n. Adem\u00e1s, nuestra empresa tambi\u00e9n se dedica a&nbsp;la captaci\u00f3n de personal especializado para las siguientes \u00e1reas: construcci\u00f3n, soldadura, inform\u00e1tica, telecomunicaciones, comercio (compras y ventas), marketing, log\u00edstica, contabilidad, derecho y servicios de asesoramiento. Esto incluye publicidad y preselecci\u00f3n de candidatos, contrataci\u00f3n est\u00e1ndar (<strong>Recruitment<\/strong>) y localizaci\u00f3n de ejecutivos (<strong>Executive Research<\/strong>). Nos esforzamos por cuidar lo suficiente a&nbsp;nuestros clientes para as\u00ed lograr el \u00e9xito com\u00fan, es decir, conseguir el trabajo deseado y unas condiciones laborales satisfactorias. Nuestro objetivo es la satisfacci\u00f3n de nuestros clientes, tanto por parte de la empresa como del trabajador.<\/p>\n<\/div><\/div><\/div><div class=\"fusion-layout-column fusion_builder_column fusion-builder-column-1 fusion_builder_column_2_5 2_5 fusion-flex-column fusion-animated\" style=\"--awb-bg-size:cover;--awb-transition:filter 300ms linear, transform 300ms linear;--awb-width-large:40%;--awb-spacing-right-large:4.8%;--awb-spacing-left-large:4.8%;--awb-width-medium:40%;--awb-order-medium:0;--awb-spacing-right-medium:4.8%;--awb-spacing-left-medium:4.8%;--awb-width-small:100%;--awb-order-small:0;--awb-spacing-right-small:1.92%;--awb-spacing-left-small:1.92%;\" data-animationType=\"fadeInUp\" data-animationDuration=\"0.5\" data-animationOffset=\"top-into-view\"><div class=\"fusion-column-wrapper fusion-column-has-shadow fusion-flex-justify-content-flex-start fusion-content-layout-column\"><div class=\"fusion-image-element \"><span class=\" fusion-imageframe imageframe-none imageframe-1 hover-type-none\"><img decoding=\"async\" width=\"1000\" height=\"619\" alt=\"Poradensk\u00e1 \u010dinnost pro zam\u011bstnavatele (1)\" title=\"Poradensk\u00e1 \u010dinnost pro zam\u011bstnavatele (1)\" src=\"https:\/\/rapasol.cz\/wp-content\/uploads\/2023\/11\/Poradenska-cinnost-pro-zamestnavatele-1.jpg\" data-orig-src=\"https:\/\/rapasol.cz\/wp-content\/uploads\/2023\/11\/Poradenska-cinnost-pro-zamestnavatele-1.jpg\" class=\"lazyload img-responsive wp-image-584\" srcset=\"data:image\/svg+xml,%3Csvg%20xmlns%3D%27http%3A%2F%2Fwww.w3.org%2F2000%2Fsvg%27%20width%3D%271000%27%20height%3D%27619%27%20viewBox%3D%270%200%201000%20619%27%3E%3Crect%20width%3D%271000%27%20height%3D%27619%27%20fill-opacity%3D%220%22%2F%3E%3C%2Fsvg%3E\" data-srcset=\"https:\/\/rapasol.cz\/wp-content\/uploads\/2023\/11\/Poradenska-cinnost-pro-zamestnavatele-1-200x124.jpg 200w, https:\/\/rapasol.cz\/wp-content\/uploads\/2023\/11\/Poradenska-cinnost-pro-zamestnavatele-1-400x248.jpg 400w, https:\/\/rapasol.cz\/wp-content\/uploads\/2023\/11\/Poradenska-cinnost-pro-zamestnavatele-1-600x371.jpg 600w, https:\/\/rapasol.cz\/wp-content\/uploads\/2023\/11\/Poradenska-cinnost-pro-zamestnavatele-1-800x495.jpg 800w, https:\/\/rapasol.cz\/wp-content\/uploads\/2023\/11\/Poradenska-cinnost-pro-zamestnavatele-1.jpg 1000w\" data-sizes=\"auto\" data-orig-sizes=\"(max-width: 640px) 100vw, 600px\" \/><\/span><\/div><\/div><\/div><\/div><\/div>\n","protected":false},"excerpt":{"rendered":"","protected":false},"author":2,"featured_media":0,"parent":1273,"menu_order":0,"comment_status":"closed","ping_status":"closed","template":"100-width.php","meta":{"footnotes":""},"class_list":["post-1279","page","type-page","status-publish","hentry"],"acf":[],"yoast_head":"<!-- This site is optimized with the Yoast SEO plugin v27.3 - https:\/\/yoast.com\/product\/yoast-seo-wordpress\/ -->\n<title>Actividad de asesoramiento para empresas - RAPASOL CZ, s. r. o.<\/title>\n<meta name=\"robots\" content=\"index, follow, max-snippet:-1, max-image-preview:large, max-video-preview:-1\" \/>\n<link rel=\"canonical\" href=\"https:\/\/rapasol.cz\/es\/servicios\/actividad-de-asesoramiento-para-empresas\/\" \/>\n<meta property=\"og:locale\" content=\"es_ES\" \/>\n<meta property=\"og:type\" content=\"article\" \/>\n<meta property=\"og:title\" content=\"Actividad de asesoramiento para empresas - RAPASOL CZ, s. r. o.\" \/>\n<meta property=\"og:url\" content=\"https:\/\/rapasol.cz\/es\/servicios\/actividad-de-asesoramiento-para-empresas\/\" \/>\n<meta property=\"og:site_name\" content=\"RAPASOL CZ, s. r. o.\" \/>\n<meta property=\"article:publisher\" content=\"https:\/\/www.facebook.com\/rapasol.cz\" \/>\n<meta name=\"twitter:card\" content=\"summary_large_image\" \/>\n<meta name=\"twitter:label1\" content=\"Tiempo de lectura\" \/>\n\t<meta name=\"twitter:data1\" content=\"6 minutos\" \/>\n<script type=\"application\/ld+json\" class=\"yoast-schema-graph\">{\"@context\":\"https:\\\/\\\/schema.org\",\"@graph\":[{\"@type\":\"WebPage\",\"@id\":\"https:\\\/\\\/rapasol.cz\\\/es\\\/servicios\\\/actividad-de-asesoramiento-para-empresas\\\/\",\"url\":\"https:\\\/\\\/rapasol.cz\\\/es\\\/servicios\\\/actividad-de-asesoramiento-para-empresas\\\/\",\"name\":\"Actividad de asesoramiento para empresas - RAPASOL CZ, s. r. o.\",\"isPartOf\":{\"@id\":\"https:\\\/\\\/rapasol.cz\\\/es\\\/#website\"},\"datePublished\":\"2024-03-18T09:23:32+00:00\",\"breadcrumb\":{\"@id\":\"https:\\\/\\\/rapasol.cz\\\/es\\\/servicios\\\/actividad-de-asesoramiento-para-empresas\\\/#breadcrumb\"},\"inLanguage\":\"es\",\"potentialAction\":[{\"@type\":\"ReadAction\",\"target\":[\"https:\\\/\\\/rapasol.cz\\\/es\\\/servicios\\\/actividad-de-asesoramiento-para-empresas\\\/\"]}]},{\"@type\":\"BreadcrumbList\",\"@id\":\"https:\\\/\\\/rapasol.cz\\\/es\\\/servicios\\\/actividad-de-asesoramiento-para-empresas\\\/#breadcrumb\",\"itemListElement\":[{\"@type\":\"ListItem\",\"position\":1,\"name\":\"Hogar\",\"item\":\"https:\\\/\\\/rapasol.cz\\\/es\\\/\"},{\"@type\":\"ListItem\",\"position\":2,\"name\":\"Servicios\",\"item\":\"https:\\\/\\\/rapasol.cz\\\/es\\\/sluzby\\\/\"},{\"@type\":\"ListItem\",\"position\":3,\"name\":\"Actividad de asesoramiento para empresas\"}]},{\"@type\":\"WebSite\",\"@id\":\"https:\\\/\\\/rapasol.cz\\\/es\\\/#website\",\"url\":\"https:\\\/\\\/rapasol.cz\\\/es\\\/\",\"name\":\"RAPASOL CZ, s. r. o.\",\"description\":\"Specializujeme se na zprost\u0159edkov\u00e1n\u00ed zam\u011bstn\u00e1n\u00ed do pr\u016fmyslov\u00fdch odv\u011btv\u00ed, zejm\u00e9na do v\u00fdrobn\u00edch a distribu\u010dn\u00edch spole\u010dnost\u00ed.\",\"potentialAction\":[{\"@type\":\"SearchAction\",\"target\":{\"@type\":\"EntryPoint\",\"urlTemplate\":\"https:\\\/\\\/rapasol.cz\\\/es\\\/?s={search_term_string}\"},\"query-input\":{\"@type\":\"PropertyValueSpecification\",\"valueRequired\":true,\"valueName\":\"search_term_string\"}}],\"inLanguage\":\"es\"}]}<\/script>\n<!-- \/ Yoast SEO plugin. -->","yoast_head_json":{"title":"Actividad de asesoramiento para empresas - RAPASOL CZ, s. r. o.","robots":{"index":"index","follow":"follow","max-snippet":"max-snippet:-1","max-image-preview":"max-image-preview:large","max-video-preview":"max-video-preview:-1"},"canonical":"https:\/\/rapasol.cz\/es\/servicios\/actividad-de-asesoramiento-para-empresas\/","og_locale":"es_ES","og_type":"article","og_title":"Actividad de asesoramiento para empresas - RAPASOL CZ, s. r. o.","og_url":"https:\/\/rapasol.cz\/es\/servicios\/actividad-de-asesoramiento-para-empresas\/","og_site_name":"RAPASOL CZ, s. r. o.","article_publisher":"https:\/\/www.facebook.com\/rapasol.cz","twitter_card":"summary_large_image","twitter_misc":{"Tiempo de lectura":"6 minutos"},"schema":{"@context":"https:\/\/schema.org","@graph":[{"@type":"WebPage","@id":"https:\/\/rapasol.cz\/es\/servicios\/actividad-de-asesoramiento-para-empresas\/","url":"https:\/\/rapasol.cz\/es\/servicios\/actividad-de-asesoramiento-para-empresas\/","name":"Actividad de asesoramiento para empresas - RAPASOL CZ, s. r. o.","isPartOf":{"@id":"https:\/\/rapasol.cz\/es\/#website"},"datePublished":"2024-03-18T09:23:32+00:00","breadcrumb":{"@id":"https:\/\/rapasol.cz\/es\/servicios\/actividad-de-asesoramiento-para-empresas\/#breadcrumb"},"inLanguage":"es","potentialAction":[{"@type":"ReadAction","target":["https:\/\/rapasol.cz\/es\/servicios\/actividad-de-asesoramiento-para-empresas\/"]}]},{"@type":"BreadcrumbList","@id":"https:\/\/rapasol.cz\/es\/servicios\/actividad-de-asesoramiento-para-empresas\/#breadcrumb","itemListElement":[{"@type":"ListItem","position":1,"name":"Hogar","item":"https:\/\/rapasol.cz\/es\/"},{"@type":"ListItem","position":2,"name":"Servicios","item":"https:\/\/rapasol.cz\/es\/sluzby\/"},{"@type":"ListItem","position":3,"name":"Actividad de asesoramiento para empresas"}]},{"@type":"WebSite","@id":"https:\/\/rapasol.cz\/es\/#website","url":"https:\/\/rapasol.cz\/es\/","name":"RAPASOL CZ, s. r. o.","description":"Specializujeme se na zprost\u0159edkov\u00e1n\u00ed zam\u011bstn\u00e1n\u00ed do pr\u016fmyslov\u00fdch odv\u011btv\u00ed, zejm\u00e9na do v\u00fdrobn\u00edch a distribu\u010dn\u00edch spole\u010dnost\u00ed.","potentialAction":[{"@type":"SearchAction","target":{"@type":"EntryPoint","urlTemplate":"https:\/\/rapasol.cz\/es\/?s={search_term_string}"},"query-input":{"@type":"PropertyValueSpecification","valueRequired":true,"valueName":"search_term_string"}}],"inLanguage":"es"}]}},"_links":{"self":[{"href":"https:\/\/rapasol.cz\/es\/wp-json\/wp\/v2\/pages\/1279","targetHints":{"allow":["GET"]}}],"collection":[{"href":"https:\/\/rapasol.cz\/es\/wp-json\/wp\/v2\/pages"}],"about":[{"href":"https:\/\/rapasol.cz\/es\/wp-json\/wp\/v2\/types\/page"}],"author":[{"embeddable":true,"href":"https:\/\/rapasol.cz\/es\/wp-json\/wp\/v2\/users\/2"}],"replies":[{"embeddable":true,"href":"https:\/\/rapasol.cz\/es\/wp-json\/wp\/v2\/comments?post=1279"}],"version-history":[{"count":2,"href":"https:\/\/rapasol.cz\/es\/wp-json\/wp\/v2\/pages\/1279\/revisions"}],"predecessor-version":[{"id":1281,"href":"https:\/\/rapasol.cz\/es\/wp-json\/wp\/v2\/pages\/1279\/revisions\/1281"}],"up":[{"embeddable":true,"href":"https:\/\/rapasol.cz\/es\/wp-json\/wp\/v2\/pages\/1273"}],"wp:attachment":[{"href":"https:\/\/rapasol.cz\/es\/wp-json\/wp\/v2\/media?parent=1279"}],"curies":[{"name":"wp","href":"https:\/\/api.w.org\/{rel}","templated":true}]}}