{"id":1043,"date":"2024-03-13T08:38:47","date_gmt":"2024-03-13T07:38:47","guid":{"rendered":"https:\/\/rapasol.cz\/about-us\/"},"modified":"2024-03-14T08:21:52","modified_gmt":"2024-03-14T07:21:52","slug":"about-us","status":"publish","type":"page","link":"https:\/\/rapasol.cz\/en\/about-us\/","title":{"rendered":"About Us"},"content":{"rendered":"<p><div class=\"fusion-fullwidth fullwidth-box fusion-builder-row-1 fusion-flex-container has-pattern-background has-mask-background nonhundred-percent-fullwidth non-hundred-percent-height-scrolling\" style=\"--awb-border-radius-top-left:0px;--awb-border-radius-top-right:0px;--awb-border-radius-bottom-right:0px;--awb-border-radius-bottom-left:0px;\" ><div class=\"fusion-builder-row fusion-row fusion-flex-align-items-flex-start fusion-flex-justify-content-center\" style=\"max-width:1414.4px;margin-left: calc(-4% \/ 2 );margin-right: calc(-4% \/ 2 );\"><div class=\"fusion-layout-column fusion_builder_column fusion-builder-column-0 fusion_builder_column_4_5 4_5 fusion-flex-column\" style=\"--awb-bg-size:cover;--awb-width-large:80%;--awb-spacing-right-large:2.4%;--awb-margin-bottom-large:40px;--awb-spacing-left-large:2.4%;--awb-width-medium:80%;--awb-order-medium:0;--awb-spacing-right-medium:2.4%;--awb-spacing-left-medium:2.4%;--awb-width-small:100%;--awb-order-small:0;--awb-spacing-right-small:1.92%;--awb-spacing-left-small:1.92%;\"><div class=\"fusion-column-wrapper fusion-column-has-shadow fusion-flex-justify-content-flex-start fusion-content-layout-column\"><div class=\"fusion-title title fusion-title-1 fusion-sep-none fusion-title-text fusion-title-size-two\" style=\"--awb-font-size:32px;\"><h2 class=\"title-heading-left\" style=\"font-family:&quot;Noto Sans&quot;;font-style:normal;font-weight:500;margin:0;font-size:1em;letter-spacing:var(--awb-typography1-letter-spacing);text-transform:var(--awb-typography1-text-transform);line-height:var(--awb-typography1-line-height);\"><p style=\"text-align: center;\">WE ARE <strong style=\"color: var(--awb-color4);\">RAPASOL<\/strong><\/p><\/h2><\/div><div class=\"fusion-title title fusion-title-2 fusion-sep-none fusion-title-text fusion-title-size-five\" style=\"--awb-text-color:var(--awb-color5);--awb-margin-bottom:26px;\"><h5 class=\"title-heading-left\" style=\"font-family:&quot;Noto Sans&quot;;font-style:normal;font-weight:200;margin:0;text-transform:uppercase;\"><p style=\"text-align: center;\">YOUR INDUSTRIAL PARTNER<\/p><\/h5><\/div><div class=\"fusion-text fusion-text-1\"><p><strong>RAPASOL CZ<\/strong> is a&nbsp;young and dynamically developing company that was pounded in the second half of 2018, when the company restructured itself primarily on providing counselling and meditation services int the field of employment. Nevertheless, the history of the company itself dates back 2014. Currently our company belongs among the most important companies on the Czech and European market in the field of meditating and agency activities. Our services will make for you a&nbsp;reliable link in the chai of your business.<\/p>\n<\/div><\/div><\/div><\/div><\/div><div class=\"fusion-fullwidth fullwidth-box fusion-builder-row-2 fusion-flex-container nonhundred-percent-fullwidth non-hundred-percent-height-scrolling\" style=\"--awb-border-radius-top-left:0px;--awb-border-radius-top-right:0px;--awb-border-radius-bottom-right:0px;--awb-border-radius-bottom-left:0px;\" ><div class=\"fusion-builder-row fusion-row fusion-flex-align-items-flex-start\" style=\"max-width:1414.4px;margin-left: calc(-4% \/ 2 );margin-right: calc(-4% \/ 2 );\"><div class=\"fusion-layout-column fusion_builder_column fusion-builder-column-1 fusion_builder_column_1_3 1_3 fusion-flex-column fusion-flex-align-self-stretch\" style=\"--awb-padding-top:50px;--awb-padding-right:30px;--awb-padding-bottom:50px;--awb-padding-left:30px;--awb-overflow:hidden;--awb-bg-color:var(--awb-color2);--awb-bg-size:cover;--awb-border-color:var(--awb-color5);--awb-border-top:1px;--awb-border-right:1px;--awb-border-bottom:1px;--awb-border-left:1px;--awb-border-style:solid;--awb-border-radius:14px 14px 14px 14px;--awb-width-large:33.333333333333%;--awb-spacing-right-large:20px;--awb-margin-bottom-large:40px;--awb-spacing-left-large:5.76%;--awb-width-medium:33.333333333333%;--awb-order-medium:0;--awb-spacing-right-medium:20px;--awb-spacing-left-medium:5.76%;--awb-width-small:100%;--awb-order-small:0;--awb-spacing-right-small:1.92%;--awb-spacing-left-small:1.92%;\"><div class=\"fusion-column-wrapper fusion-column-has-shadow fusion-flex-justify-content-flex-start fusion-content-layout-column\"><div class=\"fusion-title title fusion-title-3 fusion-sep-none fusion-title-text fusion-title-size-two\" style=\"--awb-font-size:32px;\"><h2 class=\"title-heading-left\" style=\"font-family:&quot;Noto Sans&quot;;font-style:normal;font-weight:500;margin:0;font-size:1em;letter-spacing:var(--awb-typography1-letter-spacing);text-transform:var(--awb-typography1-text-transform);line-height:var(--awb-typography1-line-height);\">OUR MISSION<\/h2><\/div><div class=\"fusion-text fusion-text-2\"><p>Current modern times is characterized with quickly growing trend of development and progress in most corporate fields. We are well aware of it and our long-term mission is to be constantly close to our regular and new customers and provide them with innovated and higher quality services and products. We are aware that only this way we can provide good quality foundations for development and growth both of our customers and us.<\/p>\n<\/div><\/div><\/div><div class=\"fusion-layout-column fusion_builder_column fusion-builder-column-2 fusion_builder_column_1_3 1_3 fusion-flex-column fusion-flex-align-self-stretch\" style=\"--awb-padding-top:50px;--awb-padding-right:30px;--awb-padding-bottom:50px;--awb-padding-left:30px;--awb-overflow:hidden;--awb-bg-color:var(--awb-color2);--awb-bg-size:cover;--awb-border-color:var(--awb-color5);--awb-border-top:1px;--awb-border-right:1px;--awb-border-bottom:1px;--awb-border-left:1px;--awb-border-style:solid;--awb-border-radius:14px 14px 14px 14px;--awb-width-large:33.333333333333%;--awb-spacing-right-large:20px;--awb-margin-bottom-large:40px;--awb-spacing-left-large:5.76%;--awb-width-medium:33.333333333333%;--awb-order-medium:0;--awb-spacing-right-medium:20px;--awb-spacing-left-medium:5.76%;--awb-width-small:100%;--awb-order-small:0;--awb-spacing-right-small:1.92%;--awb-spacing-left-small:1.92%;\"><div class=\"fusion-column-wrapper fusion-column-has-shadow fusion-flex-justify-content-flex-start fusion-content-layout-column\"><div class=\"fusion-title title fusion-title-4 fusion-sep-none fusion-title-text fusion-title-size-two\" style=\"--awb-font-size:32px;\"><h2 class=\"title-heading-left\" style=\"font-family:&quot;Noto Sans&quot;;font-style:normal;font-weight:500;margin:0;font-size:1em;letter-spacing:var(--awb-typography1-letter-spacing);text-transform:var(--awb-typography1-text-transform);line-height:var(--awb-typography1-line-height);\">OUR VISION<\/h2><\/div><div class=\"fusion-text fusion-text-3\"><p>Since the beginning of the company RAPASOL CZ s. r. o. we pursuit stable and long-term growth.   Our vision is to become a&nbsp;recognized European distributor in the field of our activity. We believe that it is possible to achieve this big goal and we are determined to face up the challenge. There is only one way to this objective \u2013 reliable business partners \u2013 flawless services \u2013 satisfied customers.<\/p>\n<\/div><\/div><\/div><div class=\"fusion-layout-column fusion_builder_column fusion-builder-column-3 fusion_builder_column_1_3 1_3 fusion-flex-column fusion-flex-align-self-stretch\" style=\"--awb-padding-top:50px;--awb-padding-right:30px;--awb-padding-bottom:50px;--awb-padding-left:30px;--awb-overflow:hidden;--awb-bg-color:var(--awb-color2);--awb-bg-size:cover;--awb-border-color:var(--awb-color5);--awb-border-top:1px;--awb-border-right:1px;--awb-border-bottom:1px;--awb-border-left:1px;--awb-border-style:solid;--awb-border-radius:14px 14px 14px 14px;--awb-width-large:33.333333333333%;--awb-spacing-right-large:20px;--awb-margin-bottom-large:40px;--awb-spacing-left-large:5.76%;--awb-width-medium:33.333333333333%;--awb-order-medium:0;--awb-spacing-right-medium:20px;--awb-spacing-left-medium:5.76%;--awb-width-small:100%;--awb-order-small:0;--awb-spacing-right-small:1.92%;--awb-spacing-left-small:1.92%;\"><div class=\"fusion-column-wrapper fusion-column-has-shadow fusion-flex-justify-content-flex-start fusion-content-layout-column\"><div class=\"fusion-title title fusion-title-5 fusion-sep-none fusion-title-text fusion-title-size-two\" style=\"--awb-font-size:32px;\"><h2 class=\"title-heading-left\" style=\"font-family:&quot;Noto Sans&quot;;font-style:normal;font-weight:500;margin:0;font-size:1em;letter-spacing:var(--awb-typography1-letter-spacing);text-transform:var(--awb-typography1-text-transform);line-height:var(--awb-typography1-line-height);\">OUR STRATEGY<\/h2><\/div><div class=\"fusion-text fusion-text-4\"><p>The policy of company RAPASOL CZ s. r. o. stems from a&nbsp;long-term strategy focused on stable growth generating and sustainability.   The main means for reaching determined goals is continuous enhancement of quality, reliability and proficiency of offered services and improving internal processes. An integral part of acquiring these goals is ensuring the stability and growth of client base, which is a&nbsp;part of our everyday activities.<\/p>\n<\/div><\/div><\/div><\/div><\/div><div class=\"fusion-fullwidth fullwidth-box fusion-builder-row-3 fusion-flex-container has-pattern-background has-mask-background nonhundred-percent-fullwidth non-hundred-percent-height-scrolling\" style=\"--awb-border-radius-top-left:0px;--awb-border-radius-top-right:0px;--awb-border-radius-bottom-right:0px;--awb-border-radius-bottom-left:0px;--awb-margin-top:40px;\" ><div class=\"fusion-builder-row fusion-row fusion-flex-align-items-flex-start\" style=\"max-width:1414.4px;margin-left: calc(-4% \/ 2 );margin-right: calc(-4% \/ 2 );\"><div class=\"fusion-layout-column fusion_builder_column fusion-builder-column-4 fusion_builder_column_1_2 1_2 fusion-flex-column fusion-flex-align-self-stretch\" style=\"--awb-bg-size:cover;--awb-width-large:50%;--awb-spacing-right-large:3.84%;--awb-spacing-left-large:3.84%;--awb-width-medium:50%;--awb-order-medium:0;--awb-spacing-right-medium:3.84%;--awb-spacing-left-medium:3.84%;--awb-width-small:100%;--awb-order-small:0;--awb-spacing-right-small:1.92%;--awb-spacing-left-small:1.92%;\"><div class=\"fusion-column-wrapper fusion-column-has-shadow fusion-flex-justify-content-flex-start fusion-content-layout-column\"><div class=\"fusion-title title fusion-title-6 fusion-sep-none fusion-title-text fusion-title-size-two\" style=\"--awb-font-size:32px;\"><h2 class=\"title-heading-left\" style=\"font-family:&quot;Noto Sans&quot;;font-style:normal;font-weight:500;margin:0;font-size:1em;letter-spacing:var(--awb-typography1-letter-spacing);text-transform:var(--awb-typography1-text-transform);line-height:var(--awb-typography1-line-height);\">WE DO MAXIMUM FOR OUR BUSINESS<\/h2><\/div><ul style=\"--awb-iconcolor:var(--awb-color5);--awb-line-height:27.2px;--awb-icon-width:27.2px;--awb-icon-height:27.2px;--awb-icon-margin:11.2px;--awb-content-margin:38.4px;\" class=\"fusion-checklist fusion-checklist-1 fusion-checklist-default type-icons\"><li class=\"fusion-li-item\" style=\"--awb-circlecolor:rgba(255,255,255,0);--awb-iconcolor:rgba(255,255,255,0);\"><span class=\"icon-wrapper circle-no\"><i class=\"fusion-li-icon awb-icon-check\" aria-hidden=\"true\"><\/i><\/span><div class=\"fusion-li-item-content\">\n<p>With cooperation with us you gain:<\/p>\n<\/div><\/li><li class=\"fusion-li-item\" style=\"\"><span class=\"icon-wrapper circle-no\"><i class=\"fusion-li-icon fa-check fas\" aria-hidden=\"true\"><\/i><\/span><div class=\"fusion-li-item-content\">\n<p>Professional approach and support<\/p>\n<\/div><\/li><li class=\"fusion-li-item\" style=\"\"><span class=\"icon-wrapper circle-no\"><i class=\"fusion-li-icon fa-check fas\" aria-hidden=\"true\"><\/i><\/span><div class=\"fusion-li-item-content\">\n<p>Carefully verified and high-quality workers<\/p>\n<\/div><\/li><li class=\"fusion-li-item\" style=\"\"><span class=\"icon-wrapper circle-no\"><i class=\"fusion-li-icon fa-check fas\" aria-hidden=\"true\"><\/i><\/span><div class=\"fusion-li-item-content\">\n<p>Services custom tailored for your business<\/p>\n<\/div><\/li><li class=\"fusion-li-item\" style=\"\"><span class=\"icon-wrapper circle-no\"><i class=\"fusion-li-icon fa-check fas\" aria-hidden=\"true\"><\/i><\/span><div class=\"fusion-li-item-content\">\n<p>Reliable business partner with the orientation to a&nbsp;long-term economic growth<\/p>\n<\/div><\/li><\/ul><div ><a class=\"fusion-button button-flat fusion-button-default-size button-default fusion-button-default button-1 fusion-button-default-span fusion-button-default-type\" style=\"--button_margin-top:26px;\" target=\"_self\" title=\"Contact us\" href=\"https:\/\/rapasol.cz\/en\/contact\/#form\"><span class=\"fusion-button-text\">Reach us<\/span><\/a><\/div><\/div><\/div><div class=\"fusion-layout-column fusion_builder_column fusion-builder-column-5 fusion_builder_column_1_2 1_2 fusion-flex-column fusion-flex-align-self-stretch fusion-animated\" style=\"--awb-bg-size:cover;--awb-width-large:50%;--awb-spacing-right-large:3.84%;--awb-spacing-left-large:3.84%;--awb-width-medium:50%;--awb-order-medium:0;--awb-spacing-right-medium:3.84%;--awb-spacing-left-medium:3.84%;--awb-width-small:100%;--awb-order-small:0;--awb-spacing-right-small:1.92%;--awb-spacing-left-small:1.92%;\" data-animationType=\"fadeInLeft\" data-animationDuration=\"0.3\" data-animationOffset=\"top-into-view\"><div class=\"fusion-column-wrapper fusion-column-has-shadow fusion-flex-justify-content-center fusion-content-layout-column\"><div class=\"fusion-image-element \" style=\"text-align:center;\"><span class=\" fusion-imageframe imageframe-none imageframe-1 hover-type-none\"><img decoding=\"async\" width=\"800\" height=\"383\" alt=\"Rapasol\" title=\"RAPASOL-SEC-IMG\" src=\"https:\/\/rapasol.cz\/wp-content\/uploads\/2023\/10\/RAPASOL-SEC-IMG.png\" data-orig-src=\"https:\/\/rapasol.cz\/wp-content\/uploads\/2023\/10\/RAPASOL-SEC-IMG.png\" class=\"lazyload img-responsive wp-image-1044\" srcset=\"data:image\/svg+xml,%3Csvg%20xmlns%3D%27http%3A%2F%2Fwww.w3.org%2F2000%2Fsvg%27%20width%3D%27800%27%20height%3D%27383%27%20viewBox%3D%270%200%20800%20383%27%3E%3Crect%20width%3D%27800%27%20height%3D%27383%27%20fill-opacity%3D%220%22%2F%3E%3C%2Fsvg%3E\" data-srcset=\"https:\/\/rapasol.cz\/wp-content\/uploads\/2023\/10\/RAPASOL-SEC-IMG-200x96.png 200w, https:\/\/rapasol.cz\/wp-content\/uploads\/2023\/10\/RAPASOL-SEC-IMG-400x192.png 400w, https:\/\/rapasol.cz\/wp-content\/uploads\/2023\/10\/RAPASOL-SEC-IMG-600x287.png 600w, https:\/\/rapasol.cz\/wp-content\/uploads\/2023\/10\/RAPASOL-SEC-IMG.png 800w\" data-sizes=\"auto\" data-orig-sizes=\"(max-width: 640px) 100vw, 800px\" \/><\/span><\/div><\/div><\/div><\/div><\/div><\/p>\n","protected":false},"excerpt":{"rendered":"","protected":false},"author":2,"featured_media":0,"parent":0,"menu_order":0,"comment_status":"closed","ping_status":"closed","template":"100-width.php","meta":{"footnotes":""},"class_list":["post-1043","page","type-page","status-publish","hentry"],"acf":[],"yoast_head":"<!-- This site is optimized with the Yoast SEO plugin v27.3 - https:\/\/yoast.com\/product\/yoast-seo-wordpress\/ -->\n<title>About Us - RAPASOL CZ, s. r. o.<\/title>\n<meta name=\"robots\" content=\"index, follow, max-snippet:-1, max-image-preview:large, max-video-preview:-1\" \/>\n<link rel=\"canonical\" href=\"https:\/\/rapasol.cz\/en\/about-us\/\" \/>\n<meta property=\"og:locale\" content=\"en_US\" \/>\n<meta property=\"og:type\" content=\"article\" \/>\n<meta property=\"og:title\" content=\"About Us - RAPASOL CZ, s. r. o.\" \/>\n<meta property=\"og:url\" content=\"https:\/\/rapasol.cz\/en\/about-us\/\" \/>\n<meta property=\"og:site_name\" content=\"RAPASOL CZ, s. r. o.\" \/>\n<meta property=\"article:publisher\" content=\"https:\/\/www.facebook.com\/rapasol.cz\" \/>\n<meta property=\"article:modified_time\" content=\"2024-03-14T07:21:52+00:00\" \/>\n<meta name=\"twitter:card\" content=\"summary_large_image\" \/>\n<meta name=\"twitter:label1\" content=\"Est. reading time\" \/>\n\t<meta name=\"twitter:data1\" content=\"29 minutes\" \/>\n<script type=\"application\/ld+json\" class=\"yoast-schema-graph\">{\"@context\":\"https:\\\/\\\/schema.org\",\"@graph\":[{\"@type\":\"WebPage\",\"@id\":\"https:\\\/\\\/rapasol.cz\\\/en\\\/about-us\\\/\",\"url\":\"https:\\\/\\\/rapasol.cz\\\/en\\\/about-us\\\/\",\"name\":\"About Us - RAPASOL CZ, s. r. o.\",\"isPartOf\":{\"@id\":\"https:\\\/\\\/rapasol.cz\\\/en\\\/#website\"},\"datePublished\":\"2024-03-13T07:38:47+00:00\",\"dateModified\":\"2024-03-14T07:21:52+00:00\",\"breadcrumb\":{\"@id\":\"https:\\\/\\\/rapasol.cz\\\/en\\\/about-us\\\/#breadcrumb\"},\"inLanguage\":\"en-US\",\"potentialAction\":[{\"@type\":\"ReadAction\",\"target\":[\"https:\\\/\\\/rapasol.cz\\\/en\\\/about-us\\\/\"]}]},{\"@type\":\"BreadcrumbList\",\"@id\":\"https:\\\/\\\/rapasol.cz\\\/en\\\/about-us\\\/#breadcrumb\",\"itemListElement\":[{\"@type\":\"ListItem\",\"position\":1,\"name\":\"Home\",\"item\":\"https:\\\/\\\/rapasol.cz\\\/en\\\/\"},{\"@type\":\"ListItem\",\"position\":2,\"name\":\"About Us\"}]},{\"@type\":\"WebSite\",\"@id\":\"https:\\\/\\\/rapasol.cz\\\/en\\\/#website\",\"url\":\"https:\\\/\\\/rapasol.cz\\\/en\\\/\",\"name\":\"RAPASOL CZ, s. r. o.\",\"description\":\"Specializujeme se na zprost\u0159edkov\u00e1n\u00ed zam\u011bstn\u00e1n\u00ed do pr\u016fmyslov\u00fdch odv\u011btv\u00ed, zejm\u00e9na do v\u00fdrobn\u00edch a distribu\u010dn\u00edch spole\u010dnost\u00ed.\",\"potentialAction\":[{\"@type\":\"SearchAction\",\"target\":{\"@type\":\"EntryPoint\",\"urlTemplate\":\"https:\\\/\\\/rapasol.cz\\\/en\\\/?s={search_term_string}\"},\"query-input\":{\"@type\":\"PropertyValueSpecification\",\"valueRequired\":true,\"valueName\":\"search_term_string\"}}],\"inLanguage\":\"en-US\"}]}<\/script>\n<!-- \/ Yoast SEO plugin. -->","yoast_head_json":{"title":"About Us - RAPASOL CZ, s. r. o.","robots":{"index":"index","follow":"follow","max-snippet":"max-snippet:-1","max-image-preview":"max-image-preview:large","max-video-preview":"max-video-preview:-1"},"canonical":"https:\/\/rapasol.cz\/en\/about-us\/","og_locale":"en_US","og_type":"article","og_title":"About Us - RAPASOL CZ, s. r. o.","og_url":"https:\/\/rapasol.cz\/en\/about-us\/","og_site_name":"RAPASOL CZ, s. r. o.","article_publisher":"https:\/\/www.facebook.com\/rapasol.cz","article_modified_time":"2024-03-14T07:21:52+00:00","twitter_card":"summary_large_image","twitter_misc":{"Est. reading time":"29 minutes"},"schema":{"@context":"https:\/\/schema.org","@graph":[{"@type":"WebPage","@id":"https:\/\/rapasol.cz\/en\/about-us\/","url":"https:\/\/rapasol.cz\/en\/about-us\/","name":"About Us - RAPASOL CZ, s. r. o.","isPartOf":{"@id":"https:\/\/rapasol.cz\/en\/#website"},"datePublished":"2024-03-13T07:38:47+00:00","dateModified":"2024-03-14T07:21:52+00:00","breadcrumb":{"@id":"https:\/\/rapasol.cz\/en\/about-us\/#breadcrumb"},"inLanguage":"en-US","potentialAction":[{"@type":"ReadAction","target":["https:\/\/rapasol.cz\/en\/about-us\/"]}]},{"@type":"BreadcrumbList","@id":"https:\/\/rapasol.cz\/en\/about-us\/#breadcrumb","itemListElement":[{"@type":"ListItem","position":1,"name":"Home","item":"https:\/\/rapasol.cz\/en\/"},{"@type":"ListItem","position":2,"name":"About Us"}]},{"@type":"WebSite","@id":"https:\/\/rapasol.cz\/en\/#website","url":"https:\/\/rapasol.cz\/en\/","name":"RAPASOL CZ, s. r. o.","description":"Specializujeme se na zprost\u0159edkov\u00e1n\u00ed zam\u011bstn\u00e1n\u00ed do pr\u016fmyslov\u00fdch odv\u011btv\u00ed, zejm\u00e9na do v\u00fdrobn\u00edch a distribu\u010dn\u00edch spole\u010dnost\u00ed.","potentialAction":[{"@type":"SearchAction","target":{"@type":"EntryPoint","urlTemplate":"https:\/\/rapasol.cz\/en\/?s={search_term_string}"},"query-input":{"@type":"PropertyValueSpecification","valueRequired":true,"valueName":"search_term_string"}}],"inLanguage":"en-US"}]}},"_links":{"self":[{"href":"https:\/\/rapasol.cz\/en\/wp-json\/wp\/v2\/pages\/1043","targetHints":{"allow":["GET"]}}],"collection":[{"href":"https:\/\/rapasol.cz\/en\/wp-json\/wp\/v2\/pages"}],"about":[{"href":"https:\/\/rapasol.cz\/en\/wp-json\/wp\/v2\/types\/page"}],"author":[{"embeddable":true,"href":"https:\/\/rapasol.cz\/en\/wp-json\/wp\/v2\/users\/2"}],"replies":[{"embeddable":true,"href":"https:\/\/rapasol.cz\/en\/wp-json\/wp\/v2\/comments?post=1043"}],"version-history":[{"count":6,"href":"https:\/\/rapasol.cz\/en\/wp-json\/wp\/v2\/pages\/1043\/revisions"}],"predecessor-version":[{"id":1135,"href":"https:\/\/rapasol.cz\/en\/wp-json\/wp\/v2\/pages\/1043\/revisions\/1135"}],"wp:attachment":[{"href":"https:\/\/rapasol.cz\/en\/wp-json\/wp\/v2\/media?parent=1043"}],"curies":[{"name":"wp","href":"https:\/\/api.w.org\/{rel}","templated":true}]}}