{"id":1031,"date":"2024-03-12T10:58:24","date_gmt":"2024-03-12T09:58:24","guid":{"rendered":"https:\/\/rapasol.cz\/services\/"},"modified":"2024-03-13T11:56:08","modified_gmt":"2024-03-13T10:56:08","slug":"services","status":"publish","type":"page","link":"https:\/\/rapasol.cz\/en\/services\/","title":{"rendered":"Services"},"content":{"rendered":"<div class=\"fusion-fullwidth fullwidth-box fusion-builder-row-1 fusion-flex-container has-pattern-background has-mask-background nonhundred-percent-fullwidth non-hundred-percent-height-scrolling\" style=\"--awb-border-radius-top-left:0px;--awb-border-radius-top-right:0px;--awb-border-radius-bottom-right:0px;--awb-border-radius-bottom-left:0px;--awb-padding-bottom:6rem;\" ><div class=\"fusion-builder-row fusion-row fusion-flex-align-items-flex-start\" style=\"max-width:1414.4px;margin-left: calc(-4% \/ 2 );margin-right: calc(-4% \/ 2 );\"><div class=\"fusion-layout-column fusion_builder_column fusion-builder-column-0 fusion_builder_column_1_3 1_3 fusion-flex-column fusion-flex-align-self-stretch fusion-column-inner-bg-wrapper fusion-column-hover-type-liftup fusion-column-liftup-border fusion-animated\" style=\"--awb-padding-top:38px;--awb-padding-right:24px;--awb-padding-bottom:38px;--awb-padding-left:24px;--awb-inner-bg-color:var(--awb-color1);--awb-inner-bg-size:cover;--awb-border-color:rgba(67,69,73,0.14);--awb-inner-border-color:rgba(67,69,73,0.14);--awb-border-top:1px;--awb-inner-border-top:1px;--awb-border-right:1px;--awb-inner-border-right:1px;--awb-border-bottom:1px;--awb-inner-border-bottom:1px;--awb-border-left:1px;--awb-inner-border-left:1px;--awb-border-style:solid;--awb-inner-border-style:solid;--awb-width-large:33.333333333333%;--awb-spacing-right-large:14px;--awb-spacing-left-large:14px;--awb-width-medium:33.333333333333%;--awb-order-medium:0;--awb-spacing-right-medium:14px;--awb-spacing-left-medium:14px;--awb-width-small:100%;--awb-order-small:0;--awb-spacing-right-small:1.92%;--awb-spacing-left-small:1.92%;\" data-animationType=\"fadeInUp\" data-animationDuration=\"0.3\" data-animationOffset=\"top-into-view\"><span class=\"fusion-column-inner-bg hover-type-liftup\"><a class=\"fusion-column-anchor\" href=\"https:\/\/rapasol.cz\/en\/services\/counselling-service-for-the-employee\/\"><span class=\"fusion-column-inner-bg-image\"><\/span><\/a><\/span><div class=\"fusion-column-wrapper fusion-flex-justify-content-space-between fusion-content-layout-column\"><div><i class=\"fb-icon-element-1 fb-icon-element fontawesome-icon fa-briefcase fas circle-no fusion-text-flow\" style=\"--awb-iconcolor:var(--awb-color5);--awb-iconcolor-hover:var(--awb-color5);--awb-font-size:40px;--awb-margin-bottom:34px;\"><\/i><div class=\"fusion-title title fusion-title-1 fusion-sep-none fusion-title-text fusion-title-size-three\" style=\"--awb-margin-bottom:0px;\"><h3 class=\"title-heading-left\" style=\"margin:0;\">Counselling service for the Employee<\/h3><\/div><div class=\"fusion-text fusion-text-1\" style=\"--awb-font-size:14px;--awb-margin-top:14px;\"><p>Stuff counselling and informational activity is designated for job seekers and is focused on active search of adequate job opportunity for physical bodies that actively look for their place on the job market.<\/p>\n<\/div><\/div><i class=\"fb-icon-element-2 fb-icon-element fontawesome-icon fa-arrow-right fas circle-yes fusion-text-flow\" style=\"--awb-iconcolor:var(--awb-color5);--awb-iconcolor-hover:var(--awb-color5);--awb-circlecolor:var(--awb-color2);--awb-circlecolor-hover:var(--awb-color2);--awb-circlebordersize:0px;--awb-font-size:14.96px;--awb-width:29.92px;--awb-height:29.92px;--awb-line-height:29.92px;--awb-margin-right:8.5px;\"><\/i><\/div><\/div><div class=\"fusion-layout-column fusion_builder_column fusion-builder-column-1 fusion_builder_column_1_3 1_3 fusion-flex-column fusion-flex-align-self-stretch fusion-column-inner-bg-wrapper fusion-column-hover-type-liftup fusion-column-liftup-border fusion-animated\" style=\"--awb-padding-top:38px;--awb-padding-right:24px;--awb-padding-bottom:38px;--awb-padding-left:24px;--awb-inner-bg-color:var(--awb-color1);--awb-inner-bg-size:cover;--awb-border-color:rgba(67,69,73,0.14);--awb-inner-border-color:rgba(67,69,73,0.14);--awb-border-top:1px;--awb-inner-border-top:1px;--awb-border-right:1px;--awb-inner-border-right:1px;--awb-border-bottom:1px;--awb-inner-border-bottom:1px;--awb-border-left:1px;--awb-inner-border-left:1px;--awb-border-style:solid;--awb-inner-border-style:solid;--awb-width-large:33.333333333333%;--awb-spacing-right-large:14px;--awb-spacing-left-large:14px;--awb-width-medium:33.333333333333%;--awb-order-medium:0;--awb-spacing-right-medium:14px;--awb-spacing-left-medium:14px;--awb-width-small:100%;--awb-order-small:0;--awb-spacing-right-small:1.92%;--awb-spacing-left-small:1.92%;\" data-animationType=\"fadeInUp\" data-animationDuration=\"0.3\" data-animationDelay=\"0.2\" data-animationOffset=\"top-into-view\"><span class=\"fusion-column-inner-bg hover-type-liftup\"><a class=\"fusion-column-anchor\" href=\"https:\/\/rapasol.cz\/en\/services\/counselling-service-for-the-employer\/\"><span class=\"fusion-column-inner-bg-image\"><\/span><\/a><\/span><div class=\"fusion-column-wrapper fusion-flex-justify-content-space-between fusion-content-layout-column\"><div><i class=\"fb-icon-element-3 fb-icon-element fontawesome-icon fa-search-plus fas circle-no fusion-text-flow\" style=\"--awb-iconcolor:var(--awb-color5);--awb-iconcolor-hover:var(--awb-color5);--awb-font-size:40px;--awb-margin-bottom:34px;\"><\/i><div class=\"fusion-title title fusion-title-2 fusion-sep-none fusion-title-text fusion-title-size-three\" style=\"--awb-margin-bottom:0px;\"><h3 class=\"title-heading-left\" style=\"margin:0;\">Counselling service for the Employer<\/h3><\/div><div class=\"fusion-text fusion-text-2\" style=\"--awb-font-size:14px;--awb-margin-top:14px;\"><p>In the field of stuff counselling services designated for the employers we deal with search of highly qualified employees for our corporate clients.<\/p>\n<\/div><\/div><i class=\"fb-icon-element-4 fb-icon-element fontawesome-icon fa-arrow-right fas circle-yes fusion-text-flow\" style=\"--awb-iconcolor:var(--awb-color5);--awb-iconcolor-hover:var(--awb-color5);--awb-circlecolor:var(--awb-color2);--awb-circlecolor-hover:var(--awb-color2);--awb-circlebordersize:0px;--awb-font-size:14.96px;--awb-width:29.92px;--awb-height:29.92px;--awb-line-height:29.92px;--awb-margin-right:8.5px;\"><\/i><\/div><\/div><div class=\"fusion-layout-column fusion_builder_column fusion-builder-column-2 fusion_builder_column_1_3 1_3 fusion-flex-column fusion-flex-align-self-stretch fusion-column-inner-bg-wrapper fusion-column-hover-type-liftup fusion-column-liftup-border fusion-animated\" style=\"--awb-padding-top:38px;--awb-padding-right:24px;--awb-padding-bottom:38px;--awb-padding-left:24px;--awb-inner-bg-color:var(--awb-color1);--awb-inner-bg-size:cover;--awb-border-color:rgba(67,69,73,0.14);--awb-inner-border-color:rgba(67,69,73,0.14);--awb-border-top:1px;--awb-inner-border-top:1px;--awb-border-right:1px;--awb-inner-border-right:1px;--awb-border-bottom:1px;--awb-inner-border-bottom:1px;--awb-border-left:1px;--awb-inner-border-left:1px;--awb-border-style:solid;--awb-inner-border-style:solid;--awb-width-large:33.333333333333%;--awb-spacing-right-large:14px;--awb-spacing-left-large:14px;--awb-width-medium:33.333333333333%;--awb-order-medium:0;--awb-spacing-right-medium:14px;--awb-spacing-left-medium:14px;--awb-width-small:100%;--awb-order-small:0;--awb-spacing-right-small:1.92%;--awb-spacing-left-small:1.92%;\" data-animationType=\"fadeInUp\" data-animationDuration=\"0.3\" data-animationDelay=\"0.4\" data-animationOffset=\"top-into-view\"><span class=\"fusion-column-inner-bg hover-type-liftup\"><a class=\"fusion-column-anchor\" href=\"https:\/\/rapasol.cz\/en\/services\/agency-employment\/\"><span class=\"fusion-column-inner-bg-image\"><\/span><\/a><\/span><div class=\"fusion-column-wrapper fusion-flex-justify-content-space-between fusion-content-layout-column\"><div><i class=\"fb-icon-element-5 fb-icon-element fontawesome-icon fa-info-circle fas circle-no fusion-text-flow\" style=\"--awb-iconcolor:var(--awb-color5);--awb-iconcolor-hover:var(--awb-color5);--awb-font-size:40px;--awb-margin-bottom:34px;\"><\/i><div class=\"fusion-title title fusion-title-3 fusion-sep-none fusion-title-text fusion-title-size-three\" style=\"--awb-margin-bottom:0px;\"><h3 class=\"title-heading-left\" style=\"margin:0;\">Agency employment<\/h3><\/div><div class=\"fusion-text fusion-text-3\" style=\"--awb-font-size:14px;--awb-margin-top:14px;\"><p>The service of agency employment is specialized in mediation of employees into needed industrial fields, namely into production and manufacturing industry (i.e. automotive, mechanical engineering, plastics production, food industry, constructions and electrotechnical industry).<\/p>\n<\/div><\/div><i class=\"fb-icon-element-6 fb-icon-element fontawesome-icon fa-arrow-right fas circle-yes fusion-text-flow\" style=\"--awb-iconcolor:var(--awb-color5);--awb-iconcolor-hover:var(--awb-color5);--awb-circlecolor:var(--awb-color2);--awb-circlecolor-hover:var(--awb-color2);--awb-circlebordersize:0px;--awb-font-size:14.96px;--awb-width:29.92px;--awb-height:29.92px;--awb-line-height:29.92px;--awb-margin-right:8.5px;\"><\/i><\/div><\/div><\/div><\/div>\n","protected":false},"excerpt":{"rendered":"","protected":false},"author":2,"featured_media":0,"parent":0,"menu_order":0,"comment_status":"closed","ping_status":"closed","template":"100-width.php","meta":{"footnotes":""},"class_list":["post-1031","page","type-page","status-publish","hentry"],"acf":[],"yoast_head":"<!-- This site is optimized with the Yoast SEO plugin v27.3 - https:\/\/yoast.com\/product\/yoast-seo-wordpress\/ -->\n<title>Services - RAPASOL CZ, s. r. o.<\/title>\n<meta name=\"robots\" content=\"index, follow, max-snippet:-1, max-image-preview:large, max-video-preview:-1\" \/>\n<link rel=\"canonical\" href=\"https:\/\/rapasol.cz\/en\/services\/\" \/>\n<meta property=\"og:locale\" content=\"en_US\" \/>\n<meta property=\"og:type\" content=\"article\" \/>\n<meta property=\"og:title\" content=\"Services - RAPASOL CZ, s. r. o.\" \/>\n<meta property=\"og:url\" content=\"https:\/\/rapasol.cz\/en\/services\/\" \/>\n<meta property=\"og:site_name\" content=\"RAPASOL CZ, s. r. o.\" \/>\n<meta property=\"article:publisher\" content=\"https:\/\/www.facebook.com\/rapasol.cz\" \/>\n<meta property=\"article:modified_time\" content=\"2024-03-13T10:56:08+00:00\" \/>\n<meta name=\"twitter:card\" content=\"summary_large_image\" \/>\n<meta name=\"twitter:label1\" content=\"Est. reading time\" \/>\n\t<meta name=\"twitter:data1\" content=\"16 minutes\" \/>\n<script type=\"application\/ld+json\" class=\"yoast-schema-graph\">{\"@context\":\"https:\\\/\\\/schema.org\",\"@graph\":[{\"@type\":\"WebPage\",\"@id\":\"https:\\\/\\\/rapasol.cz\\\/en\\\/services\\\/\",\"url\":\"https:\\\/\\\/rapasol.cz\\\/en\\\/services\\\/\",\"name\":\"Services - RAPASOL CZ, s. r. o.\",\"isPartOf\":{\"@id\":\"https:\\\/\\\/rapasol.cz\\\/en\\\/#website\"},\"datePublished\":\"2024-03-12T09:58:24+00:00\",\"dateModified\":\"2024-03-13T10:56:08+00:00\",\"breadcrumb\":{\"@id\":\"https:\\\/\\\/rapasol.cz\\\/en\\\/services\\\/#breadcrumb\"},\"inLanguage\":\"en-US\",\"potentialAction\":[{\"@type\":\"ReadAction\",\"target\":[\"https:\\\/\\\/rapasol.cz\\\/en\\\/services\\\/\"]}]},{\"@type\":\"BreadcrumbList\",\"@id\":\"https:\\\/\\\/rapasol.cz\\\/en\\\/services\\\/#breadcrumb\",\"itemListElement\":[{\"@type\":\"ListItem\",\"position\":1,\"name\":\"Home\",\"item\":\"https:\\\/\\\/rapasol.cz\\\/en\\\/\"},{\"@type\":\"ListItem\",\"position\":2,\"name\":\"Services\"}]},{\"@type\":\"WebSite\",\"@id\":\"https:\\\/\\\/rapasol.cz\\\/en\\\/#website\",\"url\":\"https:\\\/\\\/rapasol.cz\\\/en\\\/\",\"name\":\"RAPASOL CZ, s. r. o.\",\"description\":\"Specializujeme se na zprost\u0159edkov\u00e1n\u00ed zam\u011bstn\u00e1n\u00ed do pr\u016fmyslov\u00fdch odv\u011btv\u00ed, zejm\u00e9na do v\u00fdrobn\u00edch a distribu\u010dn\u00edch spole\u010dnost\u00ed.\",\"potentialAction\":[{\"@type\":\"SearchAction\",\"target\":{\"@type\":\"EntryPoint\",\"urlTemplate\":\"https:\\\/\\\/rapasol.cz\\\/en\\\/?s={search_term_string}\"},\"query-input\":{\"@type\":\"PropertyValueSpecification\",\"valueRequired\":true,\"valueName\":\"search_term_string\"}}],\"inLanguage\":\"en-US\"}]}<\/script>\n<!-- \/ Yoast SEO plugin. -->","yoast_head_json":{"title":"Services - RAPASOL CZ, s. r. o.","robots":{"index":"index","follow":"follow","max-snippet":"max-snippet:-1","max-image-preview":"max-image-preview:large","max-video-preview":"max-video-preview:-1"},"canonical":"https:\/\/rapasol.cz\/en\/services\/","og_locale":"en_US","og_type":"article","og_title":"Services - RAPASOL CZ, s. r. o.","og_url":"https:\/\/rapasol.cz\/en\/services\/","og_site_name":"RAPASOL CZ, s. r. o.","article_publisher":"https:\/\/www.facebook.com\/rapasol.cz","article_modified_time":"2024-03-13T10:56:08+00:00","twitter_card":"summary_large_image","twitter_misc":{"Est. reading time":"16 minutes"},"schema":{"@context":"https:\/\/schema.org","@graph":[{"@type":"WebPage","@id":"https:\/\/rapasol.cz\/en\/services\/","url":"https:\/\/rapasol.cz\/en\/services\/","name":"Services - RAPASOL CZ, s. r. o.","isPartOf":{"@id":"https:\/\/rapasol.cz\/en\/#website"},"datePublished":"2024-03-12T09:58:24+00:00","dateModified":"2024-03-13T10:56:08+00:00","breadcrumb":{"@id":"https:\/\/rapasol.cz\/en\/services\/#breadcrumb"},"inLanguage":"en-US","potentialAction":[{"@type":"ReadAction","target":["https:\/\/rapasol.cz\/en\/services\/"]}]},{"@type":"BreadcrumbList","@id":"https:\/\/rapasol.cz\/en\/services\/#breadcrumb","itemListElement":[{"@type":"ListItem","position":1,"name":"Home","item":"https:\/\/rapasol.cz\/en\/"},{"@type":"ListItem","position":2,"name":"Services"}]},{"@type":"WebSite","@id":"https:\/\/rapasol.cz\/en\/#website","url":"https:\/\/rapasol.cz\/en\/","name":"RAPASOL CZ, s. r. o.","description":"Specializujeme se na zprost\u0159edkov\u00e1n\u00ed zam\u011bstn\u00e1n\u00ed do pr\u016fmyslov\u00fdch odv\u011btv\u00ed, zejm\u00e9na do v\u00fdrobn\u00edch a distribu\u010dn\u00edch spole\u010dnost\u00ed.","potentialAction":[{"@type":"SearchAction","target":{"@type":"EntryPoint","urlTemplate":"https:\/\/rapasol.cz\/en\/?s={search_term_string}"},"query-input":{"@type":"PropertyValueSpecification","valueRequired":true,"valueName":"search_term_string"}}],"inLanguage":"en-US"}]}},"_links":{"self":[{"href":"https:\/\/rapasol.cz\/en\/wp-json\/wp\/v2\/pages\/1031","targetHints":{"allow":["GET"]}}],"collection":[{"href":"https:\/\/rapasol.cz\/en\/wp-json\/wp\/v2\/pages"}],"about":[{"href":"https:\/\/rapasol.cz\/en\/wp-json\/wp\/v2\/types\/page"}],"author":[{"embeddable":true,"href":"https:\/\/rapasol.cz\/en\/wp-json\/wp\/v2\/users\/2"}],"replies":[{"embeddable":true,"href":"https:\/\/rapasol.cz\/en\/wp-json\/wp\/v2\/comments?post=1031"}],"version-history":[{"count":8,"href":"https:\/\/rapasol.cz\/en\/wp-json\/wp\/v2\/pages\/1031\/revisions"}],"predecessor-version":[{"id":1090,"href":"https:\/\/rapasol.cz\/en\/wp-json\/wp\/v2\/pages\/1031\/revisions\/1090"}],"wp:attachment":[{"href":"https:\/\/rapasol.cz\/en\/wp-json\/wp\/v2\/media?parent=1031"}],"curies":[{"name":"wp","href":"https:\/\/api.w.org\/{rel}","templated":true}]}}