{"id":1410,"date":"2024-03-21T12:47:10","date_gmt":"2024-03-21T11:47:10","guid":{"rendered":"https:\/\/rapasol.cz\/dienstleistungen\/leiharbeit\/"},"modified":"2024-03-21T12:47:10","modified_gmt":"2024-03-21T11:47:10","slug":"leiharbeit","status":"publish","type":"page","link":"https:\/\/rapasol.cz\/de\/dienstleistungen\/leiharbeit\/","title":{"rendered":"Leiharbeit"},"content":{"rendered":"<div class=\"fusion-fullwidth fullwidth-box fusion-builder-row-1 fusion-flex-container has-pattern-background has-mask-background nonhundred-percent-fullwidth non-hundred-percent-height-scrolling\" style=\"--awb-border-radius-top-left:0px;--awb-border-radius-top-right:0px;--awb-border-radius-bottom-right:0px;--awb-border-radius-bottom-left:0px;\" ><div class=\"fusion-builder-row fusion-row fusion-flex-align-items-flex-start fusion-flex-justify-content-space-between\" style=\"max-width:1414.4px;margin-left: calc(-4% \/ 2 );margin-right: calc(-4% \/ 2 );\"><div class=\"fusion-layout-column fusion_builder_column fusion-builder-column-0 fusion_builder_column_1_2 1_2 fusion-flex-column\" style=\"--awb-bg-size:cover;--awb-width-large:50%;--awb-spacing-right-large:3.84%;--awb-spacing-left-large:3.84%;--awb-width-medium:50%;--awb-order-medium:0;--awb-spacing-right-medium:3.84%;--awb-spacing-left-medium:3.84%;--awb-width-small:100%;--awb-order-small:0;--awb-spacing-right-small:1.92%;--awb-spacing-left-small:1.92%;\"><div class=\"fusion-column-wrapper fusion-column-has-shadow fusion-flex-justify-content-flex-start fusion-content-layout-column\"><div class=\"fusion-text fusion-text-1\"><p>Die Leiharbeit ist auf die <strong>Vermittlung von Arbeitnehmern in Bereichen mit industriellem Bedarf spezialisiert<\/strong>, insbesondere in der <strong>Produktions-<\/strong> und <strong>Verarbeitungsindustrie<\/strong> (z. B. Automotive, Maschinenbau, Kunststoffe, Lebensmittelverarbeitung, Bauwesen und Elektroindustrie).  Der Dienst sichert eine ausreichende Anzahl an qualifizierten Arbeitskr\u00e4ften und hilft, vor\u00fcbergehende Schwankungen im Falle eines pl\u00f6tzlichen Arbeitskr\u00e4ftemangels in einem bestimmten Unternehmen zu vermeiden. Wir bieten unseren Kunden volle Unterst\u00fctzung, damit die zugewiesenen Mitarbeiter in der Lage sind, ihre Aufgaben zu erf\u00fcllen und die fehlenden Arbeitskr\u00e4fte vor\u00fcbergehend zu ersetzen. Wir w\u00e4hlen unsere Mitarbeiter sorgf\u00e4ltig aus, und dies ist neben unserem pers\u00f6nlichen Ansatz ein Faktor, der uns von der Konkurrenz unterscheidet. Unsere Mitarbeiter sind Menschen aus Europa, Asien sowie aus anderen Drittl\u00e4ndern. Unser Hauptziel ist es, den reibungslosen Betrieb und die Produktion unserer Kunden zu sichern.<\/p>\n<\/div><\/div><\/div><div class=\"fusion-layout-column fusion_builder_column fusion-builder-column-1 fusion_builder_column_1_2 1_2 fusion-flex-column fusion-animated\" style=\"--awb-bg-size:cover;--awb-transition:filter 300ms linear, transform 300ms linear;--awb-width-large:50%;--awb-spacing-right-large:3.84%;--awb-spacing-left-large:3.84%;--awb-width-medium:50%;--awb-order-medium:0;--awb-spacing-right-medium:3.84%;--awb-spacing-left-medium:3.84%;--awb-width-small:100%;--awb-order-small:0;--awb-spacing-right-small:1.92%;--awb-spacing-left-small:1.92%;\" data-animationType=\"fadeInUp\" data-animationDuration=\"0.5\" data-animationOffset=\"top-into-view\"><div class=\"fusion-column-wrapper fusion-column-has-shadow fusion-flex-justify-content-flex-start fusion-content-layout-column\"><div class=\"fusion-image-element \"><span class=\" fusion-imageframe imageframe-none imageframe-1 hover-type-none\"><img decoding=\"async\" width=\"1000\" height=\"424\" title=\"Agenturn\u00ed zam\u011bstn\u00e1v\u00e1n\u00ed (1)\" src=\"https:\/\/rapasol.cz\/wp-content\/uploads\/2023\/11\/Agenturni-zamestnavani-1.jpg\" data-orig-src=\"https:\/\/rapasol.cz\/wp-content\/uploads\/2023\/11\/Agenturni-zamestnavani-1.jpg\" alt class=\"lazyload img-responsive wp-image-585\" srcset=\"data:image\/svg+xml,%3Csvg%20xmlns%3D%27http%3A%2F%2Fwww.w3.org%2F2000%2Fsvg%27%20width%3D%271000%27%20height%3D%27424%27%20viewBox%3D%270%200%201000%20424%27%3E%3Crect%20width%3D%271000%27%20height%3D%27424%27%20fill-opacity%3D%220%22%2F%3E%3C%2Fsvg%3E\" data-srcset=\"https:\/\/rapasol.cz\/wp-content\/uploads\/2023\/11\/Agenturni-zamestnavani-1-200x85.jpg 200w, https:\/\/rapasol.cz\/wp-content\/uploads\/2023\/11\/Agenturni-zamestnavani-1-400x170.jpg 400w, https:\/\/rapasol.cz\/wp-content\/uploads\/2023\/11\/Agenturni-zamestnavani-1-600x254.jpg 600w, https:\/\/rapasol.cz\/wp-content\/uploads\/2023\/11\/Agenturni-zamestnavani-1-800x339.jpg 800w, https:\/\/rapasol.cz\/wp-content\/uploads\/2023\/11\/Agenturni-zamestnavani-1.jpg 1000w\" data-sizes=\"auto\" data-orig-sizes=\"(max-width: 640px) 100vw, 800px\" \/><\/span><\/div><\/div><\/div><\/div><\/div>\n","protected":false},"excerpt":{"rendered":"","protected":false},"author":2,"featured_media":0,"parent":1404,"menu_order":0,"comment_status":"closed","ping_status":"closed","template":"100-width.php","meta":{"footnotes":""},"class_list":["post-1410","page","type-page","status-publish","hentry"],"acf":[],"yoast_head":"<!-- This site is optimized with the Yoast SEO plugin v27.3 - https:\/\/yoast.com\/product\/yoast-seo-wordpress\/ -->\n<title>Leiharbeit - RAPASOL CZ, s. r. o.<\/title>\n<meta name=\"robots\" content=\"index, follow, max-snippet:-1, max-image-preview:large, max-video-preview:-1\" \/>\n<link rel=\"canonical\" href=\"https:\/\/rapasol.cz\/de\/dienstleistungen\/leiharbeit\/\" \/>\n<meta property=\"og:locale\" content=\"de_DE\" \/>\n<meta property=\"og:type\" content=\"article\" \/>\n<meta property=\"og:title\" content=\"Leiharbeit - RAPASOL CZ, s. r. o.\" \/>\n<meta property=\"og:url\" content=\"https:\/\/rapasol.cz\/de\/dienstleistungen\/leiharbeit\/\" \/>\n<meta property=\"og:site_name\" content=\"RAPASOL CZ, s. r. o.\" \/>\n<meta property=\"article:publisher\" content=\"https:\/\/www.facebook.com\/rapasol.cz\" \/>\n<meta name=\"twitter:card\" content=\"summary_large_image\" \/>\n<meta name=\"twitter:label1\" content=\"Gesch\u00e4tzte Lesezeit\" \/>\n\t<meta name=\"twitter:data1\" content=\"6\u00a0Minuten\" \/>\n<script type=\"application\/ld+json\" class=\"yoast-schema-graph\">{\"@context\":\"https:\\\/\\\/schema.org\",\"@graph\":[{\"@type\":\"WebPage\",\"@id\":\"https:\\\/\\\/rapasol.cz\\\/de\\\/dienstleistungen\\\/leiharbeit\\\/\",\"url\":\"https:\\\/\\\/rapasol.cz\\\/de\\\/dienstleistungen\\\/leiharbeit\\\/\",\"name\":\"Leiharbeit - RAPASOL CZ, s. r. o.\",\"isPartOf\":{\"@id\":\"https:\\\/\\\/rapasol.cz\\\/de\\\/#website\"},\"datePublished\":\"2024-03-21T11:47:10+00:00\",\"breadcrumb\":{\"@id\":\"https:\\\/\\\/rapasol.cz\\\/de\\\/dienstleistungen\\\/leiharbeit\\\/#breadcrumb\"},\"inLanguage\":\"de\",\"potentialAction\":[{\"@type\":\"ReadAction\",\"target\":[\"https:\\\/\\\/rapasol.cz\\\/de\\\/dienstleistungen\\\/leiharbeit\\\/\"]}]},{\"@type\":\"BreadcrumbList\",\"@id\":\"https:\\\/\\\/rapasol.cz\\\/de\\\/dienstleistungen\\\/leiharbeit\\\/#breadcrumb\",\"itemListElement\":[{\"@type\":\"ListItem\",\"position\":1,\"name\":\"Heim\",\"item\":\"https:\\\/\\\/rapasol.cz\\\/de\\\/zkusebni-stranka\\\/\"},{\"@type\":\"ListItem\",\"position\":2,\"name\":\"Dienste\",\"item\":\"https:\\\/\\\/rapasol.cz\\\/de\\\/dienstleistungen\\\/\"},{\"@type\":\"ListItem\",\"position\":3,\"name\":\"Leiharbeit\"}]},{\"@type\":\"WebSite\",\"@id\":\"https:\\\/\\\/rapasol.cz\\\/de\\\/#website\",\"url\":\"https:\\\/\\\/rapasol.cz\\\/de\\\/\",\"name\":\"RAPASOL CZ, s. r. o.\",\"description\":\"Specializujeme se na zprost\u0159edkov\u00e1n\u00ed zam\u011bstn\u00e1n\u00ed do pr\u016fmyslov\u00fdch odv\u011btv\u00ed, zejm\u00e9na do v\u00fdrobn\u00edch a distribu\u010dn\u00edch spole\u010dnost\u00ed.\",\"potentialAction\":[{\"@type\":\"SearchAction\",\"target\":{\"@type\":\"EntryPoint\",\"urlTemplate\":\"https:\\\/\\\/rapasol.cz\\\/de\\\/?s={search_term_string}\"},\"query-input\":{\"@type\":\"PropertyValueSpecification\",\"valueRequired\":true,\"valueName\":\"search_term_string\"}}],\"inLanguage\":\"de\"}]}<\/script>\n<!-- \/ Yoast SEO plugin. -->","yoast_head_json":{"title":"Leiharbeit - RAPASOL CZ, s. r. o.","robots":{"index":"index","follow":"follow","max-snippet":"max-snippet:-1","max-image-preview":"max-image-preview:large","max-video-preview":"max-video-preview:-1"},"canonical":"https:\/\/rapasol.cz\/de\/dienstleistungen\/leiharbeit\/","og_locale":"de_DE","og_type":"article","og_title":"Leiharbeit - RAPASOL CZ, s. r. o.","og_url":"https:\/\/rapasol.cz\/de\/dienstleistungen\/leiharbeit\/","og_site_name":"RAPASOL CZ, s. r. o.","article_publisher":"https:\/\/www.facebook.com\/rapasol.cz","twitter_card":"summary_large_image","twitter_misc":{"Gesch\u00e4tzte Lesezeit":"6\u00a0Minuten"},"schema":{"@context":"https:\/\/schema.org","@graph":[{"@type":"WebPage","@id":"https:\/\/rapasol.cz\/de\/dienstleistungen\/leiharbeit\/","url":"https:\/\/rapasol.cz\/de\/dienstleistungen\/leiharbeit\/","name":"Leiharbeit - RAPASOL CZ, s. r. o.","isPartOf":{"@id":"https:\/\/rapasol.cz\/de\/#website"},"datePublished":"2024-03-21T11:47:10+00:00","breadcrumb":{"@id":"https:\/\/rapasol.cz\/de\/dienstleistungen\/leiharbeit\/#breadcrumb"},"inLanguage":"de","potentialAction":[{"@type":"ReadAction","target":["https:\/\/rapasol.cz\/de\/dienstleistungen\/leiharbeit\/"]}]},{"@type":"BreadcrumbList","@id":"https:\/\/rapasol.cz\/de\/dienstleistungen\/leiharbeit\/#breadcrumb","itemListElement":[{"@type":"ListItem","position":1,"name":"Heim","item":"https:\/\/rapasol.cz\/de\/zkusebni-stranka\/"},{"@type":"ListItem","position":2,"name":"Dienste","item":"https:\/\/rapasol.cz\/de\/dienstleistungen\/"},{"@type":"ListItem","position":3,"name":"Leiharbeit"}]},{"@type":"WebSite","@id":"https:\/\/rapasol.cz\/de\/#website","url":"https:\/\/rapasol.cz\/de\/","name":"RAPASOL CZ, s. r. o.","description":"Specializujeme se na zprost\u0159edkov\u00e1n\u00ed zam\u011bstn\u00e1n\u00ed do pr\u016fmyslov\u00fdch odv\u011btv\u00ed, zejm\u00e9na do v\u00fdrobn\u00edch a distribu\u010dn\u00edch spole\u010dnost\u00ed.","potentialAction":[{"@type":"SearchAction","target":{"@type":"EntryPoint","urlTemplate":"https:\/\/rapasol.cz\/de\/?s={search_term_string}"},"query-input":{"@type":"PropertyValueSpecification","valueRequired":true,"valueName":"search_term_string"}}],"inLanguage":"de"}]}},"_links":{"self":[{"href":"https:\/\/rapasol.cz\/de\/wp-json\/wp\/v2\/pages\/1410","targetHints":{"allow":["GET"]}}],"collection":[{"href":"https:\/\/rapasol.cz\/de\/wp-json\/wp\/v2\/pages"}],"about":[{"href":"https:\/\/rapasol.cz\/de\/wp-json\/wp\/v2\/types\/page"}],"author":[{"embeddable":true,"href":"https:\/\/rapasol.cz\/de\/wp-json\/wp\/v2\/users\/2"}],"replies":[{"embeddable":true,"href":"https:\/\/rapasol.cz\/de\/wp-json\/wp\/v2\/comments?post=1410"}],"version-history":[{"count":2,"href":"https:\/\/rapasol.cz\/de\/wp-json\/wp\/v2\/pages\/1410\/revisions"}],"predecessor-version":[{"id":1412,"href":"https:\/\/rapasol.cz\/de\/wp-json\/wp\/v2\/pages\/1410\/revisions\/1412"}],"up":[{"embeddable":true,"href":"https:\/\/rapasol.cz\/de\/wp-json\/wp\/v2\/pages\/1404"}],"wp:attachment":[{"href":"https:\/\/rapasol.cz\/de\/wp-json\/wp\/v2\/media?parent=1410"}],"curies":[{"name":"wp","href":"https:\/\/api.w.org\/{rel}","templated":true}]}}